{"id":3348,"date":"2023-09-26T10:48:09","date_gmt":"2023-09-26T09:48:09","guid":{"rendered":"https:\/\/ljdesign.rs\/?post_type=product&#038;p=3348"},"modified":"2025-01-14T14:43:21","modified_gmt":"2025-01-14T13:43:21","slug":"praskozorje-planner","status":"publish","type":"product","link":"https:\/\/ljdesign.rs\/sr\/\u043f\u0440\u043e\u0438\u0437\u0432\u043e\u0434\/praskozorje-planner\/","title":{"rendered":"Praskozorje planer"},"content":{"rendered":"<p>Planer Praskozorje je napravljen u kompakt formi \"za poneti\", sa dimenzijom stranice 23x15cm i 63 lista zajedno sa koricama i me\u0111ulistovima. Odeljci su: nedeljni i mese\u010dni planer, spiskovi, bele\u0161ke i \u017evrlje. Svaki me\u0111ulist dekorisan je stikerima i inspirativnim porukama. Slavimo nove po\u010detke. \u0160to je praskozorje danu, nek ovaj planer bude tvom planu.<\/p>","protected":false},"excerpt":{"rendered":"<p>&nbsp;<\/p>\n<p>Novi dizajn planera u kompakt dimenziji \"za poneti\" - 23x15cm i 63 lista zajedno sa koricama i me\u0111ulistovima.<\/p>","protected":false},"featured_media":3349,"template":"","meta":{"site-sidebar-layout":"default","site-content-layout":"","ast-site-content-layout":"default","site-content-style":"default","site-sidebar-style":"default","ast-global-header-display":"","ast-banner-title-visibility":"","ast-main-header-display":"","ast-hfb-above-header-display":"","ast-hfb-below-header-display":"","ast-hfb-mobile-header-display":"","site-post-title":"","ast-breadcrumbs-content":"","ast-featured-img":"","footer-sml-layout":"","ast-disable-related-posts":"","theme-transparent-header-meta":"default","adv-header-id-meta":"","stick-header-meta":"","header-above-stick-meta":"","header-main-stick-meta":"","header-below-stick-meta":"","astra-migrate-meta-layouts":"set","ast-page-background-enabled":"default","ast-page-background-meta":{"desktop":{"background-color":"var(--ast-global-color-4)","background-image":"","background-repeat":"repeat","background-position":"center center","background-size":"auto","background-attachment":"scroll","background-type":"","background-media":"","overlay-type":"","overlay-color":"","overlay-opacity":"","overlay-gradient":""},"tablet":{"background-color":"","background-image":"","background-repeat":"repeat","background-position":"center center","background-size":"auto","background-attachment":"scroll","background-type":"","background-media":"","overlay-type":"","overlay-color":"","overlay-opacity":"","overlay-gradient":""},"mobile":{"background-color":"","background-image":"","background-repeat":"repeat","background-position":"center center","background-size":"auto","background-attachment":"scroll","background-type":"","background-media":"","overlay-type":"","overlay-color":"","overlay-opacity":"","overlay-gradient":""}},"ast-content-background-meta":{"desktop":{"background-color":"var(--ast-global-color-5)","background-image":"","background-repeat":"repeat","background-position":"center center","background-size":"auto","background-attachment":"scroll","background-type":"","background-media":"","overlay-type":"","overlay-color":"","overlay-opacity":"","overlay-gradient":""},"tablet":{"background-color":"var(--ast-global-color-5)","background-image":"","background-repeat":"repeat","background-position":"center center","background-size":"auto","background-attachment":"scroll","background-type":"","background-media":"","overlay-type":"","overlay-color":"","overlay-opacity":"","overlay-gradient":""},"mobile":{"background-color":"var(--ast-global-color-5)","background-image":"","background-repeat":"repeat","background-position":"center center","background-size":"auto","background-attachment":"scroll","background-type":"","background-media":"","overlay-type":"","overlay-color":"","overlay-opacity":"","overlay-gradient":""}}},"product_brand":[],"product_cat":[34],"product_tag":[29],"class_list":{"0":"post-3348","1":"product","2":"type-product","3":"status-publish","4":"has-post-thumbnail","6":"product_cat-planner","7":"product_tag-planner","8":"desktop-align-center","9":"tablet-align-left","10":"mobile-align-left","12":"first","13":"outofstock","14":"shipping-taxable","15":"purchasable","16":"product-type-simple"},"_links":{"self":[{"href":"https:\/\/ljdesign.rs\/sr\/wp-json\/wp\/v2\/product\/3348","targetHints":{"allow":["GET"]}}],"collection":[{"href":"https:\/\/ljdesign.rs\/sr\/wp-json\/wp\/v2\/product"}],"about":[{"href":"https:\/\/ljdesign.rs\/sr\/wp-json\/wp\/v2\/types\/product"}],"version-history":[{"count":8,"href":"https:\/\/ljdesign.rs\/sr\/wp-json\/wp\/v2\/product\/3348\/revisions"}],"predecessor-version":[{"id":3365,"href":"https:\/\/ljdesign.rs\/sr\/wp-json\/wp\/v2\/product\/3348\/revisions\/3365"}],"wp:featuredmedia":[{"embeddable":true,"href":"https:\/\/ljdesign.rs\/sr\/wp-json\/wp\/v2\/media\/3349"}],"wp:attachment":[{"href":"https:\/\/ljdesign.rs\/sr\/wp-json\/wp\/v2\/media?parent=3348"}],"wp:term":[{"taxonomy":"product_brand","embeddable":true,"href":"https:\/\/ljdesign.rs\/sr\/wp-json\/wp\/v2\/product_brand?post=3348"},{"taxonomy":"product_cat","embeddable":true,"href":"https:\/\/ljdesign.rs\/sr\/wp-json\/wp\/v2\/product_cat?post=3348"},{"taxonomy":"product_tag","embeddable":true,"href":"https:\/\/ljdesign.rs\/sr\/wp-json\/wp\/v2\/product_tag?post=3348"}],"curies":[{"name":"wp","href":"https:\/\/api.w.org\/{rel}","templated":true}]}}