{"id":4863,"date":"2026-02-19T13:27:26","date_gmt":"2026-02-19T12:27:26","guid":{"rendered":"https:\/\/ljdesign.rs\/?page_id=4863"},"modified":"2026-02-19T13:32:13","modified_gmt":"2026-02-19T12:32:13","slug":"vukov-bozicni-kutak","status":"publish","type":"page","link":"https:\/\/ljdesign.rs\/sr\/vukov-bozicni-kutak\/","title":{"rendered":"Vukov bo\u017ei\u0107ni kutak"},"content":{"rendered":"<div data-elementor-type=\"wp-page\" data-elementor-id=\"4863\" class=\"elementor elementor-4863\" data-elementor-post-type=\"page\">\n\t\t\t\t\t\t<section class=\"elementor-section elementor-top-section elementor-element elementor-element-7e8f925 elementor-section-full_width elementor-section-height-default elementor-section-height-default\" data-id=\"7e8f925\" data-element_type=\"section\" data-e-type=\"section\">\n\t\t\t\t\t\t<div class=\"elementor-container elementor-column-gap-no\">\n\t\t\t\t\t<div class=\"elementor-column elementor-col-100 elementor-top-column elementor-element elementor-element-39fa1f1\" data-id=\"39fa1f1\" data-element_type=\"column\" data-e-type=\"column\">\n\t\t\t<div class=\"elementor-widget-wrap elementor-element-populated\">\n\t\t\t\t\t\t<div class=\"elementor-element elementor-element-a5c7cc8 elementor-widget elementor-widget-image\" data-id=\"a5c7cc8\" data-element_type=\"widget\" data-e-type=\"widget\" data-widget_type=\"image.default\">\n\t\t\t\t<div class=\"elementor-widget-container\">\n\t\t\t\t\t\t\t\t\t\t\t\t\t\t\t<img fetchpriority=\"high\" decoding=\"async\" width=\"1920\" height=\"1080\" src=\"https:\/\/ljdesign.rs\/wp-content\/uploads\/2026\/02\/VCCC-thumb-2.jpg\" class=\"attachment-full size-full wp-image-4804\" alt=\"vukov bozicni kutak 01\" srcset=\"https:\/\/ljdesign.rs\/wp-content\/uploads\/2026\/02\/VCCC-thumb-2.jpg 1920w, https:\/\/ljdesign.rs\/wp-content\/uploads\/2026\/02\/VCCC-thumb-2-300x169.jpg 300w, https:\/\/ljdesign.rs\/wp-content\/uploads\/2026\/02\/VCCC-thumb-2-1024x576.jpg 1024w, https:\/\/ljdesign.rs\/wp-content\/uploads\/2026\/02\/VCCC-thumb-2-768x432.jpg 768w, https:\/\/ljdesign.rs\/wp-content\/uploads\/2026\/02\/VCCC-thumb-2-1536x864.jpg 1536w, https:\/\/ljdesign.rs\/wp-content\/uploads\/2026\/02\/VCCC-thumb-2-18x10.jpg 18w, https:\/\/ljdesign.rs\/wp-content\/uploads\/2026\/02\/VCCC-thumb-2-600x338.jpg 600w\" sizes=\"(max-width: 1920px) 100vw, 1920px\" \/>\t\t\t\t\t\t\t\t\t\t\t\t\t\t\t<\/div>\n\t\t\t\t<\/div>\n\t\t\t\t\t<\/div>\n\t\t<\/div>\n\t\t\t\t\t<\/div>\n\t\t<\/section>\n\t\t\t\t<section class=\"elementor-section elementor-top-section elementor-element elementor-element-2019eda elementor-section-boxed elementor-section-height-default elementor-section-height-default\" data-id=\"2019eda\" data-element_type=\"section\" data-e-type=\"section\">\n\t\t\t\t\t\t<div class=\"elementor-container elementor-column-gap-default\">\n\t\t\t\t\t<div class=\"elementor-column elementor-col-100 elementor-top-column elementor-element elementor-element-895229d\" data-id=\"895229d\" data-element_type=\"column\" data-e-type=\"column\">\n\t\t\t<div class=\"elementor-widget-wrap elementor-element-populated\">\n\t\t\t\t\t\t<div class=\"elementor-element elementor-element-5bcedc9 elementor-widget elementor-widget-heading\" data-id=\"5bcedc9\" data-element_type=\"widget\" data-e-type=\"widget\" data-widget_type=\"heading.default\">\n\t\t\t\t<div class=\"elementor-widget-container\">\n\t\t\t\t\t<h2 class=\"elementor-heading-title elementor-size-default\">Vukov bo\u017ei\u0107ni kutak<\/h2>\t\t\t\t<\/div>\n\t\t\t\t<\/div>\n\t\t\t\t\t<\/div>\n\t\t<\/div>\n\t\t\t\t\t<\/div>\n\t\t<\/section>\n\t\t\t\t<section class=\"elementor-section elementor-top-section elementor-element elementor-element-ed839a9 elementor-section-boxed elementor-section-height-default elementor-section-height-default\" data-id=\"ed839a9\" data-element_type=\"section\" data-e-type=\"section\">\n\t\t\t\t\t\t<div class=\"elementor-container elementor-column-gap-default\">\n\t\t\t\t\t<div class=\"elementor-column elementor-col-100 elementor-top-column elementor-element elementor-element-8ba050e\" data-id=\"8ba050e\" data-element_type=\"column\" data-e-type=\"column\">\n\t\t\t<div class=\"elementor-widget-wrap elementor-element-populated\">\n\t\t\t\t\t\t<div class=\"elementor-element elementor-element-85b6c8d elementor-widget elementor-widget-text-editor\" data-id=\"85b6c8d\" data-element_type=\"widget\" data-e-type=\"widget\" data-widget_type=\"text-editor.default\">\n\t\t\t\t<div class=\"elementor-widget-container\">\n\t\t\t\t\t\t\t\t\t<p>redizajn vizuelnog identiteta i brendiranje<\/p><p>\u00a0<\/p><p>Sa velikim zadovoljstvom predstavljam logo i vizuelni identitet koji sam kreirala u saradnji sa Vukom Tomi\u0107em za naj\u010darobnije mesto u gradu, njegovu radnju sa novogodi\u0161njim ukrasima u sklopu koje se nalazi i kafe. Vukov bo\u017ei\u0107ni kutak, sada ve\u0107 petu sezonu sa nama, je porastao i dobio novo ruho, elegantnije, zrelije, prefinjenije, skupocenije, kako mu sada i dolikuje.<br \/><br \/>Logo je po svojoj strukturi amblem koji se sastoji iz venca sa istaknutom zvezdom Severnja\u010dom, lente koja ga obavija i tipografije uokvirene u centralnom delu venca i lente. Osnovni prikaz logoa ima primenjen 3D efekat sa materijalizacijom zlata. Ukoliko postoji potreba za kori\u0161\u0107enjem logoa u malim dimenzijama koristi se samo zvezda Severnja\u010da kao znak u jednoj od 4 mogu\u0107e varijante.<\/p>\t\t\t\t\t\t\t\t<\/div>\n\t\t\t\t<\/div>\n\t\t\t\t\t<\/div>\n\t\t<\/div>\n\t\t\t\t\t<\/div>\n\t\t<\/section>\n\t\t\t\t<section class=\"elementor-section elementor-top-section elementor-element elementor-element-222e58d elementor-section-full_width elementor-section-height-default elementor-section-height-default\" data-id=\"222e58d\" data-element_type=\"section\" data-e-type=\"section\">\n\t\t\t\t\t\t<div class=\"elementor-container elementor-column-gap-no\">\n\t\t\t\t\t<div class=\"elementor-column elementor-col-100 elementor-top-column elementor-element elementor-element-bec9a91\" data-id=\"bec9a91\" data-element_type=\"column\" data-e-type=\"column\">\n\t\t\t<div class=\"elementor-widget-wrap elementor-element-populated\">\n\t\t\t\t\t\t<div class=\"elementor-element elementor-element-14ebb42 elementor-widget elementor-widget-image\" data-id=\"14ebb42\" data-element_type=\"widget\" data-e-type=\"widget\" data-widget_type=\"image.default\">\n\t\t\t\t<div class=\"elementor-widget-container\">\n\t\t\t\t\t\t\t\t\t\t\t\t\t\t\t<img decoding=\"async\" width=\"1920\" height=\"490\" src=\"https:\/\/ljdesign.rs\/wp-content\/uploads\/2026\/02\/VCCC-02.png\" class=\"attachment-full size-full wp-image-4865\" alt=\"vukov bo\u017ei\u0107ni kutak 04\" srcset=\"https:\/\/ljdesign.rs\/wp-content\/uploads\/2026\/02\/VCCC-02.png 1920w, https:\/\/ljdesign.rs\/wp-content\/uploads\/2026\/02\/VCCC-02-300x77.png 300w, https:\/\/ljdesign.rs\/wp-content\/uploads\/2026\/02\/VCCC-02-1024x261.png 1024w, https:\/\/ljdesign.rs\/wp-content\/uploads\/2026\/02\/VCCC-02-768x196.png 768w, https:\/\/ljdesign.rs\/wp-content\/uploads\/2026\/02\/VCCC-02-1536x392.png 1536w, https:\/\/ljdesign.rs\/wp-content\/uploads\/2026\/02\/VCCC-02-18x5.png 18w, https:\/\/ljdesign.rs\/wp-content\/uploads\/2026\/02\/VCCC-02-600x153.png 600w\" sizes=\"(max-width: 1920px) 100vw, 1920px\" \/>\t\t\t\t\t\t\t\t\t\t\t\t\t\t\t<\/div>\n\t\t\t\t<\/div>\n\t\t\t\t\t<\/div>\n\t\t<\/div>\n\t\t\t\t\t<\/div>\n\t\t<\/section>\n\t\t\t\t<section class=\"elementor-section elementor-top-section elementor-element elementor-element-e4b0479 elementor-section-full_width elementor-section-height-default elementor-section-height-default\" data-id=\"e4b0479\" data-element_type=\"section\" data-e-type=\"section\">\n\t\t\t\t\t\t<div class=\"elementor-container elementor-column-gap-no\">\n\t\t\t\t\t<div class=\"elementor-column elementor-col-100 elementor-top-column elementor-element elementor-element-aa55964\" data-id=\"aa55964\" data-element_type=\"column\" data-e-type=\"column\">\n\t\t\t<div class=\"elementor-widget-wrap elementor-element-populated\">\n\t\t\t\t\t\t<div class=\"elementor-element elementor-element-f8fcf3d elementor-widget elementor-widget-image\" data-id=\"f8fcf3d\" data-element_type=\"widget\" data-e-type=\"widget\" data-widget_type=\"image.default\">\n\t\t\t\t<div class=\"elementor-widget-container\">\n\t\t\t\t\t\t\t\t\t\t\t\t\t\t\t<img decoding=\"async\" width=\"1921\" height=\"1081\" src=\"https:\/\/ljdesign.rs\/wp-content\/uploads\/2026\/02\/Artboard-5-copy-2.jpg\" class=\"attachment-full size-full wp-image-4866\" alt=\"vukov bo\u017ei\u0107ni kutak 03\" srcset=\"https:\/\/ljdesign.rs\/wp-content\/uploads\/2026\/02\/Artboard-5-copy-2.jpg 1921w, https:\/\/ljdesign.rs\/wp-content\/uploads\/2026\/02\/Artboard-5-copy-2-300x169.jpg 300w, https:\/\/ljdesign.rs\/wp-content\/uploads\/2026\/02\/Artboard-5-copy-2-1024x576.jpg 1024w, https:\/\/ljdesign.rs\/wp-content\/uploads\/2026\/02\/Artboard-5-copy-2-768x432.jpg 768w, https:\/\/ljdesign.rs\/wp-content\/uploads\/2026\/02\/Artboard-5-copy-2-1536x864.jpg 1536w, https:\/\/ljdesign.rs\/wp-content\/uploads\/2026\/02\/Artboard-5-copy-2-18x10.jpg 18w, https:\/\/ljdesign.rs\/wp-content\/uploads\/2026\/02\/Artboard-5-copy-2-600x338.jpg 600w\" sizes=\"(max-width: 1921px) 100vw, 1921px\" \/>\t\t\t\t\t\t\t\t\t\t\t\t\t\t\t<\/div>\n\t\t\t\t<\/div>\n\t\t\t\t\t<\/div>\n\t\t<\/div>\n\t\t\t\t\t<\/div>\n\t\t<\/section>\n\t\t\t\t<section class=\"elementor-section elementor-top-section elementor-element elementor-element-019f51d elementor-section-boxed elementor-section-height-default elementor-section-height-default\" data-id=\"019f51d\" data-element_type=\"section\" data-e-type=\"section\">\n\t\t\t\t\t\t<div class=\"elementor-container elementor-column-gap-default\">\n\t\t\t\t\t<div class=\"elementor-column elementor-col-100 elementor-top-column elementor-element elementor-element-24afa1f\" data-id=\"24afa1f\" data-element_type=\"column\" data-e-type=\"column\">\n\t\t\t<div class=\"elementor-widget-wrap elementor-element-populated\">\n\t\t\t\t\t\t<div class=\"elementor-element elementor-element-926abaa elementor-widget elementor-widget-text-editor\" data-id=\"926abaa\" data-element_type=\"widget\" data-e-type=\"widget\" data-widget_type=\"text-editor.default\">\n\t\t\t\t<div class=\"elementor-widget-container\">\n\t\t\t\t\t\t\t\t\t<p>Sjaj zvezda vidimo samo kad padne mrak, zato je odabrana pozadinska boja za svetlucanje zlatnih zvezdica i vijuga Kutka upravo teget, kao boja no\u0107nog neba. Kao dopunske boje koriste se i nezaobilazni tonovi novogodi\u0161njih praznika &#8211; crvena i zelena, u zagasitijim nijansama koje su odmerene, elegantne, i omogu\u0107avaju dobru vidljivost kada se koriste kao podloga za zlatne elemente.<\/p><p>Prazni\u010dni kolorit u kombinaciji sa vijugavim ornamentima i drugim bajkovitim elementima vizuelnog identiteta do\u010darava novogodi\u0161nju magiju. Primenjen je na svim formama brendinga koje su zasijale u novom Vukovom bo\u017ei\u0107nom kutku.<\/p>\t\t\t\t\t\t\t\t<\/div>\n\t\t\t\t<\/div>\n\t\t\t\t\t<\/div>\n\t\t<\/div>\n\t\t\t\t\t<\/div>\n\t\t<\/section>\n\t\t\t\t<section class=\"elementor-section elementor-top-section elementor-element elementor-element-60273a0 elementor-section-full_width elementor-section-height-default elementor-section-height-default\" data-id=\"60273a0\" data-element_type=\"section\" data-e-type=\"section\">\n\t\t\t\t\t\t<div class=\"elementor-container elementor-column-gap-no\">\n\t\t\t\t\t<div class=\"elementor-column elementor-col-100 elementor-top-column elementor-element elementor-element-c7d3de9\" data-id=\"c7d3de9\" data-element_type=\"column\" data-e-type=\"column\">\n\t\t\t<div class=\"elementor-widget-wrap elementor-element-populated\">\n\t\t\t\t\t\t<div class=\"elementor-element elementor-element-4dba234 elementor-widget elementor-widget-image\" data-id=\"4dba234\" data-element_type=\"widget\" data-e-type=\"widget\" data-widget_type=\"image.default\">\n\t\t\t\t<div class=\"elementor-widget-container\">\n\t\t\t\t\t\t\t\t\t\t\t\t\t\t\t<img loading=\"lazy\" decoding=\"async\" width=\"1920\" height=\"1080\" src=\"https:\/\/ljdesign.rs\/wp-content\/uploads\/2026\/02\/VCCC-thumb.jpg\" class=\"attachment-full size-full wp-image-4802\" alt=\"\" srcset=\"https:\/\/ljdesign.rs\/wp-content\/uploads\/2026\/02\/VCCC-thumb.jpg 1920w, https:\/\/ljdesign.rs\/wp-content\/uploads\/2026\/02\/VCCC-thumb-300x169.jpg 300w, https:\/\/ljdesign.rs\/wp-content\/uploads\/2026\/02\/VCCC-thumb-1024x576.jpg 1024w, https:\/\/ljdesign.rs\/wp-content\/uploads\/2026\/02\/VCCC-thumb-768x432.jpg 768w, https:\/\/ljdesign.rs\/wp-content\/uploads\/2026\/02\/VCCC-thumb-1536x864.jpg 1536w, https:\/\/ljdesign.rs\/wp-content\/uploads\/2026\/02\/VCCC-thumb-18x10.jpg 18w, https:\/\/ljdesign.rs\/wp-content\/uploads\/2026\/02\/VCCC-thumb-600x338.jpg 600w\" sizes=\"(max-width: 1920px) 100vw, 1920px\" \/>\t\t\t\t\t\t\t\t\t\t\t\t\t\t\t<\/div>\n\t\t\t\t<\/div>\n\t\t\t\t\t<\/div>\n\t\t<\/div>\n\t\t\t\t\t<\/div>\n\t\t<\/section>\n\t\t\t\t<section class=\"elementor-section elementor-top-section elementor-element elementor-element-c396cbb elementor-section-boxed elementor-section-height-default elementor-section-height-default\" data-id=\"c396cbb\" data-element_type=\"section\" data-e-type=\"section\">\n\t\t\t\t\t\t<div class=\"elementor-container elementor-column-gap-default\">\n\t\t\t\t\t<div class=\"elementor-column elementor-col-100 elementor-top-column elementor-element elementor-element-01a2b62\" data-id=\"01a2b62\" data-element_type=\"column\" data-e-type=\"column\">\n\t\t\t<div class=\"elementor-widget-wrap elementor-element-populated\">\n\t\t\t\t\t\t<div class=\"elementor-element elementor-element-5b6f2f6 elementor-widget elementor-widget-gallery\" data-id=\"5b6f2f6\" data-element_type=\"widget\" data-e-type=\"widget\" data-settings=\"{&quot;columns&quot;:2,&quot;aspect_ratio&quot;:&quot;1:1&quot;,&quot;lazyload&quot;:&quot;yes&quot;,&quot;gallery_layout&quot;:&quot;grid&quot;,&quot;columns_tablet&quot;:2,&quot;columns_mobile&quot;:1,&quot;gap&quot;:{&quot;unit&quot;:&quot;px&quot;,&quot;size&quot;:10,&quot;sizes&quot;:[]},&quot;gap_tablet&quot;:{&quot;unit&quot;:&quot;px&quot;,&quot;size&quot;:10,&quot;sizes&quot;:[]},&quot;gap_mobile&quot;:{&quot;unit&quot;:&quot;px&quot;,&quot;size&quot;:10,&quot;sizes&quot;:[]},&quot;link_to&quot;:&quot;file&quot;,&quot;overlay_background&quot;:&quot;yes&quot;,&quot;content_hover_animation&quot;:&quot;fade-in&quot;}\" data-widget_type=\"gallery.default\">\n\t\t\t\t<div class=\"elementor-widget-container\">\n\t\t\t\t\t\t\t<div class=\"elementor-gallery__container\">\n\t\t\t\t\t\t\t<a class=\"e-gallery-item elementor-gallery-item elementor-animated-content\" href=\"https:\/\/ljdesign.rs\/wp-content\/uploads\/2026\/02\/Artboard-3.jpg\" data-elementor-open-lightbox=\"yes\" data-elementor-lightbox-slideshow=\"5b6f2f6\" data-elementor-lightbox-title=\"Artboard 3\" data-e-action-hash=\"#elementor-action%3Aaction%3Dlightbox%26settings%3DeyJpZCI6NDg2NywidXJsIjoiaHR0cHM6XC9cL2xqZGVzaWduLnJzXC93cC1jb250ZW50XC91cGxvYWRzXC8yMDI2XC8wMlwvQXJ0Ym9hcmQtMy5qcGciLCJzbGlkZXNob3ciOiI1YjZmMmY2In0%3D\">\n\t\t\t\t\t<div class=\"e-gallery-image elementor-gallery-item__image\" data-thumbnail=\"https:\/\/ljdesign.rs\/wp-content\/uploads\/2026\/02\/Artboard-3.jpg\" data-width=\"1081\" data-height=\"1081\" aria-label=\"vukov bo\u017ei\u0107ni kutak 05\" role=\"img\" ><\/div>\n\t\t\t\t\t\t\t\t\t\t\t<div class=\"elementor-gallery-item__overlay\"><\/div>\n\t\t\t\t\t\t\t\t\t\t\t\t\t\t<\/a>\n\t\t\t\t\t\t\t<a class=\"e-gallery-item elementor-gallery-item elementor-animated-content\" href=\"https:\/\/ljdesign.rs\/wp-content\/uploads\/2026\/02\/Artboard-3-copy.jpg\" data-elementor-open-lightbox=\"yes\" data-elementor-lightbox-slideshow=\"5b6f2f6\" data-elementor-lightbox-title=\"Artboard 3 copy\" data-e-action-hash=\"#elementor-action%3Aaction%3Dlightbox%26settings%3DeyJpZCI6NDg3MiwidXJsIjoiaHR0cHM6XC9cL2xqZGVzaWduLnJzXC93cC1jb250ZW50XC91cGxvYWRzXC8yMDI2XC8wMlwvQXJ0Ym9hcmQtMy1jb3B5LmpwZyIsInNsaWRlc2hvdyI6IjViNmYyZjYifQ%3D%3D\">\n\t\t\t\t\t<div class=\"e-gallery-image elementor-gallery-item__image\" data-thumbnail=\"https:\/\/ljdesign.rs\/wp-content\/uploads\/2026\/02\/Artboard-3-copy.jpg\" data-width=\"1081\" data-height=\"1081\" aria-label=\"vukov bo\u017ei\u0107ni kutak 10\" role=\"img\" ><\/div>\n\t\t\t\t\t\t\t\t\t\t\t<div class=\"elementor-gallery-item__overlay\"><\/div>\n\t\t\t\t\t\t\t\t\t\t\t\t\t\t<\/a>\n\t\t\t\t\t\t\t<a class=\"e-gallery-item elementor-gallery-item elementor-animated-content\" href=\"https:\/\/ljdesign.rs\/wp-content\/uploads\/2026\/02\/Artboard-3-copy-2.jpg\" data-elementor-open-lightbox=\"yes\" data-elementor-lightbox-slideshow=\"5b6f2f6\" data-elementor-lightbox-title=\"Artboard 3 copy 2\" data-e-action-hash=\"#elementor-action%3Aaction%3Dlightbox%26settings%3DeyJpZCI6NDg3MCwidXJsIjoiaHR0cHM6XC9cL2xqZGVzaWduLnJzXC93cC1jb250ZW50XC91cGxvYWRzXC8yMDI2XC8wMlwvQXJ0Ym9hcmQtMy1jb3B5LTIuanBnIiwic2xpZGVzaG93IjoiNWI2ZjJmNiJ9\">\n\t\t\t\t\t<div class=\"e-gallery-image elementor-gallery-item__image\" data-thumbnail=\"https:\/\/ljdesign.rs\/wp-content\/uploads\/2026\/02\/Artboard-3-copy-2.jpg\" data-width=\"1081\" data-height=\"1081\" aria-label=\"vukov bo\u017ei\u0107ni kutak 08\" role=\"img\" ><\/div>\n\t\t\t\t\t\t\t\t\t\t\t<div class=\"elementor-gallery-item__overlay\"><\/div>\n\t\t\t\t\t\t\t\t\t\t\t\t\t\t<\/a>\n\t\t\t\t\t\t\t<a class=\"e-gallery-item elementor-gallery-item elementor-animated-content\" href=\"https:\/\/ljdesign.rs\/wp-content\/uploads\/2026\/02\/Artboard-3-copy-3.jpg\" data-elementor-open-lightbox=\"yes\" data-elementor-lightbox-slideshow=\"5b6f2f6\" data-elementor-lightbox-title=\"Artboard 3 copy 3\" data-e-action-hash=\"#elementor-action%3Aaction%3Dlightbox%26settings%3DeyJpZCI6NDg3MSwidXJsIjoiaHR0cHM6XC9cL2xqZGVzaWduLnJzXC93cC1jb250ZW50XC91cGxvYWRzXC8yMDI2XC8wMlwvQXJ0Ym9hcmQtMy1jb3B5LTMuanBnIiwic2xpZGVzaG93IjoiNWI2ZjJmNiJ9\">\n\t\t\t\t\t<div class=\"e-gallery-image elementor-gallery-item__image\" data-thumbnail=\"https:\/\/ljdesign.rs\/wp-content\/uploads\/2026\/02\/Artboard-3-copy-3.jpg\" data-width=\"1081\" data-height=\"1081\" aria-label=\"vukov bo\u017ei\u0107ni kutak 09\" role=\"img\" ><\/div>\n\t\t\t\t\t\t\t\t\t\t\t<div class=\"elementor-gallery-item__overlay\"><\/div>\n\t\t\t\t\t\t\t\t\t\t\t\t\t\t<\/a>\n\t\t\t\t\t\t\t<a class=\"e-gallery-item elementor-gallery-item elementor-animated-content\" href=\"https:\/\/ljdesign.rs\/wp-content\/uploads\/2026\/02\/Artboard-5.jpg\" data-elementor-open-lightbox=\"yes\" data-elementor-lightbox-slideshow=\"5b6f2f6\" data-elementor-lightbox-title=\"Artboard 5\" data-e-action-hash=\"#elementor-action%3Aaction%3Dlightbox%26settings%3DeyJpZCI6NDg2OSwidXJsIjoiaHR0cHM6XC9cL2xqZGVzaWduLnJzXC93cC1jb250ZW50XC91cGxvYWRzXC8yMDI2XC8wMlwvQXJ0Ym9hcmQtNS5qcGciLCJzbGlkZXNob3ciOiI1YjZmMmY2In0%3D\">\n\t\t\t\t\t<div class=\"e-gallery-image elementor-gallery-item__image\" data-thumbnail=\"https:\/\/ljdesign.rs\/wp-content\/uploads\/2026\/02\/Artboard-5.jpg\" data-width=\"1081\" data-height=\"1080\" aria-label=\"vukov bo\u017ei\u0107ni kutak 07\" role=\"img\" ><\/div>\n\t\t\t\t\t\t\t\t\t\t\t<div class=\"elementor-gallery-item__overlay\"><\/div>\n\t\t\t\t\t\t\t\t\t\t\t\t\t\t<\/a>\n\t\t\t\t\t\t\t<a class=\"e-gallery-item elementor-gallery-item elementor-animated-content\" href=\"https:\/\/ljdesign.rs\/wp-content\/uploads\/2026\/02\/Artboard-5-copy.jpg\" data-elementor-open-lightbox=\"yes\" data-elementor-lightbox-slideshow=\"5b6f2f6\" data-elementor-lightbox-title=\"Artboard 5 copy\" data-e-action-hash=\"#elementor-action%3Aaction%3Dlightbox%26settings%3DeyJpZCI6NDg2OCwidXJsIjoiaHR0cHM6XC9cL2xqZGVzaWduLnJzXC93cC1jb250ZW50XC91cGxvYWRzXC8yMDI2XC8wMlwvQXJ0Ym9hcmQtNS1jb3B5LmpwZyIsInNsaWRlc2hvdyI6IjViNmYyZjYifQ%3D%3D\">\n\t\t\t\t\t<div class=\"e-gallery-image elementor-gallery-item__image\" data-thumbnail=\"https:\/\/ljdesign.rs\/wp-content\/uploads\/2026\/02\/Artboard-5-copy.jpg\" data-width=\"1081\" data-height=\"1081\" aria-label=\"vukov bo\u017ei\u0107ni kutak 06\" role=\"img\" ><\/div>\n\t\t\t\t\t\t\t\t\t\t\t<div class=\"elementor-gallery-item__overlay\"><\/div>\n\t\t\t\t\t\t\t\t\t\t\t\t\t\t<\/a>\n\t\t\t\t\t<\/div>\n\t\t\t\t\t<\/div>\n\t\t\t\t<\/div>\n\t\t\t\t\t<\/div>\n\t\t<\/div>\n\t\t\t\t\t<\/div>\n\t\t<\/section>\n\t\t\t\t<\/div>","protected":false},"excerpt":{"rendered":"<p>Vukov bo\u017ei\u0107ni kutak redizajn vizuelnog identiteta i brendiranje \u00a0 Sa velikim zadovoljstvom predstavljam logo i vizuelni identitet koji sam kreirala u saradnji sa Vukom Tomi\u0107em za naj\u010darobnije mesto u gradu, njegovu radnju sa novogodi\u0161njim ukrasima u sklopu koje se nalazi i kafe. Vukov bo\u017ei\u0107ni kutak, sada ve\u0107 petu sezonu sa nama, je porastao i dobio [&hellip;]<\/p>\n","protected":false},"author":1,"featured_media":4876,"parent":0,"menu_order":0,"comment_status":"closed","ping_status":"closed","template":"","meta":{"site-sidebar-layout":"no-sidebar","site-content-layout":"page-builder","ast-site-content-layout":"full-width-container","site-content-style":"default","site-sidebar-style":"default","ast-global-header-display":"","ast-banner-title-visibility":"","ast-main-header-display":"","ast-hfb-above-header-display":"","ast-hfb-below-header-display":"","ast-hfb-mobile-header-display":"","site-post-title":"","ast-breadcrumbs-content":"","ast-featured-img":"disabled","footer-sml-layout":"","ast-disable-related-posts":"","theme-transparent-header-meta":"","adv-header-id-meta":"","stick-header-meta":"","header-above-stick-meta":"","header-main-stick-meta":"","header-below-stick-meta":"","astra-migrate-meta-layouts":"set","ast-page-background-enabled":"default","ast-page-background-meta":{"desktop":{"background-color":"var(--ast-global-color-4)","background-image":"","background-repeat":"repeat","background-position":"center center","background-size":"auto","background-attachment":"scroll","background-type":"","background-media":"","overlay-type":"","overlay-color":"","overlay-opacity":"","overlay-gradient":""},"tablet":{"background-color":"","background-image":"","background-repeat":"repeat","background-position":"center center","background-size":"auto","background-attachment":"scroll","background-type":"","background-media":"","overlay-type":"","overlay-color":"","overlay-opacity":"","overlay-gradient":""},"mobile":{"background-color":"","background-image":"","background-repeat":"repeat","background-position":"center center","background-size":"auto","background-attachment":"scroll","background-type":"","background-media":"","overlay-type":"","overlay-color":"","overlay-opacity":"","overlay-gradient":""}},"ast-content-background-meta":{"desktop":{"background-color":"var(--ast-global-color-5)","background-image":"","background-repeat":"repeat","background-position":"center center","background-size":"auto","background-attachment":"scroll","background-type":"","background-media":"","overlay-type":"","overlay-color":"","overlay-opacity":"","overlay-gradient":""},"tablet":{"background-color":"var(--ast-global-color-5)","background-image":"","background-repeat":"repeat","background-position":"center center","background-size":"auto","background-attachment":"scroll","background-type":"","background-media":"","overlay-type":"","overlay-color":"","overlay-opacity":"","overlay-gradient":""},"mobile":{"background-color":"var(--ast-global-color-5)","background-image":"","background-repeat":"repeat","background-position":"center center","background-size":"auto","background-attachment":"scroll","background-type":"","background-media":"","overlay-type":"","overlay-color":"","overlay-opacity":"","overlay-gradient":""}},"footnotes":""},"class_list":["post-4863","page","type-page","status-publish","has-post-thumbnail","hentry"],"_links":{"self":[{"href":"https:\/\/ljdesign.rs\/sr\/wp-json\/wp\/v2\/pages\/4863","targetHints":{"allow":["GET"]}}],"collection":[{"href":"https:\/\/ljdesign.rs\/sr\/wp-json\/wp\/v2\/pages"}],"about":[{"href":"https:\/\/ljdesign.rs\/sr\/wp-json\/wp\/v2\/types\/page"}],"author":[{"embeddable":true,"href":"https:\/\/ljdesign.rs\/sr\/wp-json\/wp\/v2\/users\/1"}],"replies":[{"embeddable":true,"href":"https:\/\/ljdesign.rs\/sr\/wp-json\/wp\/v2\/comments?post=4863"}],"version-history":[{"count":4,"href":"https:\/\/ljdesign.rs\/sr\/wp-json\/wp\/v2\/pages\/4863\/revisions"}],"predecessor-version":[{"id":4875,"href":"https:\/\/ljdesign.rs\/sr\/wp-json\/wp\/v2\/pages\/4863\/revisions\/4875"}],"wp:featuredmedia":[{"embeddable":true,"href":"https:\/\/ljdesign.rs\/sr\/wp-json\/wp\/v2\/media\/4876"}],"wp:attachment":[{"href":"https:\/\/ljdesign.rs\/sr\/wp-json\/wp\/v2\/media?parent=4863"}],"curies":[{"name":"wp","href":"https:\/\/api.w.org\/{rel}","templated":true}]}}