{"id":4831,"date":"2026-02-04T22:09:36","date_gmt":"2026-02-04T21:09:36","guid":{"rendered":"https:\/\/ljdesign.rs\/?page_id=4831"},"modified":"2026-02-10T12:56:58","modified_gmt":"2026-02-10T11:56:58","slug":"vanja","status":"publish","type":"page","link":"https:\/\/ljdesign.rs\/sr\/vanja\/","title":{"rendered":"Vanja."},"content":{"rendered":"<div data-elementor-type=\"wp-page\" data-elementor-id=\"4831\" class=\"elementor elementor-4831\" data-elementor-post-type=\"page\">\n\t\t\t\t\t\t<section class=\"elementor-section elementor-top-section elementor-element elementor-element-10ecbe6 elementor-section-full_width elementor-section-height-default elementor-section-height-default\" data-id=\"10ecbe6\" data-element_type=\"section\" data-e-type=\"section\">\n\t\t\t\t\t\t<div class=\"elementor-container elementor-column-gap-no\">\n\t\t\t\t\t<div class=\"elementor-column elementor-col-100 elementor-top-column elementor-element elementor-element-c0acd6c\" data-id=\"c0acd6c\" data-element_type=\"column\" data-e-type=\"column\">\n\t\t\t<div class=\"elementor-widget-wrap elementor-element-populated\">\n\t\t\t\t\t\t<div class=\"elementor-element elementor-element-cc958b2 elementor-widget elementor-widget-image\" data-id=\"cc958b2\" data-element_type=\"widget\" data-e-type=\"widget\" data-widget_type=\"image.default\">\n\t\t\t\t<div class=\"elementor-widget-container\">\n\t\t\t\t\t\t\t\t\t\t\t\t\t\t\t<img fetchpriority=\"high\" decoding=\"async\" width=\"1920\" height=\"1080\" src=\"https:\/\/ljdesign.rs\/wp-content\/uploads\/2026\/02\/Vanja.01.jpg\" class=\"attachment-full size-full wp-image-4833\" alt=\"\" srcset=\"https:\/\/ljdesign.rs\/wp-content\/uploads\/2026\/02\/Vanja.01.jpg 1920w, https:\/\/ljdesign.rs\/wp-content\/uploads\/2026\/02\/Vanja.01-300x169.jpg 300w, https:\/\/ljdesign.rs\/wp-content\/uploads\/2026\/02\/Vanja.01-1024x576.jpg 1024w, https:\/\/ljdesign.rs\/wp-content\/uploads\/2026\/02\/Vanja.01-768x432.jpg 768w, https:\/\/ljdesign.rs\/wp-content\/uploads\/2026\/02\/Vanja.01-1536x864.jpg 1536w, https:\/\/ljdesign.rs\/wp-content\/uploads\/2026\/02\/Vanja.01-18x10.jpg 18w, https:\/\/ljdesign.rs\/wp-content\/uploads\/2026\/02\/Vanja.01-600x338.jpg 600w\" sizes=\"(max-width: 1920px) 100vw, 1920px\" \/>\t\t\t\t\t\t\t\t\t\t\t\t\t\t\t<\/div>\n\t\t\t\t<\/div>\n\t\t\t\t\t<\/div>\n\t\t<\/div>\n\t\t\t\t\t<\/div>\n\t\t<\/section>\n\t\t\t\t<section class=\"elementor-section elementor-top-section elementor-element elementor-element-18dac7a elementor-section-boxed elementor-section-height-default elementor-section-height-default\" data-id=\"18dac7a\" data-element_type=\"section\" data-e-type=\"section\">\n\t\t\t\t\t\t<div class=\"elementor-container elementor-column-gap-default\">\n\t\t\t\t\t<div class=\"elementor-column elementor-col-66 elementor-top-column elementor-element elementor-element-a8db77d\" data-id=\"a8db77d\" data-element_type=\"column\" data-e-type=\"column\">\n\t\t\t<div class=\"elementor-widget-wrap elementor-element-populated\">\n\t\t\t\t\t\t<div class=\"elementor-element elementor-element-5c4c854 elementor-widget elementor-widget-heading\" data-id=\"5c4c854\" data-element_type=\"widget\" data-e-type=\"widget\" data-widget_type=\"heading.default\">\n\t\t\t\t<div class=\"elementor-widget-container\">\n\t\t\t\t\t<h2 class=\"elementor-heading-title elementor-size-default\">Vanja.<\/h2>\t\t\t\t<\/div>\n\t\t\t\t<\/div>\n\t\t\t\t<div class=\"elementor-element elementor-element-19b2b26 elementor-widget elementor-widget-text-editor\" data-id=\"19b2b26\" data-element_type=\"widget\" data-e-type=\"widget\" data-widget_type=\"text-editor.default\">\n\t\t\t\t<div class=\"elementor-widget-container\">\n\t\t\t\t\t\t\t\t\t<p>vizuelni identitet<\/p><p>\u00a0<\/p><p>U po\u010detku be\u0161e Vanja i jedna ta\u010dka. A onda je iz te Vanje i iz te ta\u010dke izrastao \u010ditav jedan ta\u010dkasti univerzum. Vanjin ta\u010dkasti univerzum zove se, logi\u010dno, Vanjaverzum. U njemu se igra\u0161 re\u010dima, na razne na\u010dine. I u\u010di\u0161 kako da pi\u0161e\u0161. Ali ok je i da pogre\u0161i\u0161. I da pre\u017evrlja\u0161 kad pogre\u0161i\u0161. I da onda dopi\u0161e\u0161 olovkom ne\u0161to drugo. Ok je verovati procesu.<\/p>\t\t\t\t\t\t\t\t<\/div>\n\t\t\t\t<\/div>\n\t\t\t\t\t<\/div>\n\t\t<\/div>\n\t\t\t\t<div class=\"elementor-column elementor-col-33 elementor-top-column elementor-element elementor-element-bce5062\" data-id=\"bce5062\" data-element_type=\"column\" data-e-type=\"column\">\n\t\t\t<div class=\"elementor-widget-wrap\">\n\t\t\t\t\t\t\t<\/div>\n\t\t<\/div>\n\t\t\t\t\t<\/div>\n\t\t<\/section>\n\t\t\t\t<section class=\"elementor-section elementor-top-section elementor-element elementor-element-fbf2d11 elementor-section-full_width elementor-section-height-default elementor-section-height-default\" data-id=\"fbf2d11\" data-element_type=\"section\" data-e-type=\"section\">\n\t\t\t\t\t\t<div class=\"elementor-container elementor-column-gap-no\">\n\t\t\t\t\t<div class=\"elementor-column elementor-col-100 elementor-top-column elementor-element elementor-element-5e9dbb3\" data-id=\"5e9dbb3\" data-element_type=\"column\" data-e-type=\"column\">\n\t\t\t<div class=\"elementor-widget-wrap elementor-element-populated\">\n\t\t\t\t\t\t<div class=\"elementor-element elementor-element-f4df9f2 elementor-widget elementor-widget-image\" data-id=\"f4df9f2\" data-element_type=\"widget\" data-e-type=\"widget\" data-widget_type=\"image.default\">\n\t\t\t\t<div class=\"elementor-widget-container\">\n\t\t\t\t\t\t\t\t\t\t\t\t\t\t\t<img decoding=\"async\" width=\"1920\" height=\"800\" src=\"https:\/\/ljdesign.rs\/wp-content\/uploads\/2026\/02\/Vanja.02.jpg\" class=\"attachment-full size-full wp-image-4834\" alt=\"\" srcset=\"https:\/\/ljdesign.rs\/wp-content\/uploads\/2026\/02\/Vanja.02.jpg 1920w, https:\/\/ljdesign.rs\/wp-content\/uploads\/2026\/02\/Vanja.02-300x125.jpg 300w, https:\/\/ljdesign.rs\/wp-content\/uploads\/2026\/02\/Vanja.02-1024x427.jpg 1024w, https:\/\/ljdesign.rs\/wp-content\/uploads\/2026\/02\/Vanja.02-768x320.jpg 768w, https:\/\/ljdesign.rs\/wp-content\/uploads\/2026\/02\/Vanja.02-1536x640.jpg 1536w, https:\/\/ljdesign.rs\/wp-content\/uploads\/2026\/02\/Vanja.02-18x8.jpg 18w, https:\/\/ljdesign.rs\/wp-content\/uploads\/2026\/02\/Vanja.02-600x250.jpg 600w\" sizes=\"(max-width: 1920px) 100vw, 1920px\" \/>\t\t\t\t\t\t\t\t\t\t\t\t\t\t\t<\/div>\n\t\t\t\t<\/div>\n\t\t\t\t\t<\/div>\n\t\t<\/div>\n\t\t\t\t\t<\/div>\n\t\t<\/section>\n\t\t\t\t<section class=\"elementor-section elementor-top-section elementor-element elementor-element-bb5c924 elementor-section-boxed elementor-section-height-default elementor-section-height-default\" data-id=\"bb5c924\" data-element_type=\"section\" data-e-type=\"section\">\n\t\t\t\t\t\t<div class=\"elementor-container elementor-column-gap-default\">\n\t\t\t\t\t<div class=\"elementor-column elementor-col-100 elementor-top-column elementor-element elementor-element-21ed157\" data-id=\"21ed157\" data-element_type=\"column\" data-e-type=\"column\">\n\t\t\t<div class=\"elementor-widget-wrap elementor-element-populated\">\n\t\t\t\t\t\t<div class=\"elementor-element elementor-element-987d12d elementor-widget elementor-widget-text-editor\" data-id=\"987d12d\" data-element_type=\"widget\" data-e-type=\"widget\" data-widget_type=\"text-editor.default\">\n\t\t\t\t<div class=\"elementor-widget-container\">\n\t\t\t\t\t\t\t\t\t<p>Iza brenda Vanja. stoji <a href=\"https:\/\/vanjatacka.com\/\" rel=\"nofollow noopener\" target=\"_blank\">Vanja Nikoli\u0107<\/a>, dramatur\u0161kinja, autorka, preduzetnica i mentorka. Ideja je bila da se kroz vizuelni identitet njenog brenda prika\u017ee njeno delovanje kroz kombinovanje strukture sa dozom spontanosti. Logo je sveden, sa \u010dvrstom strukturom, ali i slobodoru\u010dnim orbitama oko ta\u010dke koje predstavljaju kreativni aspekt filozofije brenda. \u017dvrlje se koriste i kao sekundarni grafi\u010dki elementi, kao intervencija na tekstu, gde se ostavlja prostor za gre\u0161ku. Organski aspekt je u kontrastu \u0161tampanoj strukturi, aludira na osloba\u0111anje instinktivnog \u0161to je jako bitno u kreativnom procesu. Vanja je jedna ta\u010dka iz koje polazi mno\u0161tvo drugih \u0161arenih ta\u010daka koje predstavljaju njene stvarala\u010dke punktove i diverzitet njenog stvarala\u010dkog univerzuma &#8211; Vanjaverzuma.<\/p>\t\t\t\t\t\t\t\t<\/div>\n\t\t\t\t<\/div>\n\t\t\t\t\t<\/div>\n\t\t<\/div>\n\t\t\t\t\t<\/div>\n\t\t<\/section>\n\t\t\t\t<section class=\"elementor-section elementor-top-section elementor-element elementor-element-fa2ce28 elementor-section-boxed elementor-section-height-default elementor-section-height-default\" data-id=\"fa2ce28\" data-element_type=\"section\" data-e-type=\"section\">\n\t\t\t\t\t\t<div class=\"elementor-container elementor-column-gap-default\">\n\t\t\t\t\t<div class=\"elementor-column elementor-col-100 elementor-top-column elementor-element elementor-element-0c52d02\" data-id=\"0c52d02\" data-element_type=\"column\" data-e-type=\"column\">\n\t\t\t<div class=\"elementor-widget-wrap elementor-element-populated\">\n\t\t\t\t\t\t<div class=\"elementor-element elementor-element-e60e592 elementor-widget elementor-widget-gallery\" data-id=\"e60e592\" data-element_type=\"widget\" data-e-type=\"widget\" data-settings=\"{&quot;columns&quot;:2,&quot;gap&quot;:{&quot;unit&quot;:&quot;px&quot;,&quot;size&quot;:20,&quot;sizes&quot;:[]},&quot;aspect_ratio&quot;:&quot;1:1&quot;,&quot;lazyload&quot;:&quot;yes&quot;,&quot;gallery_layout&quot;:&quot;grid&quot;,&quot;columns_tablet&quot;:2,&quot;columns_mobile&quot;:1,&quot;gap_tablet&quot;:{&quot;unit&quot;:&quot;px&quot;,&quot;size&quot;:10,&quot;sizes&quot;:[]},&quot;gap_mobile&quot;:{&quot;unit&quot;:&quot;px&quot;,&quot;size&quot;:10,&quot;sizes&quot;:[]},&quot;link_to&quot;:&quot;file&quot;,&quot;overlay_background&quot;:&quot;yes&quot;,&quot;content_hover_animation&quot;:&quot;fade-in&quot;}\" data-widget_type=\"gallery.default\">\n\t\t\t\t<div class=\"elementor-widget-container\">\n\t\t\t\t\t\t\t<div class=\"elementor-gallery__container\">\n\t\t\t\t\t\t\t<a class=\"e-gallery-item elementor-gallery-item elementor-animated-content\" href=\"https:\/\/ljdesign.rs\/wp-content\/uploads\/2026\/02\/Vanja.06.jpg\" data-elementor-open-lightbox=\"yes\" data-elementor-lightbox-slideshow=\"e60e592\" data-elementor-lightbox-title=\"Vanja.06\" data-e-action-hash=\"#elementor-action%3Aaction%3Dlightbox%26settings%3DeyJpZCI6NDgzNSwidXJsIjoiaHR0cHM6XC9cL2xqZGVzaWduLnJzXC93cC1jb250ZW50XC91cGxvYWRzXC8yMDI2XC8wMlwvVmFuamEuMDYuanBnIiwic2xpZGVzaG93IjoiZTYwZTU5MiJ9\">\n\t\t\t\t\t<div class=\"e-gallery-image elementor-gallery-item__image\" data-thumbnail=\"https:\/\/ljdesign.rs\/wp-content\/uploads\/2026\/02\/Vanja.06.jpg\" data-width=\"1080\" data-height=\"1080\" aria-label=\"\" role=\"img\" ><\/div>\n\t\t\t\t\t\t\t\t\t\t\t<div class=\"elementor-gallery-item__overlay\"><\/div>\n\t\t\t\t\t\t\t\t\t\t\t\t\t\t<\/a>\n\t\t\t\t\t\t\t<a class=\"e-gallery-item elementor-gallery-item elementor-animated-content\" href=\"https:\/\/ljdesign.rs\/wp-content\/uploads\/2026\/02\/Vanja.03.jpg\" data-elementor-open-lightbox=\"yes\" data-elementor-lightbox-slideshow=\"e60e592\" data-elementor-lightbox-title=\"Vanja.03\" data-e-action-hash=\"#elementor-action%3Aaction%3Dlightbox%26settings%3DeyJpZCI6NDgzNiwidXJsIjoiaHR0cHM6XC9cL2xqZGVzaWduLnJzXC93cC1jb250ZW50XC91cGxvYWRzXC8yMDI2XC8wMlwvVmFuamEuMDMuanBnIiwic2xpZGVzaG93IjoiZTYwZTU5MiJ9\">\n\t\t\t\t\t<div class=\"e-gallery-image elementor-gallery-item__image\" data-thumbnail=\"https:\/\/ljdesign.rs\/wp-content\/uploads\/2026\/02\/Vanja.03.jpg\" data-width=\"1080\" data-height=\"1080\" aria-label=\"\" role=\"img\" ><\/div>\n\t\t\t\t\t\t\t\t\t\t\t<div class=\"elementor-gallery-item__overlay\"><\/div>\n\t\t\t\t\t\t\t\t\t\t\t\t\t\t<\/a>\n\t\t\t\t\t\t\t<a class=\"e-gallery-item elementor-gallery-item elementor-animated-content\" href=\"https:\/\/ljdesign.rs\/wp-content\/uploads\/2026\/02\/Vanja.04.jpg\" data-elementor-open-lightbox=\"yes\" data-elementor-lightbox-slideshow=\"e60e592\" data-elementor-lightbox-title=\"Vanja.04\" data-e-action-hash=\"#elementor-action%3Aaction%3Dlightbox%26settings%3DeyJpZCI6NDgzNywidXJsIjoiaHR0cHM6XC9cL2xqZGVzaWduLnJzXC93cC1jb250ZW50XC91cGxvYWRzXC8yMDI2XC8wMlwvVmFuamEuMDQuanBnIiwic2xpZGVzaG93IjoiZTYwZTU5MiJ9\">\n\t\t\t\t\t<div class=\"e-gallery-image elementor-gallery-item__image\" data-thumbnail=\"https:\/\/ljdesign.rs\/wp-content\/uploads\/2026\/02\/Vanja.04.jpg\" data-width=\"1080\" data-height=\"1080\" aria-label=\"\" role=\"img\" ><\/div>\n\t\t\t\t\t\t\t\t\t\t\t<div class=\"elementor-gallery-item__overlay\"><\/div>\n\t\t\t\t\t\t\t\t\t\t\t\t\t\t<\/a>\n\t\t\t\t\t\t\t<a class=\"e-gallery-item elementor-gallery-item elementor-animated-content\" href=\"https:\/\/ljdesign.rs\/wp-content\/uploads\/2026\/02\/Vanja.05.jpg\" data-elementor-open-lightbox=\"yes\" data-elementor-lightbox-slideshow=\"e60e592\" data-elementor-lightbox-title=\"Vanja.05\" data-e-action-hash=\"#elementor-action%3Aaction%3Dlightbox%26settings%3DeyJpZCI6NDgzOCwidXJsIjoiaHR0cHM6XC9cL2xqZGVzaWduLnJzXC93cC1jb250ZW50XC91cGxvYWRzXC8yMDI2XC8wMlwvVmFuamEuMDUuanBnIiwic2xpZGVzaG93IjoiZTYwZTU5MiJ9\">\n\t\t\t\t\t<div class=\"e-gallery-image elementor-gallery-item__image\" data-thumbnail=\"https:\/\/ljdesign.rs\/wp-content\/uploads\/2026\/02\/Vanja.05.jpg\" data-width=\"1080\" data-height=\"1080\" aria-label=\"\" role=\"img\" ><\/div>\n\t\t\t\t\t\t\t\t\t\t\t<div class=\"elementor-gallery-item__overlay\"><\/div>\n\t\t\t\t\t\t\t\t\t\t\t\t\t\t<\/a>\n\t\t\t\t\t<\/div>\n\t\t\t\t\t<\/div>\n\t\t\t\t<\/div>\n\t\t\t\t\t<\/div>\n\t\t<\/div>\n\t\t\t\t\t<\/div>\n\t\t<\/section>\n\t\t\t\t<\/div>","protected":false},"excerpt":{"rendered":"<p>Vanja. vizuelni identitet \u00a0 U po\u010detku be\u0161e Vanja i jedna ta\u010dka. A onda je iz te Vanje i iz te ta\u010dke izrastao \u010ditav jedan ta\u010dkasti univerzum. Vanjin ta\u010dkasti univerzum zove se, logi\u010dno, Vanjaverzum. U njemu se igra\u0161 re\u010dima, na razne na\u010dine. I u\u010di\u0161 kako da pi\u0161e\u0161. Ali ok je i da pogre\u0161i\u0161. I da pre\u017evrlja\u0161 [&hellip;]<\/p>\n","protected":false},"author":1,"featured_media":0,"parent":0,"menu_order":0,"comment_status":"closed","ping_status":"closed","template":"","meta":{"site-sidebar-layout":"no-sidebar","site-content-layout":"page-builder","ast-site-content-layout":"full-width-container","site-content-style":"default","site-sidebar-style":"default","ast-global-header-display":"","ast-banner-title-visibility":"","ast-main-header-display":"","ast-hfb-above-header-display":"","ast-hfb-below-header-display":"","ast-hfb-mobile-header-display":"","site-post-title":"","ast-breadcrumbs-content":"","ast-featured-img":"disabled","footer-sml-layout":"","ast-disable-related-posts":"","theme-transparent-header-meta":"","adv-header-id-meta":"","stick-header-meta":"","header-above-stick-meta":"","header-main-stick-meta":"","header-below-stick-meta":"","astra-migrate-meta-layouts":"set","ast-page-background-enabled":"default","ast-page-background-meta":{"desktop":{"background-color":"var(--ast-global-color-4)","background-image":"","background-repeat":"repeat","background-position":"center center","background-size":"auto","background-attachment":"scroll","background-type":"","background-media":"","overlay-type":"","overlay-color":"","overlay-opacity":"","overlay-gradient":""},"tablet":{"background-color":"","background-image":"","background-repeat":"repeat","background-position":"center center","background-size":"auto","background-attachment":"scroll","background-type":"","background-media":"","overlay-type":"","overlay-color":"","overlay-opacity":"","overlay-gradient":""},"mobile":{"background-color":"","background-image":"","background-repeat":"repeat","background-position":"center center","background-size":"auto","background-attachment":"scroll","background-type":"","background-media":"","overlay-type":"","overlay-color":"","overlay-opacity":"","overlay-gradient":""}},"ast-content-background-meta":{"desktop":{"background-color":"var(--ast-global-color-5)","background-image":"","background-repeat":"repeat","background-position":"center center","background-size":"auto","background-attachment":"scroll","background-type":"","background-media":"","overlay-type":"","overlay-color":"","overlay-opacity":"","overlay-gradient":""},"tablet":{"background-color":"var(--ast-global-color-5)","background-image":"","background-repeat":"repeat","background-position":"center center","background-size":"auto","background-attachment":"scroll","background-type":"","background-media":"","overlay-type":"","overlay-color":"","overlay-opacity":"","overlay-gradient":""},"mobile":{"background-color":"var(--ast-global-color-5)","background-image":"","background-repeat":"repeat","background-position":"center center","background-size":"auto","background-attachment":"scroll","background-type":"","background-media":"","overlay-type":"","overlay-color":"","overlay-opacity":"","overlay-gradient":""}},"footnotes":""},"class_list":["post-4831","page","type-page","status-publish","hentry"],"_links":{"self":[{"href":"https:\/\/ljdesign.rs\/sr\/wp-json\/wp\/v2\/pages\/4831","targetHints":{"allow":["GET"]}}],"collection":[{"href":"https:\/\/ljdesign.rs\/sr\/wp-json\/wp\/v2\/pages"}],"about":[{"href":"https:\/\/ljdesign.rs\/sr\/wp-json\/wp\/v2\/types\/page"}],"author":[{"embeddable":true,"href":"https:\/\/ljdesign.rs\/sr\/wp-json\/wp\/v2\/users\/1"}],"replies":[{"embeddable":true,"href":"https:\/\/ljdesign.rs\/sr\/wp-json\/wp\/v2\/comments?post=4831"}],"version-history":[{"count":16,"href":"https:\/\/ljdesign.rs\/sr\/wp-json\/wp\/v2\/pages\/4831\/revisions"}],"predecessor-version":[{"id":4860,"href":"https:\/\/ljdesign.rs\/sr\/wp-json\/wp\/v2\/pages\/4831\/revisions\/4860"}],"wp:attachment":[{"href":"https:\/\/ljdesign.rs\/sr\/wp-json\/wp\/v2\/media?parent=4831"}],"curies":[{"name":"wp","href":"https:\/\/api.w.org\/{rel}","templated":true}]}}