{"id":4808,"date":"2026-02-03T19:04:02","date_gmt":"2026-02-03T18:04:02","guid":{"rendered":"https:\/\/ljdesign.rs\/?page_id=4808"},"modified":"2026-02-04T22:16:13","modified_gmt":"2026-02-04T21:16:13","slug":"zivi-radi-voli","status":"publish","type":"page","link":"https:\/\/ljdesign.rs\/sr\/zivi-radi-voli\/","title":{"rendered":"\u017divi.Radi.Voli."},"content":{"rendered":"<div data-elementor-type=\"wp-page\" data-elementor-id=\"4808\" class=\"elementor elementor-4808\" data-elementor-post-type=\"page\">\n\t\t\t\t\t\t<section class=\"elementor-section elementor-top-section elementor-element elementor-element-836b611 elementor-section-full_width elementor-section-height-default elementor-section-height-default\" data-id=\"836b611\" data-element_type=\"section\" data-e-type=\"section\">\n\t\t\t\t\t\t<div class=\"elementor-container elementor-column-gap-no\">\n\t\t\t\t\t<div class=\"elementor-column elementor-col-100 elementor-top-column elementor-element elementor-element-af64df3\" data-id=\"af64df3\" data-element_type=\"column\" data-e-type=\"column\">\n\t\t\t<div class=\"elementor-widget-wrap elementor-element-populated\">\n\t\t\t\t\t\t<div class=\"elementor-element elementor-element-251f8f6 elementor-widget elementor-widget-image\" data-id=\"251f8f6\" data-element_type=\"widget\" data-e-type=\"widget\" data-widget_type=\"image.default\">\n\t\t\t\t<div class=\"elementor-widget-container\">\n\t\t\t\t\t\t\t\t\t\t\t\t\t\t\t<img fetchpriority=\"high\" decoding=\"async\" width=\"1920\" height=\"1080\" src=\"https:\/\/ljdesign.rs\/wp-content\/uploads\/2026\/02\/ZRV-01.jpg\" class=\"attachment-full size-full wp-image-4810\" alt=\"\" srcset=\"https:\/\/ljdesign.rs\/wp-content\/uploads\/2026\/02\/ZRV-01.jpg 1920w, https:\/\/ljdesign.rs\/wp-content\/uploads\/2026\/02\/ZRV-01-300x169.jpg 300w, https:\/\/ljdesign.rs\/wp-content\/uploads\/2026\/02\/ZRV-01-1024x576.jpg 1024w, https:\/\/ljdesign.rs\/wp-content\/uploads\/2026\/02\/ZRV-01-768x432.jpg 768w, https:\/\/ljdesign.rs\/wp-content\/uploads\/2026\/02\/ZRV-01-1536x864.jpg 1536w, https:\/\/ljdesign.rs\/wp-content\/uploads\/2026\/02\/ZRV-01-18x10.jpg 18w, https:\/\/ljdesign.rs\/wp-content\/uploads\/2026\/02\/ZRV-01-600x338.jpg 600w\" sizes=\"(max-width: 1920px) 100vw, 1920px\" \/>\t\t\t\t\t\t\t\t\t\t\t\t\t\t\t<\/div>\n\t\t\t\t<\/div>\n\t\t\t\t\t<\/div>\n\t\t<\/div>\n\t\t\t\t\t<\/div>\n\t\t<\/section>\n\t\t\t\t<section class=\"elementor-section elementor-top-section elementor-element elementor-element-e349706 elementor-section-boxed elementor-section-height-default elementor-section-height-default\" data-id=\"e349706\" data-element_type=\"section\" data-e-type=\"section\">\n\t\t\t\t\t\t<div class=\"elementor-container elementor-column-gap-default\">\n\t\t\t\t\t<div class=\"elementor-column elementor-col-100 elementor-top-column elementor-element elementor-element-2216e07\" data-id=\"2216e07\" data-element_type=\"column\" data-e-type=\"column\">\n\t\t\t<div class=\"elementor-widget-wrap elementor-element-populated\">\n\t\t\t\t\t\t<div class=\"elementor-element elementor-element-831e500 elementor-widget elementor-widget-heading\" data-id=\"831e500\" data-element_type=\"widget\" data-e-type=\"widget\" data-widget_type=\"heading.default\">\n\t\t\t\t<div class=\"elementor-widget-container\">\n\t\t\t\t\t<h2 class=\"elementor-heading-title elementor-size-default\">\u017divi.Radi.Voli.<\/h2>\t\t\t\t<\/div>\n\t\t\t\t<\/div>\n\t\t\t\t<div class=\"elementor-element elementor-element-9ef8efd elementor-widget elementor-widget-text-editor\" data-id=\"9ef8efd\" data-element_type=\"widget\" data-e-type=\"widget\" data-widget_type=\"text-editor.default\">\n\t\t\t\t<div class=\"elementor-widget-container\">\n\t\t\t\t\t\t\t\t\t<p>redizajn vizuelnog identiteta<\/p><p>Moj preduzetni\u010dki put se najvi\u0161e promenio kada sam upoznala <a href=\"https:\/\/sonjadakic.com\/\" rel=\"nofollow noopener\" target=\"_blank\">Sonju Daki\u0107<\/a>, \u017eenu sunce, velikog srca koja nesebi\u010dno deli svoje ogromno znanje kroz razli\u010dite radionice i programe. Sonja je stvorila \u017divi.Radi.Voli. zajednicu u kojoj poma\u017ee preduzetnicama da njihove ideje porastu. Velika mi je \u010dast \u0161to mi je poklonila poverenje da za zajednicu kreiramo novi vizuelni identitet koji je oslikava na pravi na\u010din.<\/p>\t\t\t\t\t\t\t\t<\/div>\n\t\t\t\t<\/div>\n\t\t\t\t\t<\/div>\n\t\t<\/div>\n\t\t\t\t\t<\/div>\n\t\t<\/section>\n\t\t\t\t<section class=\"elementor-section elementor-top-section elementor-element elementor-element-24ba2e6 elementor-section-full_width elementor-section-height-default elementor-section-height-default\" data-id=\"24ba2e6\" data-element_type=\"section\" data-e-type=\"section\">\n\t\t\t\t\t\t<div class=\"elementor-container elementor-column-gap-no\">\n\t\t\t\t\t<div class=\"elementor-column elementor-col-100 elementor-top-column elementor-element elementor-element-14da172\" data-id=\"14da172\" data-element_type=\"column\" data-e-type=\"column\">\n\t\t\t<div class=\"elementor-widget-wrap elementor-element-populated\">\n\t\t\t\t\t\t<div class=\"elementor-element elementor-element-25f1be7 elementor-widget elementor-widget-image\" data-id=\"25f1be7\" data-element_type=\"widget\" data-e-type=\"widget\" data-widget_type=\"image.default\">\n\t\t\t\t<div class=\"elementor-widget-container\">\n\t\t\t\t\t\t\t\t\t\t\t\t\t\t\t<img decoding=\"async\" width=\"1920\" height=\"1080\" src=\"https:\/\/ljdesign.rs\/wp-content\/uploads\/2026\/02\/ZRV-02.jpg\" class=\"attachment-full size-full wp-image-4812\" alt=\"\" srcset=\"https:\/\/ljdesign.rs\/wp-content\/uploads\/2026\/02\/ZRV-02.jpg 1920w, https:\/\/ljdesign.rs\/wp-content\/uploads\/2026\/02\/ZRV-02-300x169.jpg 300w, https:\/\/ljdesign.rs\/wp-content\/uploads\/2026\/02\/ZRV-02-1024x576.jpg 1024w, https:\/\/ljdesign.rs\/wp-content\/uploads\/2026\/02\/ZRV-02-768x432.jpg 768w, https:\/\/ljdesign.rs\/wp-content\/uploads\/2026\/02\/ZRV-02-1536x864.jpg 1536w, https:\/\/ljdesign.rs\/wp-content\/uploads\/2026\/02\/ZRV-02-18x10.jpg 18w, https:\/\/ljdesign.rs\/wp-content\/uploads\/2026\/02\/ZRV-02-600x338.jpg 600w\" sizes=\"(max-width: 1920px) 100vw, 1920px\" \/>\t\t\t\t\t\t\t\t\t\t\t\t\t\t\t<\/div>\n\t\t\t\t<\/div>\n\t\t\t\t\t<\/div>\n\t\t<\/div>\n\t\t\t\t\t<\/div>\n\t\t<\/section>\n\t\t\t\t<section class=\"elementor-section elementor-top-section elementor-element elementor-element-8a1f702 elementor-section-boxed elementor-section-height-default elementor-section-height-default\" data-id=\"8a1f702\" data-element_type=\"section\" data-e-type=\"section\">\n\t\t\t\t\t\t<div class=\"elementor-container elementor-column-gap-default\">\n\t\t\t\t\t<div class=\"elementor-column elementor-col-100 elementor-top-column elementor-element elementor-element-f04b64f\" data-id=\"f04b64f\" data-element_type=\"column\" data-e-type=\"column\">\n\t\t\t<div class=\"elementor-widget-wrap elementor-element-populated\">\n\t\t\t\t\t\t<div class=\"elementor-element elementor-element-86b38a2 elementor-widget elementor-widget-text-editor\" data-id=\"86b38a2\" data-element_type=\"widget\" data-e-type=\"widget\" data-widget_type=\"text-editor.default\">\n\t\t\t\t<div class=\"elementor-widget-container\">\n\t\t\t\t\t\t\t\t\t<p>Klju\u010dne vrednosti iza \u017divi.Radi.Voli. brenda su zajednica, podr\u0161ka, vera, ljubav i radost. Sonja je \u017eelela da se one oslikavaju u njenom vizuelnom identitetu. Logo je trebalo da bude jednostavan za primenu u jednoj boji, kao piktogram prepoznatljiv u malom formatu, lako primenljiv u brendiranju. Simbole iz naziva brenda trebalo je spojiti u jedan jedinstven i upe\u010datljiv piktogram: \u017dIVI &#8211; simbol je Sunce kao izvor \u017eivota na zemlji, RADI &#8211; zup\u010danik koji (p)okre\u0107e, VOLI &#8211; srce za ljubav.<br \/><br \/>Tipografski ispis je moderan, jednostavan i \u010ditljiv. Slova imaju ve\u0107u visinu zbog vizuelnog skra\u0107enja du\u017eine naziva brenda. Oblikovanje kru\u017enih slova je na osnovi zaobljenog pravougaonika \u0161to prati formu piktograma. Logotip ima stabilnost i ozbiljnost koja se u\u010ditava u debljini i proporciji slova, ali zbog zaobljenosti forme i boje u\u010ditava se i meko\u0107a i toplina.<\/p>\t\t\t\t\t\t\t\t<\/div>\n\t\t\t\t<\/div>\n\t\t\t\t\t<\/div>\n\t\t<\/div>\n\t\t\t\t\t<\/div>\n\t\t<\/section>\n\t\t\t\t<section class=\"elementor-section elementor-top-section elementor-element elementor-element-14cbcae elementor-section-boxed elementor-section-height-default elementor-section-height-default\" data-id=\"14cbcae\" data-element_type=\"section\" data-e-type=\"section\">\n\t\t\t\t\t\t<div class=\"elementor-container elementor-column-gap-default\">\n\t\t\t\t\t<div class=\"elementor-column elementor-col-100 elementor-top-column elementor-element elementor-element-8dc1121\" data-id=\"8dc1121\" data-element_type=\"column\" data-e-type=\"column\">\n\t\t\t<div class=\"elementor-widget-wrap elementor-element-populated\">\n\t\t\t\t\t\t<div class=\"elementor-element elementor-element-c5eff07 elementor-widget elementor-widget-image\" data-id=\"c5eff07\" data-element_type=\"widget\" data-e-type=\"widget\" data-widget_type=\"image.default\">\n\t\t\t\t<div class=\"elementor-widget-container\">\n\t\t\t\t\t\t\t\t\t\t\t\t\t\t\t<img decoding=\"async\" width=\"1024\" height=\"227\" src=\"https:\/\/ljdesign.rs\/wp-content\/uploads\/2026\/02\/ZRV-03-1024x227.png\" class=\"attachment-large size-large wp-image-4813\" alt=\"\" srcset=\"https:\/\/ljdesign.rs\/wp-content\/uploads\/2026\/02\/ZRV-03-1024x227.png 1024w, https:\/\/ljdesign.rs\/wp-content\/uploads\/2026\/02\/ZRV-03-300x66.png 300w, https:\/\/ljdesign.rs\/wp-content\/uploads\/2026\/02\/ZRV-03-768x170.png 768w, https:\/\/ljdesign.rs\/wp-content\/uploads\/2026\/02\/ZRV-03-18x4.png 18w, https:\/\/ljdesign.rs\/wp-content\/uploads\/2026\/02\/ZRV-03-600x133.png 600w, https:\/\/ljdesign.rs\/wp-content\/uploads\/2026\/02\/ZRV-03.png 1130w\" sizes=\"(max-width: 1024px) 100vw, 1024px\" \/>\t\t\t\t\t\t\t\t\t\t\t\t\t\t\t<\/div>\n\t\t\t\t<\/div>\n\t\t\t\t<div class=\"elementor-element elementor-element-842d4aa elementor-widget elementor-widget-text-editor\" data-id=\"842d4aa\" data-element_type=\"widget\" data-e-type=\"widget\" data-widget_type=\"text-editor.default\">\n\t\t\t\t<div class=\"elementor-widget-container\">\n\t\t\t\t\t\t\t\t\t<p>Paletu boje \u010dine pastelne \u017euta, crvena i zelena &#8211; prirodni tonovi koji upu\u0107uju na toplinu, poverenje, radost, u tamnijim nijansama kao zrelost, iskustvo i kvalitet.<\/p><p>Vizuelni identitet je dalje primenjen na dizajn vizit karte, dizajn vizuala za Instagram kao i na razli\u010ditom promo materijalu koji Sonja koristi u prezentaciji svog brenda.<\/p>\t\t\t\t\t\t\t\t<\/div>\n\t\t\t\t<\/div>\n\t\t\t\t\t<\/div>\n\t\t<\/div>\n\t\t\t\t\t<\/div>\n\t\t<\/section>\n\t\t\t\t<section class=\"elementor-section elementor-top-section elementor-element elementor-element-1dd2ccb elementor-section-boxed elementor-section-height-default elementor-section-height-default\" data-id=\"1dd2ccb\" data-element_type=\"section\" data-e-type=\"section\">\n\t\t\t\t\t\t<div class=\"elementor-container elementor-column-gap-default\">\n\t\t\t\t\t<div class=\"elementor-column elementor-col-50 elementor-top-column elementor-element elementor-element-549e372\" data-id=\"549e372\" data-element_type=\"column\" data-e-type=\"column\">\n\t\t\t<div class=\"elementor-widget-wrap elementor-element-populated\">\n\t\t\t\t\t\t<div class=\"elementor-element elementor-element-43434b5 elementor-widget elementor-widget-image\" data-id=\"43434b5\" data-element_type=\"widget\" data-e-type=\"widget\" data-widget_type=\"image.default\">\n\t\t\t\t<div class=\"elementor-widget-container\">\n\t\t\t\t\t\t\t\t\t\t\t\t\t\t\t<img loading=\"lazy\" decoding=\"async\" width=\"1024\" height=\"1024\" src=\"https:\/\/ljdesign.rs\/wp-content\/uploads\/2026\/02\/ZRV-04-1024x1024.jpg\" class=\"attachment-large size-large wp-image-4816\" alt=\"\" srcset=\"https:\/\/ljdesign.rs\/wp-content\/uploads\/2026\/02\/ZRV-04-1024x1024.jpg 1024w, https:\/\/ljdesign.rs\/wp-content\/uploads\/2026\/02\/ZRV-04-300x300.jpg 300w, https:\/\/ljdesign.rs\/wp-content\/uploads\/2026\/02\/ZRV-04-150x150.jpg 150w, https:\/\/ljdesign.rs\/wp-content\/uploads\/2026\/02\/ZRV-04-768x768.jpg 768w, https:\/\/ljdesign.rs\/wp-content\/uploads\/2026\/02\/ZRV-04-12x12.jpg 12w, https:\/\/ljdesign.rs\/wp-content\/uploads\/2026\/02\/ZRV-04-600x600.jpg 600w, https:\/\/ljdesign.rs\/wp-content\/uploads\/2026\/02\/ZRV-04-100x100.jpg 100w, https:\/\/ljdesign.rs\/wp-content\/uploads\/2026\/02\/ZRV-04.jpg 1080w\" sizes=\"(max-width: 1024px) 100vw, 1024px\" \/>\t\t\t\t\t\t\t\t\t\t\t\t\t\t\t<\/div>\n\t\t\t\t<\/div>\n\t\t\t\t\t<\/div>\n\t\t<\/div>\n\t\t\t\t<div class=\"elementor-column elementor-col-50 elementor-top-column elementor-element elementor-element-6cec526\" data-id=\"6cec526\" data-element_type=\"column\" data-e-type=\"column\">\n\t\t\t<div class=\"elementor-widget-wrap elementor-element-populated\">\n\t\t\t\t\t\t<div class=\"elementor-element elementor-element-b91dac7 elementor-widget elementor-widget-image\" data-id=\"b91dac7\" data-element_type=\"widget\" data-e-type=\"widget\" data-widget_type=\"image.default\">\n\t\t\t\t<div class=\"elementor-widget-container\">\n\t\t\t\t\t\t\t\t\t\t\t\t\t\t\t<img loading=\"lazy\" decoding=\"async\" width=\"1024\" height=\"1024\" src=\"https:\/\/ljdesign.rs\/wp-content\/uploads\/2026\/02\/ZRV-thumb-2-1024x1024.jpg\" class=\"attachment-large size-large wp-image-4803\" alt=\"\" srcset=\"https:\/\/ljdesign.rs\/wp-content\/uploads\/2026\/02\/ZRV-thumb-2-1024x1024.jpg 1024w, https:\/\/ljdesign.rs\/wp-content\/uploads\/2026\/02\/ZRV-thumb-2-300x300.jpg 300w, https:\/\/ljdesign.rs\/wp-content\/uploads\/2026\/02\/ZRV-thumb-2-150x150.jpg 150w, https:\/\/ljdesign.rs\/wp-content\/uploads\/2026\/02\/ZRV-thumb-2-768x768.jpg 768w, https:\/\/ljdesign.rs\/wp-content\/uploads\/2026\/02\/ZRV-thumb-2-12x12.jpg 12w, https:\/\/ljdesign.rs\/wp-content\/uploads\/2026\/02\/ZRV-thumb-2-600x600.jpg 600w, https:\/\/ljdesign.rs\/wp-content\/uploads\/2026\/02\/ZRV-thumb-2-100x100.jpg 100w, https:\/\/ljdesign.rs\/wp-content\/uploads\/2026\/02\/ZRV-thumb-2.jpg 1080w\" sizes=\"(max-width: 1024px) 100vw, 1024px\" \/>\t\t\t\t\t\t\t\t\t\t\t\t\t\t\t<\/div>\n\t\t\t\t<\/div>\n\t\t\t\t\t<\/div>\n\t\t<\/div>\n\t\t\t\t\t<\/div>\n\t\t<\/section>\n\t\t\t\t<section class=\"elementor-section elementor-top-section elementor-element elementor-element-cac107b elementor-section-boxed elementor-section-height-default elementor-section-height-default\" data-id=\"cac107b\" data-element_type=\"section\" data-e-type=\"section\">\n\t\t\t\t\t\t<div class=\"elementor-container elementor-column-gap-default\">\n\t\t\t\t\t<div class=\"elementor-column elementor-col-66 elementor-top-column elementor-element elementor-element-8e40c78\" data-id=\"8e40c78\" data-element_type=\"column\" data-e-type=\"column\">\n\t\t\t<div class=\"elementor-widget-wrap elementor-element-populated\">\n\t\t\t\t\t\t<div class=\"elementor-element elementor-element-1c4a9a2 elementor-widget elementor-widget-image\" data-id=\"1c4a9a2\" data-element_type=\"widget\" data-e-type=\"widget\" data-widget_type=\"image.default\">\n\t\t\t\t<div class=\"elementor-widget-container\">\n\t\t\t\t\t\t\t\t\t\t\t\t\t\t\t<img loading=\"lazy\" decoding=\"async\" width=\"1920\" height=\"1080\" src=\"https:\/\/ljdesign.rs\/wp-content\/uploads\/2026\/02\/ZRV-05.jpg\" class=\"attachment-full size-full wp-image-4815\" alt=\"\" srcset=\"https:\/\/ljdesign.rs\/wp-content\/uploads\/2026\/02\/ZRV-05.jpg 1920w, https:\/\/ljdesign.rs\/wp-content\/uploads\/2026\/02\/ZRV-05-300x169.jpg 300w, https:\/\/ljdesign.rs\/wp-content\/uploads\/2026\/02\/ZRV-05-1024x576.jpg 1024w, https:\/\/ljdesign.rs\/wp-content\/uploads\/2026\/02\/ZRV-05-768x432.jpg 768w, https:\/\/ljdesign.rs\/wp-content\/uploads\/2026\/02\/ZRV-05-1536x864.jpg 1536w, https:\/\/ljdesign.rs\/wp-content\/uploads\/2026\/02\/ZRV-05-18x10.jpg 18w, https:\/\/ljdesign.rs\/wp-content\/uploads\/2026\/02\/ZRV-05-600x338.jpg 600w\" sizes=\"(max-width: 1920px) 100vw, 1920px\" \/>\t\t\t\t\t\t\t\t\t\t\t\t\t\t\t<\/div>\n\t\t\t\t<\/div>\n\t\t\t\t\t<\/div>\n\t\t<\/div>\n\t\t\t\t<div class=\"elementor-column elementor-col-33 elementor-top-column elementor-element elementor-element-bea5a34\" data-id=\"bea5a34\" data-element_type=\"column\" data-e-type=\"column\">\n\t\t\t<div class=\"elementor-widget-wrap elementor-element-populated\">\n\t\t\t\t\t\t<div class=\"elementor-element elementor-element-e1c59fe elementor-widget elementor-widget-image\" data-id=\"e1c59fe\" data-element_type=\"widget\" data-e-type=\"widget\" data-widget_type=\"image.default\">\n\t\t\t\t<div class=\"elementor-widget-container\">\n\t\t\t\t\t\t\t\t\t\t\t\t\t\t\t<img loading=\"lazy\" decoding=\"async\" width=\"940\" height=\"1080\" src=\"https:\/\/ljdesign.rs\/wp-content\/uploads\/2026\/02\/ZRV-10.jpg\" class=\"attachment-full size-full wp-image-4823\" alt=\"\" srcset=\"https:\/\/ljdesign.rs\/wp-content\/uploads\/2026\/02\/ZRV-10.jpg 940w, https:\/\/ljdesign.rs\/wp-content\/uploads\/2026\/02\/ZRV-10-261x300.jpg 261w, https:\/\/ljdesign.rs\/wp-content\/uploads\/2026\/02\/ZRV-10-891x1024.jpg 891w, https:\/\/ljdesign.rs\/wp-content\/uploads\/2026\/02\/ZRV-10-768x882.jpg 768w, https:\/\/ljdesign.rs\/wp-content\/uploads\/2026\/02\/ZRV-10-10x12.jpg 10w, https:\/\/ljdesign.rs\/wp-content\/uploads\/2026\/02\/ZRV-10-600x689.jpg 600w\" sizes=\"(max-width: 940px) 100vw, 940px\" \/>\t\t\t\t\t\t\t\t\t\t\t\t\t\t\t<\/div>\n\t\t\t\t<\/div>\n\t\t\t\t\t<\/div>\n\t\t<\/div>\n\t\t\t\t\t<\/div>\n\t\t<\/section>\n\t\t\t\t<\/div>","protected":false},"excerpt":{"rendered":"<p>\u017divi.Radi.Voli. redizajn vizuelnog identiteta Moj preduzetni\u010dki put se najvi\u0161e promenio kada sam upoznala Sonju Daki\u0107, \u017eenu sunce, velikog srca koja nesebi\u010dno deli svoje ogromno znanje kroz razli\u010dite radionice i programe. Sonja je stvorila \u017divi.Radi.Voli. zajednicu u kojoj poma\u017ee preduzetnicama da njihove ideje porastu. Velika mi je \u010dast \u0161to mi je poklonila poverenje da za zajednicu [&hellip;]<\/p>\n","protected":false},"author":1,"featured_media":0,"parent":0,"menu_order":0,"comment_status":"closed","ping_status":"closed","template":"","meta":{"site-sidebar-layout":"no-sidebar","site-content-layout":"page-builder","ast-site-content-layout":"full-width-container","site-content-style":"default","site-sidebar-style":"default","ast-global-header-display":"","ast-banner-title-visibility":"","ast-main-header-display":"","ast-hfb-above-header-display":"","ast-hfb-below-header-display":"","ast-hfb-mobile-header-display":"","site-post-title":"","ast-breadcrumbs-content":"","ast-featured-img":"disabled","footer-sml-layout":"","ast-disable-related-posts":"","theme-transparent-header-meta":"","adv-header-id-meta":"","stick-header-meta":"","header-above-stick-meta":"","header-main-stick-meta":"","header-below-stick-meta":"","astra-migrate-meta-layouts":"set","ast-page-background-enabled":"default","ast-page-background-meta":{"desktop":{"background-color":"var(--ast-global-color-4)","background-image":"","background-repeat":"repeat","background-position":"center center","background-size":"auto","background-attachment":"scroll","background-type":"","background-media":"","overlay-type":"","overlay-color":"","overlay-opacity":"","overlay-gradient":""},"tablet":{"background-color":"","background-image":"","background-repeat":"repeat","background-position":"center center","background-size":"auto","background-attachment":"scroll","background-type":"","background-media":"","overlay-type":"","overlay-color":"","overlay-opacity":"","overlay-gradient":""},"mobile":{"background-color":"","background-image":"","background-repeat":"repeat","background-position":"center center","background-size":"auto","background-attachment":"scroll","background-type":"","background-media":"","overlay-type":"","overlay-color":"","overlay-opacity":"","overlay-gradient":""}},"ast-content-background-meta":{"desktop":{"background-color":"var(--ast-global-color-5)","background-image":"","background-repeat":"repeat","background-position":"center center","background-size":"auto","background-attachment":"scroll","background-type":"","background-media":"","overlay-type":"","overlay-color":"","overlay-opacity":"","overlay-gradient":""},"tablet":{"background-color":"var(--ast-global-color-5)","background-image":"","background-repeat":"repeat","background-position":"center center","background-size":"auto","background-attachment":"scroll","background-type":"","background-media":"","overlay-type":"","overlay-color":"","overlay-opacity":"","overlay-gradient":""},"mobile":{"background-color":"var(--ast-global-color-5)","background-image":"","background-repeat":"repeat","background-position":"center center","background-size":"auto","background-attachment":"scroll","background-type":"","background-media":"","overlay-type":"","overlay-color":"","overlay-opacity":"","overlay-gradient":""}},"footnotes":""},"class_list":["post-4808","page","type-page","status-publish","hentry"],"_links":{"self":[{"href":"https:\/\/ljdesign.rs\/sr\/wp-json\/wp\/v2\/pages\/4808","targetHints":{"allow":["GET"]}}],"collection":[{"href":"https:\/\/ljdesign.rs\/sr\/wp-json\/wp\/v2\/pages"}],"about":[{"href":"https:\/\/ljdesign.rs\/sr\/wp-json\/wp\/v2\/types\/page"}],"author":[{"embeddable":true,"href":"https:\/\/ljdesign.rs\/sr\/wp-json\/wp\/v2\/users\/1"}],"replies":[{"embeddable":true,"href":"https:\/\/ljdesign.rs\/sr\/wp-json\/wp\/v2\/comments?post=4808"}],"version-history":[{"count":7,"href":"https:\/\/ljdesign.rs\/sr\/wp-json\/wp\/v2\/pages\/4808\/revisions"}],"predecessor-version":[{"id":4854,"href":"https:\/\/ljdesign.rs\/sr\/wp-json\/wp\/v2\/pages\/4808\/revisions\/4854"}],"wp:attachment":[{"href":"https:\/\/ljdesign.rs\/sr\/wp-json\/wp\/v2\/media?parent=4808"}],"curies":[{"name":"wp","href":"https:\/\/api.w.org\/{rel}","templated":true}]}}