{"id":4689,"date":"2025-09-24T10:24:05","date_gmt":"2025-09-24T09:24:05","guid":{"rendered":"https:\/\/ljdesign.rs\/?page_id=4689"},"modified":"2025-09-24T12:22:55","modified_gmt":"2025-09-24T11:22:55","slug":"graficki-dizajner","status":"publish","type":"page","link":"https:\/\/ljdesign.rs\/sr\/graficki-dizajner\/","title":{"rendered":"Grafi\u010dki dizajner"},"content":{"rendered":"<div data-elementor-type=\"wp-page\" data-elementor-id=\"4689\" class=\"elementor elementor-4689\" data-elementor-post-type=\"page\">\n\t\t\t\t\t\t<section class=\"elementor-section elementor-top-section elementor-element elementor-element-20edf23 elementor-section-boxed elementor-section-height-default elementor-section-height-default\" data-id=\"20edf23\" data-element_type=\"section\" data-e-type=\"section\">\n\t\t\t\t\t\t<div class=\"elementor-container elementor-column-gap-default\">\n\t\t\t\t\t<div class=\"elementor-column elementor-col-33 elementor-top-column elementor-element elementor-element-a9fb3a8\" data-id=\"a9fb3a8\" data-element_type=\"column\" data-e-type=\"column\">\n\t\t\t<div class=\"elementor-widget-wrap\">\n\t\t\t\t\t\t\t<\/div>\n\t\t<\/div>\n\t\t\t\t<div class=\"elementor-column elementor-col-66 elementor-top-column elementor-element elementor-element-a11cfa5\" data-id=\"a11cfa5\" data-element_type=\"column\" data-e-type=\"column\">\n\t\t\t<div class=\"elementor-widget-wrap elementor-element-populated\">\n\t\t\t\t\t\t<div class=\"elementor-element elementor-element-ae420b4 elementor-widget elementor-widget-image\" data-id=\"ae420b4\" data-element_type=\"widget\" data-e-type=\"widget\" data-widget_type=\"image.default\">\n\t\t\t\t<div class=\"elementor-widget-container\">\n\t\t\t\t\t\t\t\t\t\t\t\t\t\t\t<img fetchpriority=\"high\" decoding=\"async\" width=\"1288\" height=\"980\" src=\"https:\/\/ljdesign.rs\/wp-content\/uploads\/2024\/09\/dizajner-02.png\" class=\"attachment-full size-full wp-image-4099\" alt=\"grafi\u010dki dizajner\" srcset=\"https:\/\/ljdesign.rs\/wp-content\/uploads\/2024\/09\/dizajner-02.png 1288w, https:\/\/ljdesign.rs\/wp-content\/uploads\/2024\/09\/dizajner-02-300x228.png 300w, https:\/\/ljdesign.rs\/wp-content\/uploads\/2024\/09\/dizajner-02-1024x779.png 1024w, https:\/\/ljdesign.rs\/wp-content\/uploads\/2024\/09\/dizajner-02-768x584.png 768w, https:\/\/ljdesign.rs\/wp-content\/uploads\/2024\/09\/dizajner-02-16x12.png 16w, https:\/\/ljdesign.rs\/wp-content\/uploads\/2024\/09\/dizajner-02-600x457.png 600w\" sizes=\"(max-width: 1288px) 100vw, 1288px\" \/>\t\t\t\t\t\t\t\t\t\t\t\t\t\t\t<\/div>\n\t\t\t\t<\/div>\n\t\t\t\t\t<\/div>\n\t\t<\/div>\n\t\t\t\t\t<\/div>\n\t\t<\/section>\n\t\t\t\t<section class=\"elementor-section elementor-top-section elementor-element elementor-element-f22e94a elementor-section-boxed elementor-section-height-default elementor-section-height-default\" data-id=\"f22e94a\" data-element_type=\"section\" data-e-type=\"section\">\n\t\t\t\t\t\t<div class=\"elementor-container elementor-column-gap-default\">\n\t\t\t\t\t<div class=\"elementor-column elementor-col-100 elementor-top-column elementor-element elementor-element-3d8d72a\" data-id=\"3d8d72a\" data-element_type=\"column\" data-e-type=\"column\">\n\t\t\t<div class=\"elementor-widget-wrap elementor-element-populated\">\n\t\t\t\t\t\t<div class=\"elementor-element elementor-element-66302f5 elementor-widget elementor-widget-text-editor\" data-id=\"66302f5\" data-element_type=\"widget\" data-e-type=\"widget\" data-widget_type=\"text-editor.default\">\n\t\t\t\t<div class=\"elementor-widget-container\">\n\t\t\t\t\t\t\t\t\t<p><strong>Moje ime je Ljubica Markovi\u0107. Ja sam grafi\u010dki dizajner koji stoji iza Lj.design studija <\/strong>iz Beograda. Iako sam po formalnom obrazovanju arhitekta,\u00a0<strong>profesionalno se bavim grafi\u010dkim dizajnom od 2013. godine.<\/strong>\u00a0Drugim re\u010dima &#8211; volim da crtam! A nisu mi strane ni druge kreativno-stvarala\u010dke delatnosti. Na sajtu mo\u017eete na\u0107i i proizvode koje sam dizajnirala, a u nekim plesnim salama mo\u017eete na\u0107i mene &#8211; kako \u0111uskam uli\u010dne plesove.<\/p><p>One kobne 2020. godine, kada je sve stalo, ja sam ne\u0161to pokrenula &#8211;\u00a0<strong>svoj dizajn studio.<\/strong>\u00a0Cilj je bio stvaranje\u00a0<strong>poslovne \u0161irine u kojoj bih mogla da radim vo\u0111ena sopstvenim vrednostima<\/strong>\u00a0i na taj na\u010din doprinesem zajednici svojim ve\u0161tinama u punom kapacitetu.\u00a0<strong>\u017delela sam da radim na kvalitetnim i kreativnim re\u0161enjima sa ljudima koji vrednuju vizuelnu komunikaciju.<\/strong><\/p><p><strong>Specijalnost mi je kreiranje vizuelnih identiteta. Najvi\u0161e iskustva sam stekla upravo u toj oblasti, u svojoj jedanaestogodi\u0161njoj<\/strong>\u00a0korporativnoj i preduzetni\u010dkoj praksi. U procesu kreiranja sa klijentima prevodim pri\u010du njihovog brenda u jezik formi i boja.<\/p><p><strong>Jasna komunikacija je klju\u010d<\/strong>\u00a0&#8211; izme\u0111u mene i vas, izme\u0111u vas i va\u0161e ciljne grupe. Zato sam razvila radne procese koji mi poma\u017eu da bolje razumem va\u0161e potrebe, kao i potrebe va\u0161e publike.<\/p>\t\t\t\t\t\t\t\t<\/div>\n\t\t\t\t<\/div>\n\t\t\t\t<div class=\"elementor-element elementor-element-bffaabc elementor-widget elementor-widget-text-editor\" data-id=\"bffaabc\" data-element_type=\"widget\" data-e-type=\"widget\" data-widget_type=\"text-editor.default\">\n\t\t\t\t<div class=\"elementor-widget-container\">\n\t\t\t\t\t\t\t\t\t<h4><strong>Duboko verujem da su najuspe\u0161nije saradnje one koje se zasnivaju na uzajamnom po\u0161tovanju, posve\u0107enosti i timskom radu.<\/strong>\u00a0Tada nastaje prava magija.<\/h4><p>\u00a0<\/p><h4>Ukoliko delite ova uverenja i \u017eelite da na ovakav na\u010din stvarate svoju vizuelnu pri\u010du<\/h4>\t\t\t\t\t\t\t\t<\/div>\n\t\t\t\t<\/div>\n\t\t\t\t<div class=\"elementor-element elementor-element-d6b2dc1 elementor-widget elementor-widget-button\" data-id=\"d6b2dc1\" data-element_type=\"widget\" data-e-type=\"widget\" data-widget_type=\"button.default\">\n\t\t\t\t<div class=\"elementor-widget-container\">\n\t\t\t\t\t\t\t\t\t<div class=\"elementor-button-wrapper\">\n\t\t\t\t\t<a class=\"elementor-button elementor-button-link elementor-size-sm\" href=\"https:\/\/ljdesign.rs\/sr\/kontakt\/\" target=\"_blank\">\n\t\t\t\t\t\t<span class=\"elementor-button-content-wrapper\">\n\t\t\t\t\t\t\t\t\t<span class=\"elementor-button-text\">KONTAKTIRAJTE ME<\/span>\n\t\t\t\t\t<\/span>\n\t\t\t\t\t<\/a>\n\t\t\t\t<\/div>\n\t\t\t\t\t\t\t\t<\/div>\n\t\t\t\t<\/div>\n\t\t\t\t\t<\/div>\n\t\t<\/div>\n\t\t\t\t\t<\/div>\n\t\t<\/section>\n\t\t\t\t<\/div>","protected":false},"excerpt":{"rendered":"<p>Moje ime je Ljubica Markovi\u0107. Ja sam grafi\u010dki dizajner koji stoji iza Lj.design studija iz Beograda. Iako sam po formalnom obrazovanju arhitekta,\u00a0profesionalno se bavim grafi\u010dkim dizajnom od 2013. godine.\u00a0Drugim re\u010dima &#8211; volim da crtam! A nisu mi strane ni druge kreativno-stvarala\u010dke delatnosti. Na sajtu mo\u017eete na\u0107i i proizvode koje sam dizajnirala, a u nekim plesnim [&hellip;]<\/p>\n","protected":false},"author":1,"featured_media":0,"parent":0,"menu_order":0,"comment_status":"closed","ping_status":"closed","template":"","meta":{"site-sidebar-layout":"no-sidebar","site-content-layout":"page-builder","ast-site-content-layout":"full-width-container","site-content-style":"default","site-sidebar-style":"default","ast-global-header-display":"","ast-banner-title-visibility":"","ast-main-header-display":"","ast-hfb-above-header-display":"","ast-hfb-below-header-display":"","ast-hfb-mobile-header-display":"","site-post-title":"","ast-breadcrumbs-content":"","ast-featured-img":"disabled","footer-sml-layout":"","ast-disable-related-posts":"","theme-transparent-header-meta":"","adv-header-id-meta":"","stick-header-meta":"","header-above-stick-meta":"","header-main-stick-meta":"","header-below-stick-meta":"","astra-migrate-meta-layouts":"set","ast-page-background-enabled":"default","ast-page-background-meta":{"desktop":{"background-color":"var(--ast-global-color-4)","background-image":"","background-repeat":"repeat","background-position":"center center","background-size":"auto","background-attachment":"scroll","background-type":"","background-media":"","overlay-type":"","overlay-color":"","overlay-opacity":"","overlay-gradient":""},"tablet":{"background-color":"","background-image":"","background-repeat":"repeat","background-position":"center center","background-size":"auto","background-attachment":"scroll","background-type":"","background-media":"","overlay-type":"","overlay-color":"","overlay-opacity":"","overlay-gradient":""},"mobile":{"background-color":"","background-image":"","background-repeat":"repeat","background-position":"center center","background-size":"auto","background-attachment":"scroll","background-type":"","background-media":"","overlay-type":"","overlay-color":"","overlay-opacity":"","overlay-gradient":""}},"ast-content-background-meta":{"desktop":{"background-color":"var(--ast-global-color-5)","background-image":"","background-repeat":"repeat","background-position":"center center","background-size":"auto","background-attachment":"scroll","background-type":"","background-media":"","overlay-type":"","overlay-color":"","overlay-opacity":"","overlay-gradient":""},"tablet":{"background-color":"var(--ast-global-color-5)","background-image":"","background-repeat":"repeat","background-position":"center center","background-size":"auto","background-attachment":"scroll","background-type":"","background-media":"","overlay-type":"","overlay-color":"","overlay-opacity":"","overlay-gradient":""},"mobile":{"background-color":"var(--ast-global-color-5)","background-image":"","background-repeat":"repeat","background-position":"center center","background-size":"auto","background-attachment":"scroll","background-type":"","background-media":"","overlay-type":"","overlay-color":"","overlay-opacity":"","overlay-gradient":""}},"footnotes":""},"class_list":["post-4689","page","type-page","status-publish","hentry"],"_links":{"self":[{"href":"https:\/\/ljdesign.rs\/sr\/wp-json\/wp\/v2\/pages\/4689","targetHints":{"allow":["GET"]}}],"collection":[{"href":"https:\/\/ljdesign.rs\/sr\/wp-json\/wp\/v2\/pages"}],"about":[{"href":"https:\/\/ljdesign.rs\/sr\/wp-json\/wp\/v2\/types\/page"}],"author":[{"embeddable":true,"href":"https:\/\/ljdesign.rs\/sr\/wp-json\/wp\/v2\/users\/1"}],"replies":[{"embeddable":true,"href":"https:\/\/ljdesign.rs\/sr\/wp-json\/wp\/v2\/comments?post=4689"}],"version-history":[{"count":7,"href":"https:\/\/ljdesign.rs\/sr\/wp-json\/wp\/v2\/pages\/4689\/revisions"}],"predecessor-version":[{"id":4699,"href":"https:\/\/ljdesign.rs\/sr\/wp-json\/wp\/v2\/pages\/4689\/revisions\/4699"}],"wp:attachment":[{"href":"https:\/\/ljdesign.rs\/sr\/wp-json\/wp\/v2\/media?parent=4689"}],"curies":[{"name":"wp","href":"https:\/\/api.w.org\/{rel}","templated":true}]}}