{"id":4403,"date":"2024-10-27T16:26:54","date_gmt":"2024-10-27T15:26:54","guid":{"rendered":"https:\/\/ljdesign.rs\/?page_id=4403"},"modified":"2026-01-15T21:45:36","modified_gmt":"2026-01-15T20:45:36","slug":"danijela-mitrovic-hair-stylist","status":"publish","type":"page","link":"https:\/\/ljdesign.rs\/sr\/danijela-mitrovic-hair-stylist\/","title":{"rendered":"Danijela Mitrovi\u0107"},"content":{"rendered":"<div data-elementor-type=\"wp-page\" data-elementor-id=\"4403\" class=\"elementor elementor-4403\" data-elementor-post-type=\"page\">\n\t\t\t\t\t\t<section class=\"elementor-section elementor-top-section elementor-element elementor-element-bec806c elementor-section-full_width elementor-section-height-default elementor-section-height-default\" data-id=\"bec806c\" data-element_type=\"section\" data-e-type=\"section\">\n\t\t\t\t\t\t<div class=\"elementor-container elementor-column-gap-no\">\n\t\t\t\t\t<div class=\"elementor-column elementor-col-100 elementor-top-column elementor-element elementor-element-7e2c2cd\" data-id=\"7e2c2cd\" data-element_type=\"column\" data-e-type=\"column\">\n\t\t\t<div class=\"elementor-widget-wrap elementor-element-populated\">\n\t\t\t\t\t\t<div class=\"elementor-element elementor-element-56fb009 elementor-widget__width-inherit elementor-widget elementor-widget-image\" data-id=\"56fb009\" data-element_type=\"widget\" data-e-type=\"widget\" data-widget_type=\"image.default\">\n\t\t\t\t<div class=\"elementor-widget-container\">\n\t\t\t\t\t\t\t\t\t\t\t\t\t\t\t<img fetchpriority=\"high\" decoding=\"async\" width=\"1920\" height=\"1080\" src=\"https:\/\/ljdesign.rs\/wp-content\/uploads\/2024\/10\/danijela-mitrovic-01-1920x1080-1.jpg\" class=\"attachment-full size-full wp-image-4375\" alt=\"danijela-mitrovi\u0107-01\" srcset=\"https:\/\/ljdesign.rs\/wp-content\/uploads\/2024\/10\/danijela-mitrovic-01-1920x1080-1.jpg 1920w, https:\/\/ljdesign.rs\/wp-content\/uploads\/2024\/10\/danijela-mitrovic-01-1920x1080-1-300x169.jpg 300w, https:\/\/ljdesign.rs\/wp-content\/uploads\/2024\/10\/danijela-mitrovic-01-1920x1080-1-1024x576.jpg 1024w, https:\/\/ljdesign.rs\/wp-content\/uploads\/2024\/10\/danijela-mitrovic-01-1920x1080-1-768x432.jpg 768w, https:\/\/ljdesign.rs\/wp-content\/uploads\/2024\/10\/danijela-mitrovic-01-1920x1080-1-1536x864.jpg 1536w, https:\/\/ljdesign.rs\/wp-content\/uploads\/2024\/10\/danijela-mitrovic-01-1920x1080-1-18x10.jpg 18w, https:\/\/ljdesign.rs\/wp-content\/uploads\/2024\/10\/danijela-mitrovic-01-1920x1080-1-600x338.jpg 600w\" sizes=\"(max-width: 1920px) 100vw, 1920px\" \/>\t\t\t\t\t\t\t\t\t\t\t\t\t\t\t<\/div>\n\t\t\t\t<\/div>\n\t\t\t\t\t<\/div>\n\t\t<\/div>\n\t\t\t\t\t<\/div>\n\t\t<\/section>\n\t\t\t\t<section class=\"elementor-section elementor-top-section elementor-element elementor-element-ac0f5f3 elementor-section-boxed elementor-section-height-default elementor-section-height-default\" data-id=\"ac0f5f3\" data-element_type=\"section\" data-e-type=\"section\" data-settings=\"{&quot;background_background&quot;:&quot;classic&quot;}\">\n\t\t\t\t\t\t<div class=\"elementor-container elementor-column-gap-default\">\n\t\t\t\t\t<div class=\"elementor-column elementor-col-100 elementor-top-column elementor-element elementor-element-299c0ce\" data-id=\"299c0ce\" data-element_type=\"column\" data-e-type=\"column\">\n\t\t\t<div class=\"elementor-widget-wrap elementor-element-populated\">\n\t\t\t\t\t\t<div class=\"elementor-element elementor-element-544e22f elementor-widget elementor-widget-image\" data-id=\"544e22f\" data-element_type=\"widget\" data-e-type=\"widget\" data-widget_type=\"image.default\">\n\t\t\t\t<div class=\"elementor-widget-container\">\n\t\t\t\t\t\t\t\t\t\t\t\t\t\t\t<img decoding=\"async\" width=\"768\" height=\"768\" src=\"https:\/\/ljdesign.rs\/wp-content\/uploads\/2024\/10\/danijela-mitrovic-02-768x768.png\" class=\"attachment-medium_large size-medium_large wp-image-4409\" alt=\"\" srcset=\"https:\/\/ljdesign.rs\/wp-content\/uploads\/2024\/10\/danijela-mitrovic-02-768x768.png 768w, https:\/\/ljdesign.rs\/wp-content\/uploads\/2024\/10\/danijela-mitrovic-02-300x300.png 300w, https:\/\/ljdesign.rs\/wp-content\/uploads\/2024\/10\/danijela-mitrovic-02-150x150.png 150w, https:\/\/ljdesign.rs\/wp-content\/uploads\/2024\/10\/danijela-mitrovic-02-12x12.png 12w, https:\/\/ljdesign.rs\/wp-content\/uploads\/2024\/10\/elementor\/thumbs\/danijela-mitrovic-02-qw6l81fpqgmen1n4xpmdsknrg4ekv268f75yvobaeo.png 600w, https:\/\/ljdesign.rs\/wp-content\/uploads\/2024\/10\/danijela-mitrovic-02-100x100.png 100w, https:\/\/ljdesign.rs\/wp-content\/uploads\/2024\/10\/danijela-mitrovic-02.png 800w\" sizes=\"(max-width: 768px) 100vw, 768px\" \/>\t\t\t\t\t\t\t\t\t\t\t\t\t\t\t<\/div>\n\t\t\t\t<\/div>\n\t\t\t\t\t<\/div>\n\t\t<\/div>\n\t\t\t\t\t<\/div>\n\t\t<\/section>\n\t\t\t\t<section class=\"elementor-section elementor-top-section elementor-element elementor-element-f861e81 elementor-section-boxed elementor-section-height-default elementor-section-height-default\" data-id=\"f861e81\" data-element_type=\"section\" data-e-type=\"section\" data-settings=\"{&quot;background_background&quot;:&quot;classic&quot;}\">\n\t\t\t\t\t\t<div class=\"elementor-container elementor-column-gap-default\">\n\t\t\t\t\t<div class=\"elementor-column elementor-col-100 elementor-top-column elementor-element elementor-element-e8cf45d\" data-id=\"e8cf45d\" data-element_type=\"column\" data-e-type=\"column\">\n\t\t\t<div class=\"elementor-widget-wrap elementor-element-populated\">\n\t\t\t\t\t\t<div class=\"elementor-element elementor-element-1767516 elementor-widget elementor-widget-image\" data-id=\"1767516\" data-element_type=\"widget\" data-e-type=\"widget\" data-widget_type=\"image.default\">\n\t\t\t\t<div class=\"elementor-widget-container\">\n\t\t\t\t\t\t\t\t\t\t\t\t\t\t\t<img decoding=\"async\" width=\"768\" height=\"307\" src=\"https:\/\/ljdesign.rs\/wp-content\/uploads\/2024\/10\/danijela-mitrovic-03.png\" class=\"attachment-medium_large size-medium_large wp-image-4418\" alt=\"danijela-mitrovi\u0107-03a\" srcset=\"https:\/\/ljdesign.rs\/wp-content\/uploads\/2024\/10\/danijela-mitrovic-03.png 1000w, https:\/\/ljdesign.rs\/wp-content\/uploads\/2024\/10\/danijela-mitrovic-03-300x120.png 300w, https:\/\/ljdesign.rs\/wp-content\/uploads\/2024\/10\/danijela-mitrovic-03-768x307.png 768w, https:\/\/ljdesign.rs\/wp-content\/uploads\/2024\/10\/danijela-mitrovic-03-18x7.png 18w, https:\/\/ljdesign.rs\/wp-content\/uploads\/2024\/10\/danijela-mitrovic-03-600x240.png 600w, https:\/\/ljdesign.rs\/wp-content\/uploads\/2024\/10\/elementor\/thumbs\/danijela-mitrovic-03-qw6ld7jtrd7bi77orm51sbdpamscedmufn4uh29wu8.png 800w\" sizes=\"(max-width: 768px) 100vw, 768px\" \/>\t\t\t\t\t\t\t\t\t\t\t\t\t\t\t<\/div>\n\t\t\t\t<\/div>\n\t\t\t\t\t<\/div>\n\t\t<\/div>\n\t\t\t\t\t<\/div>\n\t\t<\/section>\n\t\t\t\t<section class=\"elementor-section elementor-top-section elementor-element elementor-element-c76ee3d elementor-section-boxed elementor-section-height-default elementor-section-height-default\" data-id=\"c76ee3d\" data-element_type=\"section\" data-e-type=\"section\" data-settings=\"{&quot;background_background&quot;:&quot;classic&quot;}\">\n\t\t\t\t\t\t\t<div class=\"elementor-background-overlay\"><\/div>\n\t\t\t\t\t\t\t<div class=\"elementor-container elementor-column-gap-default\">\n\t\t\t\t\t<div class=\"elementor-column elementor-col-100 elementor-top-column elementor-element elementor-element-7bcef3a\" data-id=\"7bcef3a\" data-element_type=\"column\" data-e-type=\"column\">\n\t\t\t<div class=\"elementor-widget-wrap elementor-element-populated\">\n\t\t\t\t\t\t<div class=\"elementor-element elementor-element-53295af elementor-widget elementor-widget-text-editor\" data-id=\"53295af\" data-element_type=\"widget\" data-e-type=\"widget\" data-widget_type=\"text-editor.default\">\n\t\t\t\t<div class=\"elementor-widget-container\">\n\t\t\t\t\t\t\t\t\t<p>Danijela Mitrovi\u0107 je frizerka iz Beograda, koja je osmislila jedinstven program za oporavak kose. Uz kvalitetnu frizersku uslugu u njenom salonu akcenat je bio na tretmanima za negu kose. \u017delela je da pomogne \u017eenama da imaju lepu, zdravu i negovanu kosu.<\/p><p>Logo koji je kreiran za njen brend ujedinjuje \u017eensku energiju, lepotu, zdravlje i prirodu. Jedna mo\u0107na \u017eena je u centru kompozicije. Njene ruke pobedonosno su podignute na gore. Ona je simbol lepote i jedno je sa prirodom koju simbolizuje list. Rezultat je zdrava i vitalna kosa prikazana kroz jedan isprepletani pramen. Paletu boja \u010dine prirodni tonovi, boja prirodne sme\u0111e kose, plave nijanse vode. Vizuelni identitet primenjen je na dizajn vizit karte i vizuale za Instagram.<\/p>\t\t\t\t\t\t\t\t<\/div>\n\t\t\t\t<\/div>\n\t\t\t\t\t<\/div>\n\t\t<\/div>\n\t\t\t\t\t<\/div>\n\t\t<\/section>\n\t\t\t\t<section class=\"elementor-section elementor-top-section elementor-element elementor-element-98a6300 elementor-section-full_width elementor-section-height-default elementor-section-height-default\" data-id=\"98a6300\" data-element_type=\"section\" data-e-type=\"section\">\n\t\t\t\t\t\t<div class=\"elementor-container elementor-column-gap-no\">\n\t\t\t\t\t<div class=\"elementor-column elementor-col-100 elementor-top-column elementor-element elementor-element-43179c8\" data-id=\"43179c8\" data-element_type=\"column\" data-e-type=\"column\">\n\t\t\t<div class=\"elementor-widget-wrap elementor-element-populated\">\n\t\t\t\t\t\t<div class=\"elementor-element elementor-element-b9b175b elementor-widget elementor-widget-image\" data-id=\"b9b175b\" data-element_type=\"widget\" data-e-type=\"widget\" data-widget_type=\"image.default\">\n\t\t\t\t<div class=\"elementor-widget-container\">\n\t\t\t\t\t\t\t\t\t\t\t\t\t\t\t<img loading=\"lazy\" decoding=\"async\" width=\"1920\" height=\"1080\" src=\"https:\/\/ljdesign.rs\/wp-content\/uploads\/2024\/10\/danijela-mitrovic-03.jpg\" class=\"attachment-full size-full wp-image-4446\" alt=\"danijela-mitrovi\u0107-03\" srcset=\"https:\/\/ljdesign.rs\/wp-content\/uploads\/2024\/10\/danijela-mitrovic-03.jpg 1920w, https:\/\/ljdesign.rs\/wp-content\/uploads\/2024\/10\/danijela-mitrovic-03-300x169.jpg 300w, https:\/\/ljdesign.rs\/wp-content\/uploads\/2024\/10\/danijela-mitrovic-03-1024x576.jpg 1024w, https:\/\/ljdesign.rs\/wp-content\/uploads\/2024\/10\/danijela-mitrovic-03-768x432.jpg 768w, https:\/\/ljdesign.rs\/wp-content\/uploads\/2024\/10\/danijela-mitrovic-03-1536x864.jpg 1536w, https:\/\/ljdesign.rs\/wp-content\/uploads\/2024\/10\/danijela-mitrovic-03-18x10.jpg 18w, https:\/\/ljdesign.rs\/wp-content\/uploads\/2024\/10\/danijela-mitrovic-03-600x338.jpg 600w\" sizes=\"(max-width: 1920px) 100vw, 1920px\" \/>\t\t\t\t\t\t\t\t\t\t\t\t\t\t\t<\/div>\n\t\t\t\t<\/div>\n\t\t\t\t\t<\/div>\n\t\t<\/div>\n\t\t\t\t\t<\/div>\n\t\t<\/section>\n\t\t\t\t<section class=\"elementor-section elementor-top-section elementor-element elementor-element-d28549d elementor-section-boxed elementor-section-height-default elementor-section-height-default\" data-id=\"d28549d\" data-element_type=\"section\" data-e-type=\"section\" data-settings=\"{&quot;background_background&quot;:&quot;classic&quot;}\">\n\t\t\t\t\t\t<div class=\"elementor-container elementor-column-gap-default\">\n\t\t\t\t\t<div class=\"elementor-column elementor-col-100 elementor-top-column elementor-element elementor-element-e6ff65d\" data-id=\"e6ff65d\" data-element_type=\"column\" data-e-type=\"column\">\n\t\t\t<div class=\"elementor-widget-wrap elementor-element-populated\">\n\t\t\t\t\t\t<div class=\"elementor-element elementor-element-b058f3b elementor-widget elementor-widget-image\" data-id=\"b058f3b\" data-element_type=\"widget\" data-e-type=\"widget\" data-widget_type=\"image.default\">\n\t\t\t\t<div class=\"elementor-widget-container\">\n\t\t\t\t\t\t\t\t\t\t\t\t\t\t\t<img loading=\"lazy\" decoding=\"async\" width=\"1024\" height=\"256\" src=\"https:\/\/ljdesign.rs\/wp-content\/uploads\/2024\/10\/danijela-mitrovic-04-1024x256.png\" class=\"attachment-large size-large wp-image-4451\" alt=\"danijela-mitrovi\u0107-04\" srcset=\"https:\/\/ljdesign.rs\/wp-content\/uploads\/2024\/10\/danijela-mitrovic-04-1024x256.png 1024w, https:\/\/ljdesign.rs\/wp-content\/uploads\/2024\/10\/danijela-mitrovic-04-300x75.png 300w, https:\/\/ljdesign.rs\/wp-content\/uploads\/2024\/10\/danijela-mitrovic-04-768x192.png 768w, https:\/\/ljdesign.rs\/wp-content\/uploads\/2024\/10\/danijela-mitrovic-04-1536x384.png 1536w, https:\/\/ljdesign.rs\/wp-content\/uploads\/2024\/10\/danijela-mitrovic-04-18x5.png 18w, https:\/\/ljdesign.rs\/wp-content\/uploads\/2024\/10\/danijela-mitrovic-04-600x150.png 600w, https:\/\/ljdesign.rs\/wp-content\/uploads\/2024\/10\/danijela-mitrovic-04.png 1600w\" sizes=\"(max-width: 1024px) 100vw, 1024px\" \/>\t\t\t\t\t\t\t\t\t\t\t\t\t\t\t<\/div>\n\t\t\t\t<\/div>\n\t\t\t\t\t<\/div>\n\t\t<\/div>\n\t\t\t\t\t<\/div>\n\t\t<\/section>\n\t\t\t\t<section class=\"elementor-section elementor-top-section elementor-element elementor-element-f58816e elementor-section-boxed elementor-section-height-default elementor-section-height-default\" data-id=\"f58816e\" data-element_type=\"section\" data-e-type=\"section\" data-settings=\"{&quot;background_background&quot;:&quot;classic&quot;}\">\n\t\t\t\t\t\t<div class=\"elementor-container elementor-column-gap-default\">\n\t\t\t\t\t<div class=\"elementor-column elementor-col-100 elementor-top-column elementor-element elementor-element-e60cef3\" data-id=\"e60cef3\" data-element_type=\"column\" data-e-type=\"column\">\n\t\t\t<div class=\"elementor-widget-wrap elementor-element-populated\">\n\t\t\t\t\t\t<div class=\"elementor-element elementor-element-ce24061 elementor-widget elementor-widget-image\" data-id=\"ce24061\" data-element_type=\"widget\" data-e-type=\"widget\" data-widget_type=\"image.default\">\n\t\t\t\t<div class=\"elementor-widget-container\">\n\t\t\t\t\t\t\t\t\t\t\t\t\t\t\t<img loading=\"lazy\" decoding=\"async\" width=\"1920\" height=\"1080\" src=\"https:\/\/ljdesign.rs\/wp-content\/uploads\/2024\/10\/danijela-mitrovic-05.png\" class=\"attachment-full size-full wp-image-4452\" alt=\"danijela-mitrovi\u0107-05\" srcset=\"https:\/\/ljdesign.rs\/wp-content\/uploads\/2024\/10\/danijela-mitrovic-05.png 1920w, https:\/\/ljdesign.rs\/wp-content\/uploads\/2024\/10\/danijela-mitrovic-05-300x169.png 300w, https:\/\/ljdesign.rs\/wp-content\/uploads\/2024\/10\/danijela-mitrovic-05-1024x576.png 1024w, https:\/\/ljdesign.rs\/wp-content\/uploads\/2024\/10\/danijela-mitrovic-05-768x432.png 768w, https:\/\/ljdesign.rs\/wp-content\/uploads\/2024\/10\/danijela-mitrovic-05-1536x864.png 1536w, https:\/\/ljdesign.rs\/wp-content\/uploads\/2024\/10\/danijela-mitrovic-05-18x10.png 18w, https:\/\/ljdesign.rs\/wp-content\/uploads\/2024\/10\/danijela-mitrovic-05-600x338.png 600w\" sizes=\"(max-width: 1920px) 100vw, 1920px\" \/>\t\t\t\t\t\t\t\t\t\t\t\t\t\t\t<\/div>\n\t\t\t\t<\/div>\n\t\t\t\t\t<\/div>\n\t\t<\/div>\n\t\t\t\t\t<\/div>\n\t\t<\/section>\n\t\t\t\t<\/div>","protected":false},"excerpt":{"rendered":"<p>Danijela Mitrovi\u0107 je frizerka iz Beograda, koja je osmislila jedinstven program za oporavak kose. Uz kvalitetnu frizersku uslugu u njenom salonu akcenat je bio na tretmanima za negu kose. \u017delela je da pomogne \u017eenama da imaju lepu, zdravu i negovanu kosu. Logo koji je kreiran za njen brend ujedinjuje \u017eensku energiju, lepotu, zdravlje i prirodu. [&hellip;]<\/p>\n","protected":false},"author":1,"featured_media":4404,"parent":0,"menu_order":0,"comment_status":"closed","ping_status":"closed","template":"","meta":{"site-sidebar-layout":"no-sidebar","site-content-layout":"page-builder","ast-site-content-layout":"full-width-container","site-content-style":"default","site-sidebar-style":"default","ast-global-header-display":"","ast-banner-title-visibility":"","ast-main-header-display":"","ast-hfb-above-header-display":"","ast-hfb-below-header-display":"","ast-hfb-mobile-header-display":"","site-post-title":"disabled","ast-breadcrumbs-content":"","ast-featured-img":"disabled","footer-sml-layout":"","ast-disable-related-posts":"","theme-transparent-header-meta":"","adv-header-id-meta":"","stick-header-meta":"","header-above-stick-meta":"","header-main-stick-meta":"","header-below-stick-meta":"","astra-migrate-meta-layouts":"set","ast-page-background-enabled":"default","ast-page-background-meta":{"desktop":{"background-color":"var(--ast-global-color-4)","background-image":"","background-repeat":"repeat","background-position":"center center","background-size":"auto","background-attachment":"scroll","background-type":"","background-media":"","overlay-type":"","overlay-color":"","overlay-opacity":"","overlay-gradient":""},"tablet":{"background-color":"","background-image":"","background-repeat":"repeat","background-position":"center center","background-size":"auto","background-attachment":"scroll","background-type":"","background-media":"","overlay-type":"","overlay-color":"","overlay-opacity":"","overlay-gradient":""},"mobile":{"background-color":"","background-image":"","background-repeat":"repeat","background-position":"center center","background-size":"auto","background-attachment":"scroll","background-type":"","background-media":"","overlay-type":"","overlay-color":"","overlay-opacity":"","overlay-gradient":""}},"ast-content-background-meta":{"desktop":{"background-color":"var(--ast-global-color-5)","background-image":"","background-repeat":"repeat","background-position":"center center","background-size":"auto","background-attachment":"scroll","background-type":"","background-media":"","overlay-type":"","overlay-color":"","overlay-opacity":"","overlay-gradient":""},"tablet":{"background-color":"var(--ast-global-color-5)","background-image":"","background-repeat":"repeat","background-position":"center center","background-size":"auto","background-attachment":"scroll","background-type":"","background-media":"","overlay-type":"","overlay-color":"","overlay-opacity":"","overlay-gradient":""},"mobile":{"background-color":"var(--ast-global-color-5)","background-image":"","background-repeat":"repeat","background-position":"center center","background-size":"auto","background-attachment":"scroll","background-type":"","background-media":"","overlay-type":"","overlay-color":"","overlay-opacity":"","overlay-gradient":""}},"footnotes":""},"class_list":["post-4403","page","type-page","status-publish","has-post-thumbnail","hentry"],"_links":{"self":[{"href":"https:\/\/ljdesign.rs\/sr\/wp-json\/wp\/v2\/pages\/4403","targetHints":{"allow":["GET"]}}],"collection":[{"href":"https:\/\/ljdesign.rs\/sr\/wp-json\/wp\/v2\/pages"}],"about":[{"href":"https:\/\/ljdesign.rs\/sr\/wp-json\/wp\/v2\/types\/page"}],"author":[{"embeddable":true,"href":"https:\/\/ljdesign.rs\/sr\/wp-json\/wp\/v2\/users\/1"}],"replies":[{"embeddable":true,"href":"https:\/\/ljdesign.rs\/sr\/wp-json\/wp\/v2\/comments?post=4403"}],"version-history":[{"count":59,"href":"https:\/\/ljdesign.rs\/sr\/wp-json\/wp\/v2\/pages\/4403\/revisions"}],"predecessor-version":[{"id":4795,"href":"https:\/\/ljdesign.rs\/sr\/wp-json\/wp\/v2\/pages\/4403\/revisions\/4795"}],"wp:featuredmedia":[{"embeddable":true,"href":"https:\/\/ljdesign.rs\/sr\/wp-json\/wp\/v2\/media\/4404"}],"wp:attachment":[{"href":"https:\/\/ljdesign.rs\/sr\/wp-json\/wp\/v2\/media?parent=4403"}],"curies":[{"name":"wp","href":"https:\/\/api.w.org\/{rel}","templated":true}]}}