{"id":4254,"date":"2024-10-13T19:25:12","date_gmt":"2024-10-13T18:25:12","guid":{"rendered":"https:\/\/ljdesign.rs\/?page_id=4254"},"modified":"2026-01-14T19:47:05","modified_gmt":"2026-01-14T18:47:05","slug":"stefan-baby-bedding","status":"publish","type":"page","link":"https:\/\/ljdesign.rs\/sr\/stefan-baby-bedding\/","title":{"rendered":"Stefan bebi posteljina"},"content":{"rendered":"<div data-elementor-type=\"wp-page\" data-elementor-id=\"4254\" class=\"elementor elementor-4254\" data-elementor-post-type=\"page\">\n\t\t\t\t\t\t<section class=\"elementor-section elementor-top-section elementor-element elementor-element-cdf5eee elementor-section-full_width elementor-section-height-default elementor-section-height-default\" data-id=\"cdf5eee\" data-element_type=\"section\" data-e-type=\"section\">\n\t\t\t\t\t\t<div class=\"elementor-container elementor-column-gap-no\">\n\t\t\t\t\t<div class=\"elementor-column elementor-col-100 elementor-top-column elementor-element elementor-element-085b8dd\" data-id=\"085b8dd\" data-element_type=\"column\" data-e-type=\"column\">\n\t\t\t<div class=\"elementor-widget-wrap elementor-element-populated\">\n\t\t\t\t\t\t<div class=\"elementor-element elementor-element-fdddcdf elementor-widget__width-inherit elementor-widget elementor-widget-image\" data-id=\"fdddcdf\" data-element_type=\"widget\" data-e-type=\"widget\" data-widget_type=\"image.default\">\n\t\t\t\t<div class=\"elementor-widget-container\">\n\t\t\t\t\t\t\t\t\t\t\t\t\t\t\t<img fetchpriority=\"high\" decoding=\"async\" width=\"1920\" height=\"1080\" src=\"https:\/\/ljdesign.rs\/wp-content\/uploads\/2024\/10\/stefan-baby-bedding-01-1920x1080-1.jpg\" class=\"attachment-full size-full wp-image-4257\" alt=\"stefan baby bedding 10\" srcset=\"https:\/\/ljdesign.rs\/wp-content\/uploads\/2024\/10\/stefan-baby-bedding-01-1920x1080-1.jpg 1920w, https:\/\/ljdesign.rs\/wp-content\/uploads\/2024\/10\/stefan-baby-bedding-01-1920x1080-1-300x169.jpg 300w, https:\/\/ljdesign.rs\/wp-content\/uploads\/2024\/10\/stefan-baby-bedding-01-1920x1080-1-1024x576.jpg 1024w, https:\/\/ljdesign.rs\/wp-content\/uploads\/2024\/10\/stefan-baby-bedding-01-1920x1080-1-768x432.jpg 768w, https:\/\/ljdesign.rs\/wp-content\/uploads\/2024\/10\/stefan-baby-bedding-01-1920x1080-1-1536x864.jpg 1536w, https:\/\/ljdesign.rs\/wp-content\/uploads\/2024\/10\/stefan-baby-bedding-01-1920x1080-1-18x10.jpg 18w, https:\/\/ljdesign.rs\/wp-content\/uploads\/2024\/10\/stefan-baby-bedding-01-1920x1080-1-600x338.jpg 600w\" sizes=\"(max-width: 1920px) 100vw, 1920px\" \/>\t\t\t\t\t\t\t\t\t\t\t\t\t\t\t<\/div>\n\t\t\t\t<\/div>\n\t\t\t\t\t<\/div>\n\t\t<\/div>\n\t\t\t\t\t<\/div>\n\t\t<\/section>\n\t\t\t\t<section class=\"elementor-section elementor-top-section elementor-element elementor-element-37d41e1 elementor-section-boxed elementor-section-height-default elementor-section-height-default\" data-id=\"37d41e1\" data-element_type=\"section\" data-e-type=\"section\">\n\t\t\t\t\t\t<div class=\"elementor-container elementor-column-gap-default\">\n\t\t\t\t\t<div class=\"elementor-column elementor-col-100 elementor-top-column elementor-element elementor-element-070bc5a\" data-id=\"070bc5a\" data-element_type=\"column\" data-e-type=\"column\">\n\t\t\t<div class=\"elementor-widget-wrap elementor-element-populated\">\n\t\t\t\t\t\t<div class=\"elementor-element elementor-element-dd335ab elementor-widget elementor-widget-heading\" data-id=\"dd335ab\" data-element_type=\"widget\" data-e-type=\"widget\" data-widget_type=\"heading.default\">\n\t\t\t\t<div class=\"elementor-widget-container\">\n\t\t\t\t\t<h2 class=\"elementor-heading-title elementor-size-default\">Stefan tekstil<\/h2>\t\t\t\t<\/div>\n\t\t\t\t<\/div>\n\t\t\t\t<div class=\"elementor-element elementor-element-7b31ba3 elementor-widget elementor-widget-text-editor\" data-id=\"7b31ba3\" data-element_type=\"widget\" data-e-type=\"widget\" data-widget_type=\"text-editor.default\">\n\t\t\t\t<div class=\"elementor-widget-container\">\n\t\t\t\t\t\t\t\t\t<p>dizajn posteljine za bebe<\/p><p>\u00a0<\/p><p><span style=\"font-weight: 400;\">Saradnja sa brendom Stefan tekstil iz Arilja se nastavila kroz projekat dizajniranja\u00a0<a href=\"https:\/\/www.stefantekstil.rs\/bebi-posteljina-sa-ogradicom-od-pamucnog-satena-pesak\" target=\"_blank\" rel=\"nofollow noopener\">posteljine za bebe sa ogradicom<\/a>. Ideja je bila da dizajn posteljine prati svedeni vizuelni identitet brenda. Materijal je pamu\u010dni saten, svilenkaste strukture, elegantan i udoban. Definisana je paleta boja u pastelnim, ne\u017enim tonovima. Kreirane su ilustracije pojednostavljenih slatkih figura \u017eivotinja u okruglastoj, mekoj formi. Crte\u017e je linearan, iz jednog poteza, tako da je pogodan i za vez. Dopunski element crte\u017eu uz liniju je ta\u010dkica za oko i ona je iskori\u0161\u0107ena kao motiv za \u0161aru na ogradici.<\/span><\/p>\t\t\t\t\t\t\t\t<\/div>\n\t\t\t\t<\/div>\n\t\t\t\t\t<\/div>\n\t\t<\/div>\n\t\t\t\t\t<\/div>\n\t\t<\/section>\n\t\t\t\t<section class=\"elementor-section elementor-top-section elementor-element elementor-element-59742e4 elementor-section-content-middle elementor-section-boxed elementor-section-height-default elementor-section-height-default\" data-id=\"59742e4\" data-element_type=\"section\" data-e-type=\"section\">\n\t\t\t\t\t\t<div class=\"elementor-container elementor-column-gap-default\">\n\t\t\t\t\t<div class=\"elementor-column elementor-col-100 elementor-top-column elementor-element elementor-element-f5087fb\" data-id=\"f5087fb\" data-element_type=\"column\" data-e-type=\"column\">\n\t\t\t<div class=\"elementor-widget-wrap elementor-element-populated\">\n\t\t\t\t\t\t<div class=\"elementor-element elementor-element-d6d8a7c elementor-widget elementor-widget-gallery\" data-id=\"d6d8a7c\" data-element_type=\"widget\" data-e-type=\"widget\" data-settings=\"{&quot;gallery_layout&quot;:&quot;masonry&quot;,&quot;columns&quot;:3,&quot;gap&quot;:{&quot;unit&quot;:&quot;px&quot;,&quot;size&quot;:30,&quot;sizes&quot;:[]},&quot;lazyload&quot;:&quot;yes&quot;,&quot;columns_tablet&quot;:2,&quot;columns_mobile&quot;:1,&quot;gap_tablet&quot;:{&quot;unit&quot;:&quot;px&quot;,&quot;size&quot;:10,&quot;sizes&quot;:[]},&quot;gap_mobile&quot;:{&quot;unit&quot;:&quot;px&quot;,&quot;size&quot;:10,&quot;sizes&quot;:[]},&quot;link_to&quot;:&quot;file&quot;,&quot;overlay_background&quot;:&quot;yes&quot;,&quot;content_hover_animation&quot;:&quot;fade-in&quot;}\" data-widget_type=\"gallery.default\">\n\t\t\t\t<div class=\"elementor-widget-container\">\n\t\t\t\t\t\t\t<div class=\"elementor-gallery__container\">\n\t\t\t\t\t\t\t<a class=\"e-gallery-item elementor-gallery-item elementor-animated-content\" href=\"https:\/\/ljdesign.rs\/wp-content\/uploads\/2024\/10\/stefan-textile-baby-bedding-02.png\" data-elementor-open-lightbox=\"yes\" data-elementor-lightbox-slideshow=\"d6d8a7c\" data-elementor-lightbox-title=\"stefan-textile-baby-bedding-02\" data-e-action-hash=\"#elementor-action%3Aaction%3Dlightbox%26settings%3DeyJpZCI6NDI2OSwidXJsIjoiaHR0cHM6XC9cL2xqZGVzaWduLnJzXC93cC1jb250ZW50XC91cGxvYWRzXC8yMDI0XC8xMFwvc3RlZmFuLXRleHRpbGUtYmFieS1iZWRkaW5nLTAyLnBuZyIsInNsaWRlc2hvdyI6ImQ2ZDhhN2MifQ%3D%3D\">\n\t\t\t\t\t<div class=\"e-gallery-image elementor-gallery-item__image\" data-thumbnail=\"https:\/\/ljdesign.rs\/wp-content\/uploads\/2024\/10\/stefan-textile-baby-bedding-02.png\" data-width=\"505\" data-height=\"505\" aria-label=\"stefan baby bedding 09\" role=\"img\" ><\/div>\n\t\t\t\t\t\t\t\t\t\t\t<div class=\"elementor-gallery-item__overlay\"><\/div>\n\t\t\t\t\t\t\t\t\t\t\t\t\t\t<\/a>\n\t\t\t\t\t\t\t<a class=\"e-gallery-item elementor-gallery-item elementor-animated-content\" href=\"https:\/\/ljdesign.rs\/wp-content\/uploads\/2024\/10\/stefan-textile-baby-bedding-03.png\" data-elementor-open-lightbox=\"yes\" data-elementor-lightbox-slideshow=\"d6d8a7c\" data-elementor-lightbox-title=\"stefan-textile-baby-bedding-03\" data-e-action-hash=\"#elementor-action%3Aaction%3Dlightbox%26settings%3DeyJpZCI6NDI3MCwidXJsIjoiaHR0cHM6XC9cL2xqZGVzaWduLnJzXC93cC1jb250ZW50XC91cGxvYWRzXC8yMDI0XC8xMFwvc3RlZmFuLXRleHRpbGUtYmFieS1iZWRkaW5nLTAzLnBuZyIsInNsaWRlc2hvdyI6ImQ2ZDhhN2MifQ%3D%3D\">\n\t\t\t\t\t<div class=\"e-gallery-image elementor-gallery-item__image\" data-thumbnail=\"https:\/\/ljdesign.rs\/wp-content\/uploads\/2024\/10\/stefan-textile-baby-bedding-03.png\" data-width=\"505\" data-height=\"505\" aria-label=\"stefan baby bedding 08\" role=\"img\" ><\/div>\n\t\t\t\t\t\t\t\t\t\t\t<div class=\"elementor-gallery-item__overlay\"><\/div>\n\t\t\t\t\t\t\t\t\t\t\t\t\t\t<\/a>\n\t\t\t\t\t\t\t<a class=\"e-gallery-item elementor-gallery-item elementor-animated-content\" href=\"https:\/\/ljdesign.rs\/wp-content\/uploads\/2024\/10\/stefan-textile-baby-bedding-04.png\" data-elementor-open-lightbox=\"yes\" data-elementor-lightbox-slideshow=\"d6d8a7c\" data-elementor-lightbox-title=\"stefan-textile-baby-bedding-04\" data-e-action-hash=\"#elementor-action%3Aaction%3Dlightbox%26settings%3DeyJpZCI6NDI3MSwidXJsIjoiaHR0cHM6XC9cL2xqZGVzaWduLnJzXC93cC1jb250ZW50XC91cGxvYWRzXC8yMDI0XC8xMFwvc3RlZmFuLXRleHRpbGUtYmFieS1iZWRkaW5nLTA0LnBuZyIsInNsaWRlc2hvdyI6ImQ2ZDhhN2MifQ%3D%3D\">\n\t\t\t\t\t<div class=\"e-gallery-image elementor-gallery-item__image\" data-thumbnail=\"https:\/\/ljdesign.rs\/wp-content\/uploads\/2024\/10\/stefan-textile-baby-bedding-04.png\" data-width=\"505\" data-height=\"505\" aria-label=\"stefan baby bedding 07\" role=\"img\" ><\/div>\n\t\t\t\t\t\t\t\t\t\t\t<div class=\"elementor-gallery-item__overlay\"><\/div>\n\t\t\t\t\t\t\t\t\t\t\t\t\t\t<\/a>\n\t\t\t\t\t<\/div>\n\t\t\t\t\t<\/div>\n\t\t\t\t<\/div>\n\t\t\t\t\t<\/div>\n\t\t<\/div>\n\t\t\t\t\t<\/div>\n\t\t<\/section>\n\t\t\t\t<section class=\"elementor-section elementor-top-section elementor-element elementor-element-00917c0 elementor-section-full_width elementor-section-height-default elementor-section-height-default\" data-id=\"00917c0\" data-element_type=\"section\" data-e-type=\"section\">\n\t\t\t\t\t\t<div class=\"elementor-container elementor-column-gap-no\">\n\t\t\t\t\t<div class=\"elementor-column elementor-col-33 elementor-top-column elementor-element elementor-element-99891ea\" data-id=\"99891ea\" data-element_type=\"column\" data-e-type=\"column\">\n\t\t\t<div class=\"elementor-widget-wrap\">\n\t\t\t\t\t\t\t<\/div>\n\t\t<\/div>\n\t\t\t\t<div class=\"elementor-column elementor-col-66 elementor-top-column elementor-element elementor-element-262aa7b\" data-id=\"262aa7b\" data-element_type=\"column\" data-e-type=\"column\">\n\t\t\t<div class=\"elementor-widget-wrap elementor-element-populated\">\n\t\t\t\t\t\t<div class=\"elementor-element elementor-element-4b0dc0d elementor-pagination-position-outside elementor-widget elementor-widget-image-carousel\" data-id=\"4b0dc0d\" data-element_type=\"widget\" data-e-type=\"widget\" data-settings=\"{&quot;slides_to_show&quot;:&quot;1&quot;,&quot;navigation&quot;:&quot;dots&quot;,&quot;infinite&quot;:&quot;yes&quot;,&quot;effect&quot;:&quot;slide&quot;,&quot;speed&quot;:500}\" data-widget_type=\"image-carousel.default\">\n\t\t\t\t<div class=\"elementor-widget-container\">\n\t\t\t\t\t\t\t<div class=\"elementor-image-carousel-wrapper swiper\" role=\"region\" aria-roledescription=\"carousel\" aria-label=\"Image Carousel\" dir=\"ltr\">\n\t\t\t<div class=\"elementor-image-carousel swiper-wrapper\" aria-live=\"polite\">\n\t\t\t\t\t\t\t\t<div class=\"swiper-slide\" role=\"group\" aria-roledescription=\"slide\" aria-label=\"1 of 3\"><figure class=\"swiper-slide-inner\"><img decoding=\"async\" class=\"swiper-slide-image\" src=\"https:\/\/ljdesign.rs\/wp-content\/uploads\/2024\/10\/588-mint-03.jpg\" alt=\"stefan baby bedding 04\" \/><\/figure><\/div><div class=\"swiper-slide\" role=\"group\" aria-roledescription=\"slide\" aria-label=\"2 of 3\"><figure class=\"swiper-slide-inner\"><img decoding=\"async\" class=\"swiper-slide-image\" src=\"https:\/\/ljdesign.rs\/wp-content\/uploads\/2024\/10\/588-roze-02.jpg\" alt=\"stefan baby bedding 05\" \/><\/figure><\/div><div class=\"swiper-slide\" role=\"group\" aria-roledescription=\"slide\" aria-label=\"3 of 3\"><figure class=\"swiper-slide-inner\"><img decoding=\"async\" class=\"swiper-slide-image\" src=\"https:\/\/ljdesign.rs\/wp-content\/uploads\/2024\/10\/588-pesak-01.jpg\" alt=\"stefan baby bedding 06\" \/><\/figure><\/div>\t\t\t<\/div>\n\t\t\t\t\t\t\t\n\t\t\t\t\t\t\t\t\t<div class=\"swiper-pagination\"><\/div>\n\t\t\t\t\t\t\t\t\t<\/div>\n\t\t\t\t\t\t<\/div>\n\t\t\t\t<\/div>\n\t\t\t\t\t<\/div>\n\t\t<\/div>\n\t\t\t\t\t<\/div>\n\t\t<\/section>\n\t\t\t\t<section class=\"elementor-section elementor-top-section elementor-element elementor-element-7264543 elementor-section-boxed elementor-section-height-default elementor-section-height-default\" data-id=\"7264543\" data-element_type=\"section\" data-e-type=\"section\">\n\t\t\t\t\t\t<div class=\"elementor-container elementor-column-gap-default\">\n\t\t\t\t\t<div class=\"elementor-column elementor-col-100 elementor-top-column elementor-element elementor-element-d67c654\" data-id=\"d67c654\" data-element_type=\"column\" data-e-type=\"column\">\n\t\t\t<div class=\"elementor-widget-wrap elementor-element-populated\">\n\t\t\t\t\t\t<div class=\"elementor-element elementor-element-6f0d3ee elementor-pagination-position-outside elementor-widget elementor-widget-image-carousel\" data-id=\"6f0d3ee\" data-element_type=\"widget\" data-e-type=\"widget\" data-settings=\"{&quot;slides_to_show&quot;:&quot;2&quot;,&quot;slides_to_scroll&quot;:&quot;2&quot;,&quot;navigation&quot;:&quot;dots&quot;,&quot;image_spacing_custom&quot;:{&quot;unit&quot;:&quot;px&quot;,&quot;size&quot;:10,&quot;sizes&quot;:[]},&quot;infinite&quot;:&quot;yes&quot;,&quot;speed&quot;:500,&quot;image_spacing_custom_tablet&quot;:{&quot;unit&quot;:&quot;px&quot;,&quot;size&quot;:&quot;&quot;,&quot;sizes&quot;:[]},&quot;image_spacing_custom_mobile&quot;:{&quot;unit&quot;:&quot;px&quot;,&quot;size&quot;:&quot;&quot;,&quot;sizes&quot;:[]}}\" data-widget_type=\"image-carousel.default\">\n\t\t\t\t<div class=\"elementor-widget-container\">\n\t\t\t\t\t\t\t<div class=\"elementor-image-carousel-wrapper swiper\" role=\"region\" aria-roledescription=\"carousel\" aria-label=\"Image Carousel\" dir=\"ltr\">\n\t\t\t<div class=\"elementor-image-carousel swiper-wrapper\" aria-live=\"polite\">\n\t\t\t\t\t\t\t\t<div class=\"swiper-slide\" role=\"group\" aria-roledescription=\"slide\" aria-label=\"1 of 3\"><figure class=\"swiper-slide-inner\"><img decoding=\"async\" class=\"swiper-slide-image\" src=\"https:\/\/ljdesign.rs\/wp-content\/uploads\/2024\/10\/588-pesak.2.jpg\" alt=\"stefan baby bedding 01\" \/><\/figure><\/div><div class=\"swiper-slide\" role=\"group\" aria-roledescription=\"slide\" aria-label=\"2 of 3\"><figure class=\"swiper-slide-inner\"><img decoding=\"async\" class=\"swiper-slide-image\" src=\"https:\/\/ljdesign.rs\/wp-content\/uploads\/2024\/10\/588-roze.5.jpg\" alt=\"stefan baby bedding 03\" \/><\/figure><\/div><div class=\"swiper-slide\" role=\"group\" aria-roledescription=\"slide\" aria-label=\"3 of 3\"><figure class=\"swiper-slide-inner\"><img decoding=\"async\" class=\"swiper-slide-image\" src=\"https:\/\/ljdesign.rs\/wp-content\/uploads\/2024\/10\/588-mint.2.jpg\" alt=\"stefan baby bedding 02\" \/><\/figure><\/div>\t\t\t<\/div>\n\t\t\t\t\t\t\t\n\t\t\t\t\t\t\t\t\t<div class=\"swiper-pagination\"><\/div>\n\t\t\t\t\t\t\t\t\t<\/div>\n\t\t\t\t\t\t<\/div>\n\t\t\t\t<\/div>\n\t\t\t\t\t<\/div>\n\t\t<\/div>\n\t\t\t\t\t<\/div>\n\t\t<\/section>\n\t\t\t\t<\/div>","protected":false},"excerpt":{"rendered":"<p>Stefan tekstil dizajn posteljine za bebe \u00a0 Saradnja sa brendom Stefan tekstil iz Arilja se nastavila kroz projekat dizajniranja\u00a0posteljine za bebe sa ogradicom. Ideja je bila da dizajn posteljine prati svedeni vizuelni identitet brenda. Materijal je pamu\u010dni saten, svilenkaste strukture, elegantan i udoban. Definisana je paleta boja u pastelnim, ne\u017enim tonovima. Kreirane su ilustracije pojednostavljenih [&hellip;]<\/p>\n","protected":false},"author":1,"featured_media":4348,"parent":0,"menu_order":0,"comment_status":"closed","ping_status":"closed","template":"","meta":{"site-sidebar-layout":"no-sidebar","site-content-layout":"page-builder","ast-site-content-layout":"full-width-container","site-content-style":"default","site-sidebar-style":"default","ast-global-header-display":"","ast-banner-title-visibility":"","ast-main-header-display":"","ast-hfb-above-header-display":"","ast-hfb-below-header-display":"","ast-hfb-mobile-header-display":"","site-post-title":"disabled","ast-breadcrumbs-content":"","ast-featured-img":"disabled","footer-sml-layout":"","ast-disable-related-posts":"","theme-transparent-header-meta":"","adv-header-id-meta":"","stick-header-meta":"","header-above-stick-meta":"","header-main-stick-meta":"","header-below-stick-meta":"","astra-migrate-meta-layouts":"set","ast-page-background-enabled":"default","ast-page-background-meta":{"desktop":{"background-color":"var(--ast-global-color-4)","background-image":"","background-repeat":"repeat","background-position":"center center","background-size":"auto","background-attachment":"scroll","background-type":"","background-media":"","overlay-type":"","overlay-color":"","overlay-opacity":"","overlay-gradient":""},"tablet":{"background-color":"","background-image":"","background-repeat":"repeat","background-position":"center center","background-size":"auto","background-attachment":"scroll","background-type":"","background-media":"","overlay-type":"","overlay-color":"","overlay-opacity":"","overlay-gradient":""},"mobile":{"background-color":"","background-image":"","background-repeat":"repeat","background-position":"center center","background-size":"auto","background-attachment":"scroll","background-type":"","background-media":"","overlay-type":"","overlay-color":"","overlay-opacity":"","overlay-gradient":""}},"ast-content-background-meta":{"desktop":{"background-color":"var(--ast-global-color-5)","background-image":"","background-repeat":"repeat","background-position":"center center","background-size":"auto","background-attachment":"scroll","background-type":"","background-media":"","overlay-type":"","overlay-color":"","overlay-opacity":"","overlay-gradient":""},"tablet":{"background-color":"var(--ast-global-color-5)","background-image":"","background-repeat":"repeat","background-position":"center center","background-size":"auto","background-attachment":"scroll","background-type":"","background-media":"","overlay-type":"","overlay-color":"","overlay-opacity":"","overlay-gradient":""},"mobile":{"background-color":"var(--ast-global-color-5)","background-image":"","background-repeat":"repeat","background-position":"center center","background-size":"auto","background-attachment":"scroll","background-type":"","background-media":"","overlay-type":"","overlay-color":"","overlay-opacity":"","overlay-gradient":""}},"footnotes":""},"class_list":["post-4254","page","type-page","status-publish","has-post-thumbnail","hentry"],"_links":{"self":[{"href":"https:\/\/ljdesign.rs\/sr\/wp-json\/wp\/v2\/pages\/4254","targetHints":{"allow":["GET"]}}],"collection":[{"href":"https:\/\/ljdesign.rs\/sr\/wp-json\/wp\/v2\/pages"}],"about":[{"href":"https:\/\/ljdesign.rs\/sr\/wp-json\/wp\/v2\/types\/page"}],"author":[{"embeddable":true,"href":"https:\/\/ljdesign.rs\/sr\/wp-json\/wp\/v2\/users\/1"}],"replies":[{"embeddable":true,"href":"https:\/\/ljdesign.rs\/sr\/wp-json\/wp\/v2\/comments?post=4254"}],"version-history":[{"count":90,"href":"https:\/\/ljdesign.rs\/sr\/wp-json\/wp\/v2\/pages\/4254\/revisions"}],"predecessor-version":[{"id":4737,"href":"https:\/\/ljdesign.rs\/sr\/wp-json\/wp\/v2\/pages\/4254\/revisions\/4737"}],"wp:featuredmedia":[{"embeddable":true,"href":"https:\/\/ljdesign.rs\/sr\/wp-json\/wp\/v2\/media\/4348"}],"wp:attachment":[{"href":"https:\/\/ljdesign.rs\/sr\/wp-json\/wp\/v2\/media?parent=4254"}],"curies":[{"name":"wp","href":"https:\/\/api.w.org\/{rel}","templated":true}]}}