{"id":2895,"date":"2023-08-31T19:48:20","date_gmt":"2023-08-31T18:48:20","guid":{"rendered":"https:\/\/ljdesign.rs\/?page_id=2895"},"modified":"2026-01-15T15:44:54","modified_gmt":"2026-01-15T14:44:54","slug":"samsung-galaxy-z-flip-4","status":"publish","type":"page","link":"https:\/\/ljdesign.rs\/sr\/samsung-galaxy-z-flip-4\/","title":{"rendered":"Samsung Galaxy Z Flip4"},"content":{"rendered":"<div data-elementor-type=\"wp-page\" data-elementor-id=\"2895\" class=\"elementor elementor-2895\" data-elementor-post-type=\"page\">\n\t\t\t\t\t\t<section class=\"elementor-section elementor-top-section elementor-element elementor-element-4eb6b89 elementor-section-full_width elementor-section-height-default elementor-section-height-default\" data-id=\"4eb6b89\" data-element_type=\"section\" data-e-type=\"section\">\n\t\t\t\t\t\t<div class=\"elementor-container elementor-column-gap-no\">\n\t\t\t\t\t<div class=\"elementor-column elementor-col-100 elementor-top-column elementor-element elementor-element-e41c1c7\" data-id=\"e41c1c7\" data-element_type=\"column\" data-e-type=\"column\">\n\t\t\t<div class=\"elementor-widget-wrap elementor-element-populated\">\n\t\t\t\t\t\t<div class=\"elementor-element elementor-element-3f9417f elementor-widget elementor-widget-image\" data-id=\"3f9417f\" data-element_type=\"widget\" data-e-type=\"widget\" data-widget_type=\"image.default\">\n\t\t\t\t<div class=\"elementor-widget-container\">\n\t\t\t\t\t\t\t\t\t\t\t\t\t\t\t<img fetchpriority=\"high\" decoding=\"async\" width=\"1920\" height=\"1080\" src=\"https:\/\/ljdesign.rs\/wp-content\/uploads\/2026\/01\/samsung-naslovna.jpg\" class=\"attachment-full size-full wp-image-4756\" alt=\"samsung\" srcset=\"https:\/\/ljdesign.rs\/wp-content\/uploads\/2026\/01\/samsung-naslovna.jpg 1920w, https:\/\/ljdesign.rs\/wp-content\/uploads\/2026\/01\/samsung-naslovna-300x169.jpg 300w, https:\/\/ljdesign.rs\/wp-content\/uploads\/2026\/01\/samsung-naslovna-1024x576.jpg 1024w, https:\/\/ljdesign.rs\/wp-content\/uploads\/2026\/01\/samsung-naslovna-768x432.jpg 768w, https:\/\/ljdesign.rs\/wp-content\/uploads\/2026\/01\/samsung-naslovna-1536x864.jpg 1536w, https:\/\/ljdesign.rs\/wp-content\/uploads\/2026\/01\/samsung-naslovna-18x10.jpg 18w, https:\/\/ljdesign.rs\/wp-content\/uploads\/2026\/01\/samsung-naslovna-600x338.jpg 600w\" sizes=\"(max-width: 1920px) 100vw, 1920px\" \/>\t\t\t\t\t\t\t\t\t\t\t\t\t\t\t<\/div>\n\t\t\t\t<\/div>\n\t\t\t\t\t<\/div>\n\t\t<\/div>\n\t\t\t\t\t<\/div>\n\t\t<\/section>\n\t\t\t\t<section class=\"elementor-section elementor-top-section elementor-element elementor-element-6e9f253 elementor-section-boxed elementor-section-height-default elementor-section-height-default\" data-id=\"6e9f253\" data-element_type=\"section\" data-e-type=\"section\">\n\t\t\t\t\t\t<div class=\"elementor-container elementor-column-gap-default\">\n\t\t\t\t\t<div class=\"elementor-column elementor-col-33 elementor-top-column elementor-element elementor-element-35925d0\" data-id=\"35925d0\" data-element_type=\"column\" data-e-type=\"column\">\n\t\t\t<div class=\"elementor-widget-wrap elementor-element-populated\">\n\t\t\t\t\t\t<div class=\"elementor-element elementor-element-98ff4ee elementor-widget elementor-widget-image\" data-id=\"98ff4ee\" data-element_type=\"widget\" data-e-type=\"widget\" data-widget_type=\"image.default\">\n\t\t\t\t<div class=\"elementor-widget-container\">\n\t\t\t\t\t\t\t\t\t\t\t\t\t\t\t<img decoding=\"async\" width=\"1024\" height=\"1024\" src=\"https:\/\/ljdesign.rs\/wp-content\/uploads\/2023\/09\/samsung-contest-winner-1024x1024-1.png\" class=\"attachment-full size-full wp-image-3049\" alt=\"samsung-contest-winner\" srcset=\"https:\/\/ljdesign.rs\/wp-content\/uploads\/2023\/09\/samsung-contest-winner-1024x1024-1.png 1024w, https:\/\/ljdesign.rs\/wp-content\/uploads\/2023\/09\/samsung-contest-winner-1024x1024-1-300x300.png 300w, https:\/\/ljdesign.rs\/wp-content\/uploads\/2023\/09\/samsung-contest-winner-1024x1024-1-150x150.png 150w, https:\/\/ljdesign.rs\/wp-content\/uploads\/2023\/09\/samsung-contest-winner-1024x1024-1-768x768.png 768w, https:\/\/ljdesign.rs\/wp-content\/uploads\/2023\/09\/samsung-contest-winner-1024x1024-1-12x12.png 12w, https:\/\/ljdesign.rs\/wp-content\/uploads\/2023\/09\/samsung-contest-winner-1024x1024-1-600x600.png 600w, https:\/\/ljdesign.rs\/wp-content\/uploads\/2023\/09\/samsung-contest-winner-1024x1024-1-100x100.png 100w\" sizes=\"(max-width: 1024px) 100vw, 1024px\" \/>\t\t\t\t\t\t\t\t\t\t\t\t\t\t\t<\/div>\n\t\t\t\t<\/div>\n\t\t\t\t\t<\/div>\n\t\t<\/div>\n\t\t\t\t<div class=\"elementor-column elementor-col-66 elementor-top-column elementor-element elementor-element-b92da6a\" data-id=\"b92da6a\" data-element_type=\"column\" data-e-type=\"column\">\n\t\t\t<div class=\"elementor-widget-wrap elementor-element-populated\">\n\t\t\t\t\t\t<div class=\"elementor-element elementor-element-9674acd elementor-widget elementor-widget-text-editor\" data-id=\"9674acd\" data-element_type=\"widget\" data-e-type=\"widget\" data-widget_type=\"text-editor.default\">\n\t\t\t\t<div class=\"elementor-widget-container\">\n\t\t\t\t\t\t\t\t\t<p>Konkurs <a href=\"https:\/\/special.buro247.rs\/Proglasena-je-pobednica-nagradnog-konkursa\/?fbclid=PAAaYLAHLzgHY897B4WODOrXLYb7hSYjAwz-CnEVNhlx0K-SO0W1PMCvsLn7c\" rel=\"nofollow noopener\" target=\"_blank\">Inspired by You<\/a> organizovali su Samsung i Studio 22 iz Zagreba kao deo promotivne kampanje za telefon Samsung Galaxy Z Flip4. \u017deleli su da kreativci predstave dizajnersko re\u0161enje za jedinstveni dodatak za telefon. Ja sam dizajnriala modernu futrolu za telefon sa kai\u0161em koja je zadovoljila sve kriterijume koji je \u017eiri imao za pobedni\u010dko re\u0161enje: kreativnost, funkcionalnost, odli\u010dnu prezentaciju projekta koji je ujedno i pravi modni komad. Ponosna sam \u0161to mogu da ka\u017eem da su u \u017eiriju bili najnagra\u0111ivaniji srpski grafi\u010dki dizajner, Slavimir Stojanovic\u0301 Futro, i jedna od najboljih srpskih fotografkinja, Katarina Batuta Vi\u0161ekruna.<\/p><p>Dok sam radila na re\u0161enju razmi\u0161ljala sam prvo iz perspektive sebe kao korisnika, \u0161ta bi mi bilo<br \/>potrebno kao dodatak kada bih imala ovakav telefon. Razmi\u0161ljala sam i o navikama ljudi generalno, kako koriste telefon, kako ga nose, kojih tu ima izazova na koje se mo\u017ee dati odgovor. Taj dodatak bi trebalo da bude ne\u0161to prakti\u010dno, korisno. Telefon je \u010desto na meti d\u017eeparo\u0161a, pa je poseban osvrt bio i na aspekt sigurnosti. Po\u0161to sam i sama bila \u017ertva d\u017eeparenja, to iskustvo me je podstaklo da kreiram ranac sa mehanizmima za\u0161tite od kra\u0111e. Kada sam razmi\u0161ljala o ovom re\u0161enju znala sam da i ono mora imati sli\u010dne mehanizme. Bila sam inspirisana i formom telefona, jer zbog svoje sklopivosti mo\u017ee da se smesti u dodatak kompaktnijeg oblika. Na kraju \u017eelela sam da dodatak ima i modnu komponentu, i da prati estetiku samog telefona, kao svojevrsni modni izraz.<\/p>\t\t\t\t\t\t\t\t<\/div>\n\t\t\t\t<\/div>\n\t\t\t\t\t<\/div>\n\t\t<\/div>\n\t\t\t\t\t<\/div>\n\t\t<\/section>\n\t\t\t\t<section class=\"elementor-section elementor-top-section elementor-element elementor-element-2dae384 elementor-section-boxed elementor-section-height-default elementor-section-height-default\" data-id=\"2dae384\" data-element_type=\"section\" data-e-type=\"section\">\n\t\t\t\t\t\t<div class=\"elementor-container elementor-column-gap-default\">\n\t\t\t\t\t<div class=\"elementor-column elementor-col-100 elementor-top-column elementor-element elementor-element-13d25d6\" data-id=\"13d25d6\" data-element_type=\"column\" data-e-type=\"column\">\n\t\t\t<div class=\"elementor-widget-wrap elementor-element-populated\">\n\t\t\t\t\t\t<div class=\"elementor-element elementor-element-67b72cb elementor-widget elementor-widget-image\" data-id=\"67b72cb\" data-element_type=\"widget\" data-e-type=\"widget\" data-widget_type=\"image.default\">\n\t\t\t\t<div class=\"elementor-widget-container\">\n\t\t\t\t\t\t\t\t\t\t\t\t\t\t\t<img decoding=\"async\" width=\"1600\" height=\"1064\" src=\"https:\/\/ljdesign.rs\/wp-content\/uploads\/2023\/09\/1693655382234.jpg\" class=\"attachment-full size-full wp-image-3149\" alt=\"\" srcset=\"https:\/\/ljdesign.rs\/wp-content\/uploads\/2023\/09\/1693655382234.jpg 1600w, https:\/\/ljdesign.rs\/wp-content\/uploads\/2023\/09\/1693655382234-300x200.jpg 300w, https:\/\/ljdesign.rs\/wp-content\/uploads\/2023\/09\/1693655382234-1024x681.jpg 1024w, https:\/\/ljdesign.rs\/wp-content\/uploads\/2023\/09\/1693655382234-768x511.jpg 768w, https:\/\/ljdesign.rs\/wp-content\/uploads\/2023\/09\/1693655382234-1536x1021.jpg 1536w, https:\/\/ljdesign.rs\/wp-content\/uploads\/2023\/09\/1693655382234-18x12.jpg 18w, https:\/\/ljdesign.rs\/wp-content\/uploads\/2023\/09\/1693655382234-600x399.jpg 600w\" sizes=\"(max-width: 1600px) 100vw, 1600px\" \/>\t\t\t\t\t\t\t\t\t\t\t\t\t\t\t<\/div>\n\t\t\t\t<\/div>\n\t\t\t\t\t<\/div>\n\t\t<\/div>\n\t\t\t\t\t<\/div>\n\t\t<\/section>\n\t\t\t\t<section class=\"elementor-section elementor-top-section elementor-element elementor-element-092963d elementor-section-boxed elementor-section-height-default elementor-section-height-default\" data-id=\"092963d\" data-element_type=\"section\" data-e-type=\"section\" data-settings=\"{&quot;background_background&quot;:&quot;classic&quot;}\">\n\t\t\t\t\t\t<div class=\"elementor-container elementor-column-gap-default\">\n\t\t\t\t\t<div class=\"elementor-column elementor-col-100 elementor-top-column elementor-element elementor-element-153bf39\" data-id=\"153bf39\" data-element_type=\"column\" data-e-type=\"column\">\n\t\t\t<div class=\"elementor-widget-wrap elementor-element-populated\">\n\t\t\t\t\t\t<div class=\"elementor-element elementor-element-436dafc elementor-widget elementor-widget-heading\" data-id=\"436dafc\" data-element_type=\"widget\" data-e-type=\"widget\" data-widget_type=\"heading.default\">\n\t\t\t\t<div class=\"elementor-widget-container\">\n\t\t\t\t\t<h1 class=\"elementor-heading-title elementor-size-default\">Dodatak za novi SAMSUNG GALAXY Z FLIP4 ure\u0111aj<\/h1>\t\t\t\t<\/div>\n\t\t\t\t<\/div>\n\t\t\t\t<div class=\"elementor-element elementor-element-9ab5952 elementor-widget elementor-widget-text-editor\" data-id=\"9ab5952\" data-element_type=\"widget\" data-e-type=\"widget\" data-widget_type=\"text-editor.default\">\n\t\t\t\t<div class=\"elementor-widget-container\">\n\t\t\t\t\t\t\t\t\t<p>NE\u0160TO U \u0160TA SE TELEFON MO\u017dE STAVITI<\/p><p>\u00a0<\/p><p>Telefon treba da mi bude pri ruci. Vra\u0107am ga u torbu i vadim iz torbe stalno. U torbi je gu\u017eva. Treba mi vremena da ga iskopam, naro\u010dito u velikim torbama. Najlak\u0161e mi je da ga stavim u d\u017eep. Ali iz d\u017eepa mogu lako da ga izvuku. Ba\u0161 se skoro desilo drugarici na Zelenjaku. Treba mi neki d\u017eep koji se zatvara i koji drugo lice ne mo\u017ee lako da otvori. A \u0161ta ako sam u haljini, skockana za grad i nemam d\u017eep? Ili telefon ne mo\u017ee da stane u d\u017eep? Treba mi prenosivi d\u017eep koji nije sastavni deo ode\u0107e. D\u017eep koji postoji sam za sebe. Futrolica neka? Ali ne bih da dr\u017eim telefon stalno u ruci. Ni\u0161ta onda nisam uradila. Kako \u0107u da \u0111uskam? Treba da dr\u017eim telefon pri sebi, ali da imam slobodne ruke. D\u017eep mora da bude naka\u010div na neki pojas onda. I bio bi deo odevne kombinacije, kao modni dodatak. Samsung galaxy z flip 4 je kompaktan kada se preklopi. Ta\u010dno bi stao u neku malu futrolu, koja mo\u017ee da izgleda kao \u0161nala na kai\u0161u.<\/p>\t\t\t\t\t\t\t\t<\/div>\n\t\t\t\t<\/div>\n\t\t\t\t\t<\/div>\n\t\t<\/div>\n\t\t\t\t\t<\/div>\n\t\t<\/section>\n\t\t\t\t<section class=\"elementor-section elementor-top-section elementor-element elementor-element-10d1c46 elementor-section-full_width elementor-section-height-default elementor-section-height-default\" data-id=\"10d1c46\" data-element_type=\"section\" data-e-type=\"section\">\n\t\t\t\t\t\t<div class=\"elementor-container elementor-column-gap-no\">\n\t\t\t\t\t<div class=\"elementor-column elementor-col-100 elementor-top-column elementor-element elementor-element-79714d0\" data-id=\"79714d0\" data-element_type=\"column\" data-e-type=\"column\">\n\t\t\t<div class=\"elementor-widget-wrap elementor-element-populated\">\n\t\t\t\t\t\t<div class=\"elementor-element elementor-element-22ffc94 elementor-widget elementor-widget-image\" data-id=\"22ffc94\" data-element_type=\"widget\" data-e-type=\"widget\" data-widget_type=\"image.default\">\n\t\t\t\t<div class=\"elementor-widget-container\">\n\t\t\t\t\t\t\t\t\t\t\t\t\t\t\t<img loading=\"lazy\" decoding=\"async\" width=\"1920\" height=\"1080\" src=\"https:\/\/ljdesign.rs\/wp-content\/uploads\/2026\/01\/samsung-koncept.png\" class=\"attachment-full size-full wp-image-4765\" alt=\"samsung\" srcset=\"https:\/\/ljdesign.rs\/wp-content\/uploads\/2026\/01\/samsung-koncept.png 1920w, https:\/\/ljdesign.rs\/wp-content\/uploads\/2026\/01\/samsung-koncept-300x169.png 300w, https:\/\/ljdesign.rs\/wp-content\/uploads\/2026\/01\/samsung-koncept-1024x576.png 1024w, https:\/\/ljdesign.rs\/wp-content\/uploads\/2026\/01\/samsung-koncept-768x432.png 768w, https:\/\/ljdesign.rs\/wp-content\/uploads\/2026\/01\/samsung-koncept-1536x864.png 1536w, https:\/\/ljdesign.rs\/wp-content\/uploads\/2026\/01\/samsung-koncept-18x10.png 18w, https:\/\/ljdesign.rs\/wp-content\/uploads\/2026\/01\/samsung-koncept-600x338.png 600w\" sizes=\"(max-width: 1920px) 100vw, 1920px\" \/>\t\t\t\t\t\t\t\t\t\t\t\t\t\t\t<\/div>\n\t\t\t\t<\/div>\n\t\t\t\t<div class=\"elementor-element elementor-element-b8f12b9 elementor-arrows-position-inside elementor-widget elementor-widget-image-carousel\" data-id=\"b8f12b9\" data-element_type=\"widget\" data-e-type=\"widget\" data-settings=\"{&quot;slides_to_show&quot;:&quot;1&quot;,&quot;navigation&quot;:&quot;arrows&quot;,&quot;autoplay&quot;:&quot;no&quot;,&quot;infinite&quot;:&quot;yes&quot;,&quot;effect&quot;:&quot;slide&quot;,&quot;speed&quot;:500}\" data-widget_type=\"image-carousel.default\">\n\t\t\t\t<div class=\"elementor-widget-container\">\n\t\t\t\t\t\t\t<div class=\"elementor-image-carousel-wrapper swiper\" role=\"region\" aria-roledescription=\"carousel\" aria-label=\"Image Carousel\" dir=\"ltr\">\n\t\t\t<div class=\"elementor-image-carousel swiper-wrapper\" aria-live=\"polite\">\n\t\t\t\t\t\t\t\t<div class=\"swiper-slide\" role=\"group\" aria-roledescription=\"slide\" aria-label=\"1 of 4\"><figure class=\"swiper-slide-inner\"><img decoding=\"async\" class=\"swiper-slide-image\" src=\"https:\/\/ljdesign.rs\/wp-content\/uploads\/2023\/09\/Artboard-41.png\" alt=\"samsung bora purple\" \/><\/figure><\/div><div class=\"swiper-slide\" role=\"group\" aria-roledescription=\"slide\" aria-label=\"2 of 4\"><figure class=\"swiper-slide-inner\"><img decoding=\"async\" class=\"swiper-slide-image\" src=\"https:\/\/ljdesign.rs\/wp-content\/uploads\/2023\/09\/Artboard-51.png\" alt=\"samsung graphite\" \/><\/figure><\/div><div class=\"swiper-slide\" role=\"group\" aria-roledescription=\"slide\" aria-label=\"3 of 4\"><figure class=\"swiper-slide-inner\"><img decoding=\"async\" class=\"swiper-slide-image\" src=\"https:\/\/ljdesign.rs\/wp-content\/uploads\/2023\/09\/Artboard-61.png\" alt=\"samsung pink gold\" \/><\/figure><\/div><div class=\"swiper-slide\" role=\"group\" aria-roledescription=\"slide\" aria-label=\"4 of 4\"><figure class=\"swiper-slide-inner\"><img decoding=\"async\" class=\"swiper-slide-image\" src=\"https:\/\/ljdesign.rs\/wp-content\/uploads\/2023\/09\/Artboard-71.png\" alt=\"samsung blue\" \/><\/figure><\/div>\t\t\t<\/div>\n\t\t\t\t\t\t\t\t\t\t\t\t<div class=\"elementor-swiper-button elementor-swiper-button-prev\" role=\"button\" tabindex=\"0\">\n\t\t\t\t\t\t<i aria-hidden=\"true\" class=\"eicon-chevron-left\"><\/i>\t\t\t\t\t<\/div>\n\t\t\t\t\t<div class=\"elementor-swiper-button elementor-swiper-button-next\" role=\"button\" tabindex=\"0\">\n\t\t\t\t\t\t<i aria-hidden=\"true\" class=\"eicon-chevron-right\"><\/i>\t\t\t\t\t<\/div>\n\t\t\t\t\n\t\t\t\t\t\t\t\t\t<\/div>\n\t\t\t\t\t\t<\/div>\n\t\t\t\t<\/div>\n\t\t\t\t\t<\/div>\n\t\t<\/div>\n\t\t\t\t\t<\/div>\n\t\t<\/section>\n\t\t\t\t<section class=\"elementor-section elementor-top-section elementor-element elementor-element-6b1e819 elementor-section-full_width elementor-section-height-default elementor-section-height-default\" data-id=\"6b1e819\" data-element_type=\"section\" data-e-type=\"section\">\n\t\t\t\t\t\t<div class=\"elementor-container elementor-column-gap-no\">\n\t\t\t\t\t<div class=\"elementor-column elementor-col-100 elementor-top-column elementor-element elementor-element-2bd7a0a\" data-id=\"2bd7a0a\" data-element_type=\"column\" data-e-type=\"column\">\n\t\t\t<div class=\"elementor-widget-wrap elementor-element-populated\">\n\t\t\t\t\t\t<div class=\"elementor-element elementor-element-9d372f6 elementor-widget elementor-widget-image\" data-id=\"9d372f6\" data-element_type=\"widget\" data-e-type=\"widget\" data-widget_type=\"image.default\">\n\t\t\t\t<div class=\"elementor-widget-container\">\n\t\t\t\t\t\t\t\t\t\t\t\t\t\t\t<img loading=\"lazy\" decoding=\"async\" width=\"1920\" height=\"1080\" src=\"https:\/\/ljdesign.rs\/wp-content\/uploads\/2026\/01\/samsung-crtezi.png\" class=\"attachment-full size-full wp-image-4769\" alt=\"samsung\" srcset=\"https:\/\/ljdesign.rs\/wp-content\/uploads\/2026\/01\/samsung-crtezi.png 1920w, https:\/\/ljdesign.rs\/wp-content\/uploads\/2026\/01\/samsung-crtezi-300x169.png 300w, https:\/\/ljdesign.rs\/wp-content\/uploads\/2026\/01\/samsung-crtezi-1024x576.png 1024w, https:\/\/ljdesign.rs\/wp-content\/uploads\/2026\/01\/samsung-crtezi-768x432.png 768w, https:\/\/ljdesign.rs\/wp-content\/uploads\/2026\/01\/samsung-crtezi-1536x864.png 1536w, https:\/\/ljdesign.rs\/wp-content\/uploads\/2026\/01\/samsung-crtezi-18x10.png 18w, https:\/\/ljdesign.rs\/wp-content\/uploads\/2026\/01\/samsung-crtezi-600x338.png 600w\" sizes=\"(max-width: 1920px) 100vw, 1920px\" \/>\t\t\t\t\t\t\t\t\t\t\t\t\t\t\t<\/div>\n\t\t\t\t<\/div>\n\t\t\t\t\t<\/div>\n\t\t<\/div>\n\t\t\t\t\t<\/div>\n\t\t<\/section>\n\t\t\t\t<section class=\"elementor-section elementor-top-section elementor-element elementor-element-2147d65 elementor-section-full_width elementor-section-height-default elementor-section-height-default\" data-id=\"2147d65\" data-element_type=\"section\" data-e-type=\"section\">\n\t\t\t\t\t\t<div class=\"elementor-container elementor-column-gap-no\">\n\t\t\t\t\t<div class=\"elementor-column elementor-col-100 elementor-top-column elementor-element elementor-element-23409ce\" data-id=\"23409ce\" data-element_type=\"column\" data-e-type=\"column\">\n\t\t\t<div class=\"elementor-widget-wrap elementor-element-populated\">\n\t\t\t\t\t\t<div class=\"elementor-element elementor-element-38c03c2 elementor-widget elementor-widget-image\" data-id=\"38c03c2\" data-element_type=\"widget\" data-e-type=\"widget\" data-widget_type=\"image.default\">\n\t\t\t\t<div class=\"elementor-widget-container\">\n\t\t\t\t\t\t\t\t\t\t\t\t\t\t\t<img loading=\"lazy\" decoding=\"async\" width=\"2560\" height=\"720\" src=\"https:\/\/ljdesign.rs\/wp-content\/uploads\/2026\/01\/samsung-3d-scaled.jpg\" class=\"attachment-full size-full wp-image-4771\" alt=\"samsung\" srcset=\"https:\/\/ljdesign.rs\/wp-content\/uploads\/2026\/01\/samsung-3d-scaled.jpg 2560w, https:\/\/ljdesign.rs\/wp-content\/uploads\/2026\/01\/samsung-3d-300x84.jpg 300w, https:\/\/ljdesign.rs\/wp-content\/uploads\/2026\/01\/samsung-3d-1024x288.jpg 1024w, https:\/\/ljdesign.rs\/wp-content\/uploads\/2026\/01\/samsung-3d-768x216.jpg 768w, https:\/\/ljdesign.rs\/wp-content\/uploads\/2026\/01\/samsung-3d-1536x432.jpg 1536w, https:\/\/ljdesign.rs\/wp-content\/uploads\/2026\/01\/samsung-3d-2048x576.jpg 2048w, https:\/\/ljdesign.rs\/wp-content\/uploads\/2026\/01\/samsung-3d-18x5.jpg 18w, https:\/\/ljdesign.rs\/wp-content\/uploads\/2026\/01\/samsung-3d-600x169.jpg 600w\" sizes=\"(max-width: 2560px) 100vw, 2560px\" \/>\t\t\t\t\t\t\t\t\t\t\t\t\t\t\t<\/div>\n\t\t\t\t<\/div>\n\t\t\t\t\t<\/div>\n\t\t<\/div>\n\t\t\t\t\t<\/div>\n\t\t<\/section>\n\t\t\t\t<section class=\"elementor-section elementor-top-section elementor-element elementor-element-4fb41f9 elementor-section-boxed elementor-section-height-default elementor-section-height-default\" data-id=\"4fb41f9\" data-element_type=\"section\" data-e-type=\"section\">\n\t\t\t\t\t\t<div class=\"elementor-container elementor-column-gap-default\">\n\t\t\t\t\t<div class=\"elementor-column elementor-col-50 elementor-top-column elementor-element elementor-element-76b0b62\" data-id=\"76b0b62\" data-element_type=\"column\" data-e-type=\"column\">\n\t\t\t<div class=\"elementor-widget-wrap elementor-element-populated\">\n\t\t\t\t\t\t<div class=\"elementor-element elementor-element-32ae487 elementor-widget elementor-widget-image\" data-id=\"32ae487\" data-element_type=\"widget\" data-e-type=\"widget\" data-widget_type=\"image.default\">\n\t\t\t\t<div class=\"elementor-widget-container\">\n\t\t\t\t\t\t\t\t\t\t\t\t\t\t\t<img loading=\"lazy\" decoding=\"async\" width=\"1024\" height=\"1300\" src=\"https:\/\/ljdesign.rs\/wp-content\/uploads\/2023\/09\/samsung-01-1024x1300-1.jpg\" class=\"attachment-full size-full wp-image-3140\" alt=\"\" srcset=\"https:\/\/ljdesign.rs\/wp-content\/uploads\/2023\/09\/samsung-01-1024x1300-1.jpg 1024w, https:\/\/ljdesign.rs\/wp-content\/uploads\/2023\/09\/samsung-01-1024x1300-1-236x300.jpg 236w, https:\/\/ljdesign.rs\/wp-content\/uploads\/2023\/09\/samsung-01-1024x1300-1-807x1024.jpg 807w, https:\/\/ljdesign.rs\/wp-content\/uploads\/2023\/09\/samsung-01-1024x1300-1-768x975.jpg 768w, https:\/\/ljdesign.rs\/wp-content\/uploads\/2023\/09\/samsung-01-1024x1300-1-9x12.jpg 9w, https:\/\/ljdesign.rs\/wp-content\/uploads\/2023\/09\/samsung-01-1024x1300-1-600x762.jpg 600w\" sizes=\"(max-width: 1024px) 100vw, 1024px\" \/>\t\t\t\t\t\t\t\t\t\t\t\t\t\t\t<\/div>\n\t\t\t\t<\/div>\n\t\t\t\t\t<\/div>\n\t\t<\/div>\n\t\t\t\t<div class=\"elementor-column elementor-col-50 elementor-top-column elementor-element elementor-element-9a64945\" data-id=\"9a64945\" data-element_type=\"column\" data-e-type=\"column\">\n\t\t\t<div class=\"elementor-widget-wrap elementor-element-populated\">\n\t\t\t\t\t\t<div class=\"elementor-element elementor-element-4744d04 elementor-widget elementor-widget-image\" data-id=\"4744d04\" data-element_type=\"widget\" data-e-type=\"widget\" data-widget_type=\"image.default\">\n\t\t\t\t<div class=\"elementor-widget-container\">\n\t\t\t\t\t\t\t\t\t\t\t\t\t\t\t<img loading=\"lazy\" decoding=\"async\" width=\"1024\" height=\"1300\" src=\"https:\/\/ljdesign.rs\/wp-content\/uploads\/2023\/09\/samsung-03-1024x1300-1.jpg\" class=\"attachment-full size-full wp-image-3142\" alt=\"\" srcset=\"https:\/\/ljdesign.rs\/wp-content\/uploads\/2023\/09\/samsung-03-1024x1300-1.jpg 1024w, https:\/\/ljdesign.rs\/wp-content\/uploads\/2023\/09\/samsung-03-1024x1300-1-236x300.jpg 236w, https:\/\/ljdesign.rs\/wp-content\/uploads\/2023\/09\/samsung-03-1024x1300-1-807x1024.jpg 807w, https:\/\/ljdesign.rs\/wp-content\/uploads\/2023\/09\/samsung-03-1024x1300-1-768x975.jpg 768w, https:\/\/ljdesign.rs\/wp-content\/uploads\/2023\/09\/samsung-03-1024x1300-1-9x12.jpg 9w, https:\/\/ljdesign.rs\/wp-content\/uploads\/2023\/09\/samsung-03-1024x1300-1-600x762.jpg 600w\" sizes=\"(max-width: 1024px) 100vw, 1024px\" \/>\t\t\t\t\t\t\t\t\t\t\t\t\t\t\t<\/div>\n\t\t\t\t<\/div>\n\t\t\t\t\t<\/div>\n\t\t<\/div>\n\t\t\t\t\t<\/div>\n\t\t<\/section>\n\t\t\t\t<\/div>","protected":false},"excerpt":{"rendered":"<p>Konkurs Inspired by You organizovali su Samsung i Studio 22 iz Zagreba kao deo promotivne kampanje za telefon Samsung Galaxy Z Flip4. \u017deleli su da kreativci predstave dizajnersko re\u0161enje za jedinstveni dodatak za telefon. Ja sam dizajnriala modernu futrolu za telefon sa kai\u0161em koja je zadovoljila sve kriterijume koji je \u017eiri imao za pobedni\u010dko re\u0161enje: [&hellip;]<\/p>\n","protected":false},"author":1,"featured_media":0,"parent":0,"menu_order":0,"comment_status":"closed","ping_status":"closed","template":"","meta":{"site-sidebar-layout":"no-sidebar","site-content-layout":"page-builder","ast-site-content-layout":"full-width-container","site-content-style":"default","site-sidebar-style":"default","ast-global-header-display":"","ast-banner-title-visibility":"","ast-main-header-display":"","ast-hfb-above-header-display":"","ast-hfb-below-header-display":"","ast-hfb-mobile-header-display":"","site-post-title":"disabled","ast-breadcrumbs-content":"","ast-featured-img":"disabled","footer-sml-layout":"","ast-disable-related-posts":"","theme-transparent-header-meta":"","adv-header-id-meta":"","stick-header-meta":"","header-above-stick-meta":"","header-main-stick-meta":"","header-below-stick-meta":"","astra-migrate-meta-layouts":"set","ast-page-background-enabled":"default","ast-page-background-meta":{"desktop":{"background-color":"var(--ast-global-color-4)","background-image":"","background-repeat":"repeat","background-position":"center center","background-size":"auto","background-attachment":"scroll","background-type":"","background-media":"","overlay-type":"","overlay-color":"","overlay-opacity":"","overlay-gradient":""},"tablet":{"background-color":"","background-image":"","background-repeat":"repeat","background-position":"center center","background-size":"auto","background-attachment":"scroll","background-type":"","background-media":"","overlay-type":"","overlay-color":"","overlay-opacity":"","overlay-gradient":""},"mobile":{"background-color":"","background-image":"","background-repeat":"repeat","background-position":"center center","background-size":"auto","background-attachment":"scroll","background-type":"","background-media":"","overlay-type":"","overlay-color":"","overlay-opacity":"","overlay-gradient":""}},"ast-content-background-meta":{"desktop":{"background-color":"var(--ast-global-color-5)","background-image":"","background-repeat":"repeat","background-position":"center center","background-size":"auto","background-attachment":"scroll","background-type":"","background-media":"","overlay-type":"","overlay-color":"","overlay-opacity":"","overlay-gradient":""},"tablet":{"background-color":"var(--ast-global-color-5)","background-image":"","background-repeat":"repeat","background-position":"center center","background-size":"auto","background-attachment":"scroll","background-type":"","background-media":"","overlay-type":"","overlay-color":"","overlay-opacity":"","overlay-gradient":""},"mobile":{"background-color":"var(--ast-global-color-5)","background-image":"","background-repeat":"repeat","background-position":"center center","background-size":"auto","background-attachment":"scroll","background-type":"","background-media":"","overlay-type":"","overlay-color":"","overlay-opacity":"","overlay-gradient":""}},"footnotes":""},"class_list":["post-2895","page","type-page","status-publish","hentry"],"_links":{"self":[{"href":"https:\/\/ljdesign.rs\/sr\/wp-json\/wp\/v2\/pages\/2895","targetHints":{"allow":["GET"]}}],"collection":[{"href":"https:\/\/ljdesign.rs\/sr\/wp-json\/wp\/v2\/pages"}],"about":[{"href":"https:\/\/ljdesign.rs\/sr\/wp-json\/wp\/v2\/types\/page"}],"author":[{"embeddable":true,"href":"https:\/\/ljdesign.rs\/sr\/wp-json\/wp\/v2\/users\/1"}],"replies":[{"embeddable":true,"href":"https:\/\/ljdesign.rs\/sr\/wp-json\/wp\/v2\/comments?post=2895"}],"version-history":[{"count":122,"href":"https:\/\/ljdesign.rs\/sr\/wp-json\/wp\/v2\/pages\/2895\/revisions"}],"predecessor-version":[{"id":4777,"href":"https:\/\/ljdesign.rs\/sr\/wp-json\/wp\/v2\/pages\/2895\/revisions\/4777"}],"wp:attachment":[{"href":"https:\/\/ljdesign.rs\/sr\/wp-json\/wp\/v2\/media?parent=2895"}],"curies":[{"name":"wp","href":"https:\/\/api.w.org\/{rel}","templated":true}]}}