{"id":2265,"date":"2023-08-21T15:05:43","date_gmt":"2023-08-21T14:05:43","guid":{"rendered":"https:\/\/ljdesign.rs\/?page_id=2265"},"modified":"2026-01-14T19:40:24","modified_gmt":"2026-01-14T18:40:24","slug":"stefan-textile","status":"publish","type":"page","link":"https:\/\/ljdesign.rs\/sr\/stefan-textile\/","title":{"rendered":"Stefan tekstil"},"content":{"rendered":"<div data-elementor-type=\"wp-page\" data-elementor-id=\"2265\" class=\"elementor elementor-2265\" data-elementor-post-type=\"page\">\n\t\t\t\t\t\t<section class=\"elementor-section elementor-top-section elementor-element elementor-element-7cb24f4 elementor-section-full_width elementor-section-height-default elementor-section-height-default\" data-id=\"7cb24f4\" data-element_type=\"section\" data-e-type=\"section\">\n\t\t\t\t\t\t<div class=\"elementor-container elementor-column-gap-no\">\n\t\t\t\t\t<div class=\"elementor-column elementor-col-100 elementor-top-column elementor-element elementor-element-3b3a872\" data-id=\"3b3a872\" data-element_type=\"column\" data-e-type=\"column\">\n\t\t\t<div class=\"elementor-widget-wrap elementor-element-populated\">\n\t\t\t\t\t\t<div class=\"elementor-element elementor-element-e3ec107 elementor-widget__width-inherit elementor-widget elementor-widget-image\" data-id=\"e3ec107\" data-element_type=\"widget\" data-e-type=\"widget\" data-widget_type=\"image.default\">\n\t\t\t\t<div class=\"elementor-widget-container\">\n\t\t\t\t\t\t\t\t\t\t\t\t\t\t\t<img fetchpriority=\"high\" decoding=\"async\" width=\"1920\" height=\"1080\" src=\"https:\/\/ljdesign.rs\/wp-content\/uploads\/2024\/09\/New-1920x1080-stefan-01.jpg\" class=\"attachment-full size-full wp-image-4164\" alt=\"stefan-textile\" srcset=\"https:\/\/ljdesign.rs\/wp-content\/uploads\/2024\/09\/New-1920x1080-stefan-01.jpg 1920w, https:\/\/ljdesign.rs\/wp-content\/uploads\/2024\/09\/New-1920x1080-stefan-01-300x169.jpg 300w, https:\/\/ljdesign.rs\/wp-content\/uploads\/2024\/09\/New-1920x1080-stefan-01-1024x576.jpg 1024w, https:\/\/ljdesign.rs\/wp-content\/uploads\/2024\/09\/New-1920x1080-stefan-01-768x432.jpg 768w, https:\/\/ljdesign.rs\/wp-content\/uploads\/2024\/09\/New-1920x1080-stefan-01-1536x864.jpg 1536w, https:\/\/ljdesign.rs\/wp-content\/uploads\/2024\/09\/New-1920x1080-stefan-01-18x10.jpg 18w, https:\/\/ljdesign.rs\/wp-content\/uploads\/2024\/09\/New-1920x1080-stefan-01-600x338.jpg 600w\" sizes=\"(max-width: 1920px) 100vw, 1920px\" \/>\t\t\t\t\t\t\t\t\t\t\t\t\t\t\t<\/div>\n\t\t\t\t<\/div>\n\t\t\t\t\t<\/div>\n\t\t<\/div>\n\t\t\t\t\t<\/div>\n\t\t<\/section>\n\t\t\t\t<section class=\"elementor-section elementor-top-section elementor-element elementor-element-3c7139f elementor-section-boxed elementor-section-height-default elementor-section-height-default\" data-id=\"3c7139f\" data-element_type=\"section\" data-e-type=\"section\">\n\t\t\t\t\t\t<div class=\"elementor-container elementor-column-gap-default\">\n\t\t\t\t\t<div class=\"elementor-column elementor-col-100 elementor-top-column elementor-element elementor-element-c3edddb\" data-id=\"c3edddb\" data-element_type=\"column\" data-e-type=\"column\">\n\t\t\t<div class=\"elementor-widget-wrap elementor-element-populated\">\n\t\t\t\t\t\t<div class=\"elementor-element elementor-element-0ede814 elementor-widget elementor-widget-heading\" data-id=\"0ede814\" data-element_type=\"widget\" data-e-type=\"widget\" data-widget_type=\"heading.default\">\n\t\t\t\t<div class=\"elementor-widget-container\">\n\t\t\t\t\t<h2 class=\"elementor-heading-title elementor-size-default\">Stefan tekstil<\/h2>\t\t\t\t<\/div>\n\t\t\t\t<\/div>\n\t\t\t\t<div class=\"elementor-element elementor-element-33712c7 elementor-widget elementor-widget-text-editor\" data-id=\"33712c7\" data-element_type=\"widget\" data-e-type=\"widget\" data-widget_type=\"text-editor.default\">\n\t\t\t\t<div class=\"elementor-widget-container\">\n\t\t\t\t\t\t\t\t\t<p>redizajn vizuelnog identiteta i pakovanja<\/p><p>\u00a0<\/p><p>Brend <a href=\"https:\/\/stefantekstil.rs\/\" rel=\"nofollow noopener\" target=\"_blank\">Stefan<\/a> iz Arilja, proizvodi tekstil od 1988. godine. Dugogodi\u0161njim predanim radom stvorili su prepoznatljivo ime u oblasti kuc\u0301nog tekstila. Danas u ponudi imaju oko 500 proizvoda.<\/p><p>Ono \u0161to im je bilo potrebno je novi vizuelni identitet i dobro osmi\u0161ljen sistem vizuelne klasifikacije za njihove brojne proizvode i kategorije proizvoda. Novi identitet je morao da bude moderan i \u010dist, da kupcima prenese osec\u0301aj vi\u0161eg kvaliteta, elegancije i udobnosti. Po\u0161to proizvodi Stefan Tektile imaju mnogo razli\u010ditih dezena, identitet je morao da bude jednostavan i minimalisti\u010dki kako ne bi preopteretio same proizvode.<\/p>\t\t\t\t\t\t\t\t<\/div>\n\t\t\t\t<\/div>\n\t\t\t\t\t<\/div>\n\t\t<\/div>\n\t\t\t\t\t<\/div>\n\t\t<\/section>\n\t\t\t\t<section class=\"elementor-section elementor-top-section elementor-element elementor-element-6461cf9 elementor-section-full_width elementor-section-height-default elementor-section-height-default\" data-id=\"6461cf9\" data-element_type=\"section\" data-e-type=\"section\">\n\t\t\t\t\t\t<div class=\"elementor-container elementor-column-gap-no\">\n\t\t\t\t\t<div class=\"elementor-column elementor-col-100 elementor-top-column elementor-element elementor-element-9b650e7\" data-id=\"9b650e7\" data-element_type=\"column\" data-e-type=\"column\">\n\t\t\t<div class=\"elementor-widget-wrap elementor-element-populated\">\n\t\t\t\t\t\t<div class=\"elementor-element elementor-element-62c07fc elementor-widget__width-inherit elementor-widget elementor-widget-image\" data-id=\"62c07fc\" data-element_type=\"widget\" data-e-type=\"widget\" data-widget_type=\"image.default\">\n\t\t\t\t<div class=\"elementor-widget-container\">\n\t\t\t\t\t\t\t\t\t\t\t\t\t\t\t<img decoding=\"async\" width=\"1920\" height=\"800\" src=\"https:\/\/ljdesign.rs\/wp-content\/uploads\/2024\/09\/stefan-cotton-1920x800-1.jpg\" class=\"attachment-full size-full wp-image-4168\" alt=\"\" srcset=\"https:\/\/ljdesign.rs\/wp-content\/uploads\/2024\/09\/stefan-cotton-1920x800-1.jpg 1920w, https:\/\/ljdesign.rs\/wp-content\/uploads\/2024\/09\/stefan-cotton-1920x800-1-300x125.jpg 300w, https:\/\/ljdesign.rs\/wp-content\/uploads\/2024\/09\/stefan-cotton-1920x800-1-1024x427.jpg 1024w, https:\/\/ljdesign.rs\/wp-content\/uploads\/2024\/09\/stefan-cotton-1920x800-1-768x320.jpg 768w, https:\/\/ljdesign.rs\/wp-content\/uploads\/2024\/09\/stefan-cotton-1920x800-1-1536x640.jpg 1536w, https:\/\/ljdesign.rs\/wp-content\/uploads\/2024\/09\/stefan-cotton-1920x800-1-18x8.jpg 18w, https:\/\/ljdesign.rs\/wp-content\/uploads\/2024\/09\/stefan-cotton-1920x800-1-600x250.jpg 600w\" sizes=\"(max-width: 1920px) 100vw, 1920px\" \/>\t\t\t\t\t\t\t\t\t\t\t\t\t\t\t<\/div>\n\t\t\t\t<\/div>\n\t\t\t\t\t<\/div>\n\t\t<\/div>\n\t\t\t\t\t<\/div>\n\t\t<\/section>\n\t\t\t\t<section class=\"elementor-section elementor-top-section elementor-element elementor-element-591e3a3 elementor-section-boxed elementor-section-height-default elementor-section-height-default\" data-id=\"591e3a3\" data-element_type=\"section\" data-e-type=\"section\">\n\t\t\t\t\t\t<div class=\"elementor-container elementor-column-gap-default\">\n\t\t\t\t\t<div class=\"elementor-column elementor-col-100 elementor-top-column elementor-element elementor-element-81b5bda\" data-id=\"81b5bda\" data-element_type=\"column\" data-e-type=\"column\">\n\t\t\t<div class=\"elementor-widget-wrap elementor-element-populated\">\n\t\t\t\t\t\t<div class=\"elementor-element elementor-element-72cc406 elementor-widget elementor-widget-text-editor\" data-id=\"72cc406\" data-element_type=\"widget\" data-e-type=\"widget\" data-widget_type=\"text-editor.default\">\n\t\t\t\t<div class=\"elementor-widget-container\">\n\t\t\t\t\t\t\t\t\t<p>Logotip je ve\u0107 bio kreiran, a ime brenda je ispisano c\u0301irilicom jer brend uglavnom komunicira sa srpskim tr\u017ei\u0161tem. \u0160ara je napravljena kombinovanjem i ponavljanjem \u0107irili\u010dnog slova &#8216;S&#8217; sa logotipa. Predstavlja preplitanje niti u tekstilu, vez, mekoc\u0301u i udobnost. Crno-bela osnovna paleta boja se kombinuje sa nijansama pastelno braon i prljavo bele boje pamuka. Tri najva\u017enije linije proizvoda su povezane sa odgovaraju\u0107im ikonicama.<\/p>\t\t\t\t\t\t\t\t<\/div>\n\t\t\t\t<\/div>\n\t\t\t\t\t<\/div>\n\t\t<\/div>\n\t\t\t\t\t<\/div>\n\t\t<\/section>\n\t\t\t\t<section class=\"elementor-section elementor-top-section elementor-element elementor-element-a7af39b elementor-section-full_width elementor-section-height-default elementor-section-height-default\" data-id=\"a7af39b\" data-element_type=\"section\" data-e-type=\"section\">\n\t\t\t\t\t\t<div class=\"elementor-container elementor-column-gap-default\">\n\t\t\t\t\t<div class=\"elementor-column elementor-col-100 elementor-top-column elementor-element elementor-element-200e3f9\" data-id=\"200e3f9\" data-element_type=\"column\" data-e-type=\"column\">\n\t\t\t<div class=\"elementor-widget-wrap elementor-element-populated\">\n\t\t\t\t\t\t<div class=\"elementor-element elementor-element-77d6a99 elementor-widget elementor-widget-image\" data-id=\"77d6a99\" data-element_type=\"widget\" data-e-type=\"widget\" data-widget_type=\"image.default\">\n\t\t\t\t<div class=\"elementor-widget-container\">\n\t\t\t\t\t\t\t\t\t\t\t\t\t\t\t<img decoding=\"async\" width=\"1920\" height=\"500\" src=\"https:\/\/ljdesign.rs\/wp-content\/uploads\/2024\/09\/Sajt-Stefan-ikonice.png\" class=\"attachment-full size-full wp-image-4185\" alt=\"stefan-textile-icons\" srcset=\"https:\/\/ljdesign.rs\/wp-content\/uploads\/2024\/09\/Sajt-Stefan-ikonice.png 1920w, https:\/\/ljdesign.rs\/wp-content\/uploads\/2024\/09\/Sajt-Stefan-ikonice-300x78.png 300w, https:\/\/ljdesign.rs\/wp-content\/uploads\/2024\/09\/Sajt-Stefan-ikonice-1024x267.png 1024w, https:\/\/ljdesign.rs\/wp-content\/uploads\/2024\/09\/Sajt-Stefan-ikonice-768x200.png 768w, https:\/\/ljdesign.rs\/wp-content\/uploads\/2024\/09\/Sajt-Stefan-ikonice-1536x400.png 1536w, https:\/\/ljdesign.rs\/wp-content\/uploads\/2024\/09\/Sajt-Stefan-ikonice-18x5.png 18w, https:\/\/ljdesign.rs\/wp-content\/uploads\/2024\/09\/Sajt-Stefan-ikonice-600x156.png 600w\" sizes=\"(max-width: 1920px) 100vw, 1920px\" \/>\t\t\t\t\t\t\t\t\t\t\t\t\t\t\t<\/div>\n\t\t\t\t<\/div>\n\t\t\t\t\t<\/div>\n\t\t<\/div>\n\t\t\t\t\t<\/div>\n\t\t<\/section>\n\t\t\t\t<section class=\"elementor-section elementor-top-section elementor-element elementor-element-4a90ae1 elementor-section-boxed elementor-section-height-default elementor-section-height-default\" data-id=\"4a90ae1\" data-element_type=\"section\" data-e-type=\"section\">\n\t\t\t\t\t\t<div class=\"elementor-container elementor-column-gap-default\">\n\t\t\t\t\t<div class=\"elementor-column elementor-col-100 elementor-top-column elementor-element elementor-element-a3f20be\" data-id=\"a3f20be\" data-element_type=\"column\" data-e-type=\"column\">\n\t\t\t<div class=\"elementor-widget-wrap elementor-element-populated\">\n\t\t\t\t\t\t<div class=\"elementor-element elementor-element-e925222 elementor-widget elementor-widget-text-editor\" data-id=\"e925222\" data-element_type=\"widget\" data-e-type=\"widget\" data-widget_type=\"text-editor.default\">\n\t\t\t\t<div class=\"elementor-widget-container\">\n\t\t\t\t\t\t\t\t\t<p>Kada je vizuelni sistem komunikacije postavljen pre\u0161li smo na primenu. Etikete i pakovanja morala su da komuniciraju vrednosti brenda &#8211; \u010disto, jednostavno, jasno. Sve etikete su bele, sa istaknutim nazivom vrste proizvoda i ikonicom za liniju proizvoda. Pakovanja su u be\u017e i braon nijansama pamuk palete brenda. Kutija za pakovanje velike posteljine posebno je dizajnirana i izra\u0111ena u natur kartonu. Sva pakovanja omogu\u0107avaju i delimi\u010dnu vidljivost proizvoda u njima, kroz otvore ili prozra\u010dnost materijala.<\/p>\t\t\t\t\t\t\t\t<\/div>\n\t\t\t\t<\/div>\n\t\t\t\t\t<\/div>\n\t\t<\/div>\n\t\t\t\t\t<\/div>\n\t\t<\/section>\n\t\t\t\t<section class=\"elementor-section elementor-top-section elementor-element elementor-element-512c298 elementor-section-full_width elementor-section-height-default elementor-section-height-default\" data-id=\"512c298\" data-element_type=\"section\" data-e-type=\"section\">\n\t\t\t\t\t\t<div class=\"elementor-container elementor-column-gap-no\">\n\t\t\t\t\t<div class=\"elementor-column elementor-col-100 elementor-top-column elementor-element elementor-element-eb25a35\" data-id=\"eb25a35\" data-element_type=\"column\" data-e-type=\"column\">\n\t\t\t<div class=\"elementor-widget-wrap elementor-element-populated\">\n\t\t\t\t\t\t<div class=\"elementor-element elementor-element-d2d91f2 elementor-widget elementor-widget-image\" data-id=\"d2d91f2\" data-element_type=\"widget\" data-e-type=\"widget\" data-widget_type=\"image.default\">\n\t\t\t\t<div class=\"elementor-widget-container\">\n\t\t\t\t\t\t\t\t\t\t\t\t\t\t\t<img loading=\"lazy\" decoding=\"async\" width=\"1920\" height=\"1080\" src=\"https:\/\/ljdesign.rs\/wp-content\/uploads\/2024\/09\/stefan-jorgan-04-1920x1080-1.jpg\" class=\"attachment-full size-full wp-image-4195\" alt=\"\" srcset=\"https:\/\/ljdesign.rs\/wp-content\/uploads\/2024\/09\/stefan-jorgan-04-1920x1080-1.jpg 1920w, https:\/\/ljdesign.rs\/wp-content\/uploads\/2024\/09\/stefan-jorgan-04-1920x1080-1-300x169.jpg 300w, https:\/\/ljdesign.rs\/wp-content\/uploads\/2024\/09\/stefan-jorgan-04-1920x1080-1-1024x576.jpg 1024w, https:\/\/ljdesign.rs\/wp-content\/uploads\/2024\/09\/stefan-jorgan-04-1920x1080-1-768x432.jpg 768w, https:\/\/ljdesign.rs\/wp-content\/uploads\/2024\/09\/stefan-jorgan-04-1920x1080-1-1536x864.jpg 1536w, https:\/\/ljdesign.rs\/wp-content\/uploads\/2024\/09\/stefan-jorgan-04-1920x1080-1-18x10.jpg 18w, https:\/\/ljdesign.rs\/wp-content\/uploads\/2024\/09\/stefan-jorgan-04-1920x1080-1-600x338.jpg 600w\" sizes=\"(max-width: 1920px) 100vw, 1920px\" \/>\t\t\t\t\t\t\t\t\t\t\t\t\t\t\t<\/div>\n\t\t\t\t<\/div>\n\t\t\t\t\t<\/div>\n\t\t<\/div>\n\t\t\t\t\t<\/div>\n\t\t<\/section>\n\t\t\t\t<section class=\"elementor-section elementor-top-section elementor-element elementor-element-96b5e0b elementor-section-full_width elementor-section-height-default elementor-section-height-default\" data-id=\"96b5e0b\" data-element_type=\"section\" data-e-type=\"section\">\n\t\t\t\t\t\t<div class=\"elementor-container elementor-column-gap-no\">\n\t\t\t\t\t<div class=\"elementor-column elementor-col-100 elementor-top-column elementor-element elementor-element-57fc235\" data-id=\"57fc235\" data-element_type=\"column\" data-e-type=\"column\">\n\t\t\t<div class=\"elementor-widget-wrap elementor-element-populated\">\n\t\t\t\t\t\t<div class=\"elementor-element elementor-element-add9dc1 elementor-arrows-position-inside elementor-pagination-position-outside elementor-widget elementor-widget-image-carousel\" data-id=\"add9dc1\" data-element_type=\"widget\" data-e-type=\"widget\" data-settings=\"{&quot;slides_to_show&quot;:&quot;1&quot;,&quot;navigation&quot;:&quot;both&quot;,&quot;effect&quot;:&quot;slide&quot;,&quot;speed&quot;:500}\" data-widget_type=\"image-carousel.default\">\n\t\t\t\t<div class=\"elementor-widget-container\">\n\t\t\t\t\t\t\t<div class=\"elementor-image-carousel-wrapper swiper\" role=\"region\" aria-roledescription=\"carousel\" aria-label=\"Image Carousel\" dir=\"ltr\">\n\t\t\t<div class=\"elementor-image-carousel swiper-wrapper\" aria-live=\"polite\">\n\t\t\t\t\t\t\t\t<div class=\"swiper-slide\" role=\"group\" aria-roledescription=\"slide\" aria-label=\"1 of 2\"><figure class=\"swiper-slide-inner\"><img decoding=\"async\" class=\"swiper-slide-image\" src=\"https:\/\/ljdesign.rs\/wp-content\/uploads\/2024\/09\/Sajt-Stefan-labels-2.png\" alt=\"stefan-textile-labels\" \/><\/figure><\/div><div class=\"swiper-slide\" role=\"group\" aria-roledescription=\"slide\" aria-label=\"2 of 2\"><figure class=\"swiper-slide-inner\"><img decoding=\"async\" class=\"swiper-slide-image\" src=\"https:\/\/ljdesign.rs\/wp-content\/uploads\/2024\/09\/Sajt-Stefan-labels-02.png\" alt=\"Sajt-Stefan-labels-02\" \/><\/figure><\/div>\t\t\t<\/div>\n\t\t\t\t\t\t\t\t\t\t\t\t<div class=\"elementor-swiper-button elementor-swiper-button-prev\" role=\"button\" tabindex=\"0\">\n\t\t\t\t\t\t<i aria-hidden=\"true\" class=\"eicon-chevron-left\"><\/i>\t\t\t\t\t<\/div>\n\t\t\t\t\t<div class=\"elementor-swiper-button elementor-swiper-button-next\" role=\"button\" tabindex=\"0\">\n\t\t\t\t\t\t<i aria-hidden=\"true\" class=\"eicon-chevron-right\"><\/i>\t\t\t\t\t<\/div>\n\t\t\t\t\n\t\t\t\t\t\t\t\t\t<div class=\"swiper-pagination\"><\/div>\n\t\t\t\t\t\t\t\t\t<\/div>\n\t\t\t\t\t\t<\/div>\n\t\t\t\t<\/div>\n\t\t\t\t\t<\/div>\n\t\t<\/div>\n\t\t\t\t\t<\/div>\n\t\t<\/section>\n\t\t\t\t<\/div>","protected":false},"excerpt":{"rendered":"<p>Stefan tekstil redizajn vizuelnog identiteta i pakovanja \u00a0 Brend Stefan iz Arilja, proizvodi tekstil od 1988. godine. Dugogodi\u0161njim predanim radom stvorili su prepoznatljivo ime u oblasti kuc\u0301nog tekstila. Danas u ponudi imaju oko 500 proizvoda. Ono \u0161to im je bilo potrebno je novi vizuelni identitet i dobro osmi\u0161ljen sistem vizuelne klasifikacije za njihove brojne proizvode [&hellip;]<\/p>\n","protected":false},"author":1,"featured_media":4164,"parent":0,"menu_order":0,"comment_status":"closed","ping_status":"closed","template":"","meta":{"site-sidebar-layout":"no-sidebar","site-content-layout":"page-builder","ast-site-content-layout":"default","site-content-style":"default","site-sidebar-style":"default","ast-global-header-display":"","ast-banner-title-visibility":"","ast-main-header-display":"","ast-hfb-above-header-display":"","ast-hfb-below-header-display":"","ast-hfb-mobile-header-display":"","site-post-title":"disabled","ast-breadcrumbs-content":"","ast-featured-img":"disabled","footer-sml-layout":"","ast-disable-related-posts":"","theme-transparent-header-meta":"","adv-header-id-meta":"","stick-header-meta":"","header-above-stick-meta":"","header-main-stick-meta":"","header-below-stick-meta":"","astra-migrate-meta-layouts":"set","ast-page-background-enabled":"default","ast-page-background-meta":{"desktop":{"background-color":"var(--ast-global-color-4)","background-image":"","background-repeat":"repeat","background-position":"center center","background-size":"auto","background-attachment":"scroll","background-type":"","background-media":"","overlay-type":"","overlay-color":"","overlay-opacity":"","overlay-gradient":""},"tablet":{"background-color":"","background-image":"","background-repeat":"repeat","background-position":"center center","background-size":"auto","background-attachment":"scroll","background-type":"","background-media":"","overlay-type":"","overlay-color":"","overlay-opacity":"","overlay-gradient":""},"mobile":{"background-color":"","background-image":"","background-repeat":"repeat","background-position":"center center","background-size":"auto","background-attachment":"scroll","background-type":"","background-media":"","overlay-type":"","overlay-color":"","overlay-opacity":"","overlay-gradient":""}},"ast-content-background-meta":{"desktop":{"background-color":"var(--ast-global-color-5)","background-image":"","background-repeat":"repeat","background-position":"center center","background-size":"auto","background-attachment":"scroll","background-type":"","background-media":"","overlay-type":"","overlay-color":"","overlay-opacity":"","overlay-gradient":""},"tablet":{"background-color":"var(--ast-global-color-5)","background-image":"","background-repeat":"repeat","background-position":"center center","background-size":"auto","background-attachment":"scroll","background-type":"","background-media":"","overlay-type":"","overlay-color":"","overlay-opacity":"","overlay-gradient":""},"mobile":{"background-color":"var(--ast-global-color-5)","background-image":"","background-repeat":"repeat","background-position":"center center","background-size":"auto","background-attachment":"scroll","background-type":"","background-media":"","overlay-type":"","overlay-color":"","overlay-opacity":"","overlay-gradient":""}},"footnotes":""},"class_list":["post-2265","page","type-page","status-publish","has-post-thumbnail","hentry"],"_links":{"self":[{"href":"https:\/\/ljdesign.rs\/sr\/wp-json\/wp\/v2\/pages\/2265","targetHints":{"allow":["GET"]}}],"collection":[{"href":"https:\/\/ljdesign.rs\/sr\/wp-json\/wp\/v2\/pages"}],"about":[{"href":"https:\/\/ljdesign.rs\/sr\/wp-json\/wp\/v2\/types\/page"}],"author":[{"embeddable":true,"href":"https:\/\/ljdesign.rs\/sr\/wp-json\/wp\/v2\/users\/1"}],"replies":[{"embeddable":true,"href":"https:\/\/ljdesign.rs\/sr\/wp-json\/wp\/v2\/comments?post=2265"}],"version-history":[{"count":182,"href":"https:\/\/ljdesign.rs\/sr\/wp-json\/wp\/v2\/pages\/2265\/revisions"}],"predecessor-version":[{"id":4811,"href":"https:\/\/ljdesign.rs\/sr\/wp-json\/wp\/v2\/pages\/2265\/revisions\/4811"}],"wp:featuredmedia":[{"embeddable":true,"href":"https:\/\/ljdesign.rs\/sr\/wp-json\/wp\/v2\/media\/4164"}],"wp:attachment":[{"href":"https:\/\/ljdesign.rs\/sr\/wp-json\/wp\/v2\/media?parent=2265"}],"curies":[{"name":"wp","href":"https:\/\/api.w.org\/{rel}","templated":true}]}}