{"id":2259,"date":"2023-08-19T17:27:10","date_gmt":"2023-08-19T16:27:10","guid":{"rendered":"https:\/\/ljdesign.rs\/?page_id=2259"},"modified":"2026-01-15T17:01:04","modified_gmt":"2026-01-15T16:01:04","slug":"ivana-blecic","status":"publish","type":"page","link":"https:\/\/ljdesign.rs\/sr\/ivana-blecic\/","title":{"rendered":"Ivana Ble\u010di\u0107"},"content":{"rendered":"<div data-elementor-type=\"wp-page\" data-elementor-id=\"2259\" class=\"elementor elementor-2259\" data-elementor-post-type=\"page\">\n\t\t\t\t\t\t<section class=\"elementor-section elementor-top-section elementor-element elementor-element-bac8fe3 elementor-section-full_width elementor-section-height-default elementor-section-height-default\" data-id=\"bac8fe3\" data-element_type=\"section\" data-e-type=\"section\">\n\t\t\t\t\t\t<div class=\"elementor-container elementor-column-gap-no\">\n\t\t\t\t\t<div class=\"elementor-column elementor-col-100 elementor-top-column elementor-element elementor-element-b9f0139\" data-id=\"b9f0139\" data-element_type=\"column\" data-e-type=\"column\">\n\t\t\t<div class=\"elementor-widget-wrap elementor-element-populated\">\n\t\t\t\t\t\t<div class=\"elementor-element elementor-element-e819b02 elementor-widget__width-inherit elementor-widget elementor-widget-image\" data-id=\"e819b02\" data-element_type=\"widget\" data-e-type=\"widget\" data-widget_type=\"image.default\">\n\t\t\t\t<div class=\"elementor-widget-container\">\n\t\t\t\t\t\t\t\t\t\t\t\t\t\t\t<img fetchpriority=\"high\" decoding=\"async\" width=\"1920\" height=\"1080\" src=\"https:\/\/ljdesign.rs\/wp-content\/uploads\/2023\/08\/ivana-blecic-01-1920x1080-1.jpg\" class=\"attachment-full size-full wp-image-2524\" alt=\"ivana-ble\u010di\u0107-01-1920x1080\" srcset=\"https:\/\/ljdesign.rs\/wp-content\/uploads\/2023\/08\/ivana-blecic-01-1920x1080-1.jpg 1920w, https:\/\/ljdesign.rs\/wp-content\/uploads\/2023\/08\/ivana-blecic-01-1920x1080-1-300x169.jpg 300w, https:\/\/ljdesign.rs\/wp-content\/uploads\/2023\/08\/ivana-blecic-01-1920x1080-1-1024x576.jpg 1024w, https:\/\/ljdesign.rs\/wp-content\/uploads\/2023\/08\/ivana-blecic-01-1920x1080-1-768x432.jpg 768w, https:\/\/ljdesign.rs\/wp-content\/uploads\/2023\/08\/ivana-blecic-01-1920x1080-1-1536x864.jpg 1536w, https:\/\/ljdesign.rs\/wp-content\/uploads\/2023\/08\/ivana-blecic-01-1920x1080-1-18x10.jpg 18w, https:\/\/ljdesign.rs\/wp-content\/uploads\/2023\/08\/ivana-blecic-01-1920x1080-1-600x338.jpg 600w\" sizes=\"(max-width: 1920px) 100vw, 1920px\" \/>\t\t\t\t\t\t\t\t\t\t\t\t\t\t\t<\/div>\n\t\t\t\t<\/div>\n\t\t\t\t\t<\/div>\n\t\t<\/div>\n\t\t\t\t\t<\/div>\n\t\t<\/section>\n\t\t\t\t<section class=\"elementor-section elementor-top-section elementor-element elementor-element-e85783e elementor-section-boxed elementor-section-height-default elementor-section-height-default\" data-id=\"e85783e\" data-element_type=\"section\" data-e-type=\"section\">\n\t\t\t\t\t\t<div class=\"elementor-container elementor-column-gap-default\">\n\t\t\t\t\t<div class=\"elementor-column elementor-col-100 elementor-top-column elementor-element elementor-element-3b799b0\" data-id=\"3b799b0\" data-element_type=\"column\" data-e-type=\"column\">\n\t\t\t<div class=\"elementor-widget-wrap elementor-element-populated\">\n\t\t\t\t\t\t<div class=\"elementor-element elementor-element-a17ff08 elementor-widget elementor-widget-heading\" data-id=\"a17ff08\" data-element_type=\"widget\" data-e-type=\"widget\" data-widget_type=\"heading.default\">\n\t\t\t\t<div class=\"elementor-widget-container\">\n\t\t\t\t\t<h2 class=\"elementor-heading-title elementor-size-default\">Ivana Ble\u010di\u0107 kreativni edukator<\/h2>\t\t\t\t<\/div>\n\t\t\t\t<\/div>\n\t\t\t\t<div class=\"elementor-element elementor-element-6585f1f elementor-widget elementor-widget-text-editor\" data-id=\"6585f1f\" data-element_type=\"widget\" data-e-type=\"widget\" data-widget_type=\"text-editor.default\">\n\t\t\t\t<div class=\"elementor-widget-container\">\n\t\t\t\t\t\t\t\t\t<p>vizuelni identitet i \u0161tampane komunikacije<\/p><p>\u00a0<\/p><p>Ivana Ble\u010dic\u0301 je direktorka ljudskih resursa, biznis kou\u010d i spisateljica. Priznata je u mnogim razli\u010ditim profesionalnim oblastima, a njeno ime je samo po sebi brend. Bila joj je potrebna vizuelna reprezentacija njenog brenda koja bi mogla da obuhvati njen identitet i misiju \u2013 pru\u017eanje podr\u0161ke pojedincima i timovima u rastu i razvoju kroz obrazovanje, obuku, motivaciju i kou\u010ding. Za nju, ovaj brend predstavlja pomirenje suprotnosti \u2013 s jedne strane, puno znanja, informacija i strukture, ali uz puno podr\u0161ke i vere u ljude i njihove kapacitete kakvi jesu. I to je su\u0161tina onoga \u0161to vizuelni identitet odra\u017eava \u2013 biznis i struktura u simbiozi sa du\u0161evno\u0161c\u0301u i altruizmom. Samo razvojem obe strane osoba mo\u017ee da raste.<\/p>\t\t\t\t\t\t\t\t<\/div>\n\t\t\t\t<\/div>\n\t\t\t\t\t<\/div>\n\t\t<\/div>\n\t\t\t\t\t<\/div>\n\t\t<\/section>\n\t\t\t\t<section class=\"elementor-section elementor-top-section elementor-element elementor-element-49314fd elementor-section-full_width elementor-section-height-default elementor-section-height-default\" data-id=\"49314fd\" data-element_type=\"section\" data-e-type=\"section\">\n\t\t\t\t\t\t<div class=\"elementor-container elementor-column-gap-no\">\n\t\t\t\t\t<div class=\"elementor-column elementor-col-100 elementor-top-column elementor-element elementor-element-429c6fe\" data-id=\"429c6fe\" data-element_type=\"column\" data-e-type=\"column\">\n\t\t\t<div class=\"elementor-widget-wrap elementor-element-populated\">\n\t\t\t\t\t\t<div class=\"elementor-element elementor-element-a027743 elementor-widget elementor-widget-image\" data-id=\"a027743\" data-element_type=\"widget\" data-e-type=\"widget\" data-widget_type=\"image.default\">\n\t\t\t\t<div class=\"elementor-widget-container\">\n\t\t\t\t\t\t\t\t\t\t\t\t\t\t\t<img decoding=\"async\" width=\"1920\" height=\"1080\" src=\"https:\/\/ljdesign.rs\/wp-content\/uploads\/2023\/08\/ivana-blecic-logo-1920x1080-1.jpg\" class=\"attachment-full size-full wp-image-2480\" alt=\"ivana-ble\u010di\u0107-logo-1920x1080\" srcset=\"https:\/\/ljdesign.rs\/wp-content\/uploads\/2023\/08\/ivana-blecic-logo-1920x1080-1.jpg 1920w, https:\/\/ljdesign.rs\/wp-content\/uploads\/2023\/08\/ivana-blecic-logo-1920x1080-1-300x169.jpg 300w, https:\/\/ljdesign.rs\/wp-content\/uploads\/2023\/08\/ivana-blecic-logo-1920x1080-1-1024x576.jpg 1024w, https:\/\/ljdesign.rs\/wp-content\/uploads\/2023\/08\/ivana-blecic-logo-1920x1080-1-768x432.jpg 768w, https:\/\/ljdesign.rs\/wp-content\/uploads\/2023\/08\/ivana-blecic-logo-1920x1080-1-1536x864.jpg 1536w, https:\/\/ljdesign.rs\/wp-content\/uploads\/2023\/08\/ivana-blecic-logo-1920x1080-1-18x10.jpg 18w, https:\/\/ljdesign.rs\/wp-content\/uploads\/2023\/08\/ivana-blecic-logo-1920x1080-1-600x338.jpg 600w\" sizes=\"(max-width: 1920px) 100vw, 1920px\" \/>\t\t\t\t\t\t\t\t\t\t\t\t\t\t\t<\/div>\n\t\t\t\t<\/div>\n\t\t\t\t\t<\/div>\n\t\t<\/div>\n\t\t\t\t\t<\/div>\n\t\t<\/section>\n\t\t\t\t<section class=\"elementor-section elementor-top-section elementor-element elementor-element-b90c518 elementor-section-full_width elementor-section-height-default elementor-section-height-default\" data-id=\"b90c518\" data-element_type=\"section\" data-e-type=\"section\">\n\t\t\t\t\t\t<div class=\"elementor-container elementor-column-gap-no\">\n\t\t\t\t\t<div class=\"elementor-column elementor-col-100 elementor-top-column elementor-element elementor-element-c881531\" data-id=\"c881531\" data-element_type=\"column\" data-e-type=\"column\">\n\t\t\t<div class=\"elementor-widget-wrap elementor-element-populated\">\n\t\t\t\t\t\t<div class=\"elementor-element elementor-element-f76cc74 elementor-widget elementor-widget-image\" data-id=\"f76cc74\" data-element_type=\"widget\" data-e-type=\"widget\" data-widget_type=\"image.default\">\n\t\t\t\t<div class=\"elementor-widget-container\">\n\t\t\t\t\t\t\t\t\t\t\t\t\t\t\t<img decoding=\"async\" width=\"1920\" height=\"1080\" src=\"https:\/\/ljdesign.rs\/wp-content\/uploads\/2023\/08\/ivana-blecic-logo-05-1920x1080-1.png\" class=\"attachment-full size-full wp-image-2499\" alt=\"ivana-ble\u010di\u0107-logo-05-1920x1080\" srcset=\"https:\/\/ljdesign.rs\/wp-content\/uploads\/2023\/08\/ivana-blecic-logo-05-1920x1080-1.png 1920w, https:\/\/ljdesign.rs\/wp-content\/uploads\/2023\/08\/ivana-blecic-logo-05-1920x1080-1-300x169.png 300w, https:\/\/ljdesign.rs\/wp-content\/uploads\/2023\/08\/ivana-blecic-logo-05-1920x1080-1-1024x576.png 1024w, https:\/\/ljdesign.rs\/wp-content\/uploads\/2023\/08\/ivana-blecic-logo-05-1920x1080-1-768x432.png 768w, https:\/\/ljdesign.rs\/wp-content\/uploads\/2023\/08\/ivana-blecic-logo-05-1920x1080-1-1536x864.png 1536w, https:\/\/ljdesign.rs\/wp-content\/uploads\/2023\/08\/ivana-blecic-logo-05-1920x1080-1-18x10.png 18w, https:\/\/ljdesign.rs\/wp-content\/uploads\/2023\/08\/ivana-blecic-logo-05-1920x1080-1-600x338.png 600w\" sizes=\"(max-width: 1920px) 100vw, 1920px\" \/>\t\t\t\t\t\t\t\t\t\t\t\t\t\t\t<\/div>\n\t\t\t\t<\/div>\n\t\t\t\t\t<\/div>\n\t\t<\/div>\n\t\t\t\t\t<\/div>\n\t\t<\/section>\n\t\t\t\t<section class=\"elementor-section elementor-top-section elementor-element elementor-element-ac58ec2 elementor-section-full_width elementor-section-height-default elementor-section-height-default\" data-id=\"ac58ec2\" data-element_type=\"section\" data-e-type=\"section\">\n\t\t\t\t\t\t<div class=\"elementor-container elementor-column-gap-no\">\n\t\t\t\t\t<div class=\"elementor-column elementor-col-50 elementor-top-column elementor-element elementor-element-55b8ddc\" data-id=\"55b8ddc\" data-element_type=\"column\" data-e-type=\"column\" data-settings=\"{&quot;background_background&quot;:&quot;classic&quot;}\">\n\t\t\t<div class=\"elementor-widget-wrap elementor-element-populated\">\n\t\t\t\t\t\t<div class=\"elementor-element elementor-element-87e5f77 elementor-widget elementor-widget-text-editor\" data-id=\"87e5f77\" data-element_type=\"widget\" data-e-type=\"widget\" data-widget_type=\"text-editor.default\">\n\t\t\t\t<div class=\"elementor-widget-container\">\n\t\t\t\t\t\t\t\t\t<p>Pomirenje suprotnosti predstavljeno je kroz piktogram \u2013 struktura i senzitivnost, prave i krive linije. Kvadrat predstavlja biznis, znanje, informaciju i strukturu. Tanka grana simbolizuje ne\u0161to organsko, rad na duhovno-emocionalnom planu. Grana je u obliku krive koja predstavlja rast, razvoj i uspeh. Glavni koncept se tako\u0111e nalazi u logotipu \u2013 skript font za ime kombinovan sa sanserifnim fontom za prezime, jedinstvo mekog i krutog, slobodoru\u010dnog i \u0161tampanog. Ne\u017ene, \u017eenstvene boje u kombinaciji sa tamnijim, ozbiljnijim tonovima, predstavljaju koegzistenciju emocija i logike unutar jednog entiteta.<\/p>\t\t\t\t\t\t\t\t<\/div>\n\t\t\t\t<\/div>\n\t\t\t\t\t<\/div>\n\t\t<\/div>\n\t\t\t\t<div class=\"elementor-column elementor-col-50 elementor-top-column elementor-element elementor-element-e8c70c9\" data-id=\"e8c70c9\" data-element_type=\"column\" data-e-type=\"column\">\n\t\t\t<div class=\"elementor-widget-wrap elementor-element-populated\">\n\t\t\t\t\t\t<div class=\"elementor-element elementor-element-06d9e17 elementor-widget__width-inherit elementor-widget elementor-widget-image\" data-id=\"06d9e17\" data-element_type=\"widget\" data-e-type=\"widget\" data-widget_type=\"image.default\">\n\t\t\t\t<div class=\"elementor-widget-container\">\n\t\t\t\t\t\t\t\t\t\t\t\t\t\t\t<img loading=\"lazy\" decoding=\"async\" width=\"1024\" height=\"1024\" src=\"https:\/\/ljdesign.rs\/wp-content\/uploads\/2023\/08\/ivana-vizitka-1024x1024-1.jpg\" class=\"attachment-full size-full wp-image-2506\" alt=\"\" srcset=\"https:\/\/ljdesign.rs\/wp-content\/uploads\/2023\/08\/ivana-vizitka-1024x1024-1.jpg 1024w, https:\/\/ljdesign.rs\/wp-content\/uploads\/2023\/08\/ivana-vizitka-1024x1024-1-300x300.jpg 300w, https:\/\/ljdesign.rs\/wp-content\/uploads\/2023\/08\/ivana-vizitka-1024x1024-1-150x150.jpg 150w, https:\/\/ljdesign.rs\/wp-content\/uploads\/2023\/08\/ivana-vizitka-1024x1024-1-768x768.jpg 768w, https:\/\/ljdesign.rs\/wp-content\/uploads\/2023\/08\/ivana-vizitka-1024x1024-1-12x12.jpg 12w, https:\/\/ljdesign.rs\/wp-content\/uploads\/2023\/08\/ivana-vizitka-1024x1024-1-600x600.jpg 600w, https:\/\/ljdesign.rs\/wp-content\/uploads\/2023\/08\/ivana-vizitka-1024x1024-1-100x100.jpg 100w\" sizes=\"(max-width: 1024px) 100vw, 1024px\" \/>\t\t\t\t\t\t\t\t\t\t\t\t\t\t\t<\/div>\n\t\t\t\t<\/div>\n\t\t\t\t\t<\/div>\n\t\t<\/div>\n\t\t\t\t\t<\/div>\n\t\t<\/section>\n\t\t\t\t<section class=\"elementor-section elementor-top-section elementor-element elementor-element-4ece898 elementor-section-full_width elementor-section-height-default elementor-section-height-default\" data-id=\"4ece898\" data-element_type=\"section\" data-e-type=\"section\">\n\t\t\t\t\t\t<div class=\"elementor-container elementor-column-gap-no\">\n\t\t\t\t\t<div class=\"elementor-column elementor-col-100 elementor-top-column elementor-element elementor-element-f104e02\" data-id=\"f104e02\" data-element_type=\"column\" data-e-type=\"column\">\n\t\t\t<div class=\"elementor-widget-wrap elementor-element-populated\">\n\t\t\t\t\t\t<div class=\"elementor-element elementor-element-1bc61de elementor-widget elementor-widget-image\" data-id=\"1bc61de\" data-element_type=\"widget\" data-e-type=\"widget\" data-widget_type=\"image.default\">\n\t\t\t\t<div class=\"elementor-widget-container\">\n\t\t\t\t\t\t\t\t\t\t\t\t\t\t\t<img loading=\"lazy\" decoding=\"async\" width=\"1920\" height=\"1080\" src=\"https:\/\/ljdesign.rs\/wp-content\/uploads\/2023\/08\/pp-01-1920x1080-1.png\" class=\"attachment-full size-full wp-image-2532\" alt=\"\" srcset=\"https:\/\/ljdesign.rs\/wp-content\/uploads\/2023\/08\/pp-01-1920x1080-1.png 1920w, https:\/\/ljdesign.rs\/wp-content\/uploads\/2023\/08\/pp-01-1920x1080-1-300x169.png 300w, https:\/\/ljdesign.rs\/wp-content\/uploads\/2023\/08\/pp-01-1920x1080-1-1024x576.png 1024w, https:\/\/ljdesign.rs\/wp-content\/uploads\/2023\/08\/pp-01-1920x1080-1-768x432.png 768w, https:\/\/ljdesign.rs\/wp-content\/uploads\/2023\/08\/pp-01-1920x1080-1-1536x864.png 1536w, https:\/\/ljdesign.rs\/wp-content\/uploads\/2023\/08\/pp-01-1920x1080-1-18x10.png 18w, https:\/\/ljdesign.rs\/wp-content\/uploads\/2023\/08\/pp-01-1920x1080-1-600x338.png 600w\" sizes=\"(max-width: 1920px) 100vw, 1920px\" \/>\t\t\t\t\t\t\t\t\t\t\t\t\t\t\t<\/div>\n\t\t\t\t<\/div>\n\t\t\t\t\t<\/div>\n\t\t<\/div>\n\t\t\t\t\t<\/div>\n\t\t<\/section>\n\t\t\t\t<section class=\"elementor-section elementor-top-section elementor-element elementor-element-a6abdd0 elementor-section-full_width elementor-section-height-default elementor-section-height-default\" data-id=\"a6abdd0\" data-element_type=\"section\" data-e-type=\"section\">\n\t\t\t\t\t\t<div class=\"elementor-container elementor-column-gap-default\">\n\t\t\t\t\t<div class=\"elementor-column elementor-col-50 elementor-top-column elementor-element elementor-element-b1a4c48\" data-id=\"b1a4c48\" data-element_type=\"column\" data-e-type=\"column\">\n\t\t\t<div class=\"elementor-widget-wrap elementor-element-populated\">\n\t\t\t\t\t\t<div class=\"elementor-element elementor-element-2f554ae elementor-widget elementor-widget-image\" data-id=\"2f554ae\" data-element_type=\"widget\" data-e-type=\"widget\" data-widget_type=\"image.default\">\n\t\t\t\t<div class=\"elementor-widget-container\">\n\t\t\t\t\t\t\t\t\t\t\t\t\t\t\t<img loading=\"lazy\" decoding=\"async\" width=\"1024\" height=\"1024\" src=\"https:\/\/ljdesign.rs\/wp-content\/uploads\/2023\/08\/ib-1024x1024-1.png\" class=\"attachment-full size-full wp-image-2562\" alt=\"\" srcset=\"https:\/\/ljdesign.rs\/wp-content\/uploads\/2023\/08\/ib-1024x1024-1.png 1024w, https:\/\/ljdesign.rs\/wp-content\/uploads\/2023\/08\/ib-1024x1024-1-300x300.png 300w, https:\/\/ljdesign.rs\/wp-content\/uploads\/2023\/08\/ib-1024x1024-1-150x150.png 150w, https:\/\/ljdesign.rs\/wp-content\/uploads\/2023\/08\/ib-1024x1024-1-768x768.png 768w, https:\/\/ljdesign.rs\/wp-content\/uploads\/2023\/08\/ib-1024x1024-1-12x12.png 12w, https:\/\/ljdesign.rs\/wp-content\/uploads\/2023\/08\/ib-1024x1024-1-600x600.png 600w, https:\/\/ljdesign.rs\/wp-content\/uploads\/2023\/08\/ib-1024x1024-1-100x100.png 100w\" sizes=\"(max-width: 1024px) 100vw, 1024px\" \/>\t\t\t\t\t\t\t\t\t\t\t\t\t\t\t<\/div>\n\t\t\t\t<\/div>\n\t\t\t\t\t<\/div>\n\t\t<\/div>\n\t\t\t\t<div class=\"elementor-column elementor-col-50 elementor-top-column elementor-element elementor-element-160cc4b\" data-id=\"160cc4b\" data-element_type=\"column\" data-e-type=\"column\">\n\t\t\t<div class=\"elementor-widget-wrap elementor-element-populated\">\n\t\t\t\t\t\t<div class=\"elementor-element elementor-element-d549920 elementor-widget elementor-widget-image\" data-id=\"d549920\" data-element_type=\"widget\" data-e-type=\"widget\" data-widget_type=\"image.default\">\n\t\t\t\t<div class=\"elementor-widget-container\">\n\t\t\t\t\t\t\t\t\t\t\t\t\t\t\t<img loading=\"lazy\" decoding=\"async\" width=\"1024\" height=\"1024\" src=\"https:\/\/ljdesign.rs\/wp-content\/uploads\/2023\/08\/ib-01-1024x1024-1.png\" class=\"attachment-full size-full wp-image-2563\" alt=\"\" srcset=\"https:\/\/ljdesign.rs\/wp-content\/uploads\/2023\/08\/ib-01-1024x1024-1.png 1024w, https:\/\/ljdesign.rs\/wp-content\/uploads\/2023\/08\/ib-01-1024x1024-1-300x300.png 300w, https:\/\/ljdesign.rs\/wp-content\/uploads\/2023\/08\/ib-01-1024x1024-1-150x150.png 150w, https:\/\/ljdesign.rs\/wp-content\/uploads\/2023\/08\/ib-01-1024x1024-1-768x768.png 768w, https:\/\/ljdesign.rs\/wp-content\/uploads\/2023\/08\/ib-01-1024x1024-1-12x12.png 12w, https:\/\/ljdesign.rs\/wp-content\/uploads\/2023\/08\/ib-01-1024x1024-1-600x600.png 600w, https:\/\/ljdesign.rs\/wp-content\/uploads\/2023\/08\/ib-01-1024x1024-1-100x100.png 100w\" sizes=\"(max-width: 1024px) 100vw, 1024px\" \/>\t\t\t\t\t\t\t\t\t\t\t\t\t\t\t<\/div>\n\t\t\t\t<\/div>\n\t\t\t\t\t<\/div>\n\t\t<\/div>\n\t\t\t\t\t<\/div>\n\t\t<\/section>\n\t\t\t\t<section class=\"elementor-section elementor-top-section elementor-element elementor-element-e747219 elementor-section-boxed elementor-section-height-default elementor-section-height-default\" data-id=\"e747219\" data-element_type=\"section\" data-e-type=\"section\">\n\t\t\t\t\t\t<div class=\"elementor-container elementor-column-gap-default\">\n\t\t\t\t\t<div class=\"elementor-column elementor-col-100 elementor-top-column elementor-element elementor-element-0cac347\" data-id=\"0cac347\" data-element_type=\"column\" data-e-type=\"column\">\n\t\t\t<div class=\"elementor-widget-wrap elementor-element-populated\">\n\t\t\t\t\t\t<div class=\"elementor-element elementor-element-787490e elementor-widget__width-inherit elementor-widget elementor-widget-gallery\" data-id=\"787490e\" data-element_type=\"widget\" data-e-type=\"widget\" data-settings=\"{&quot;gallery_layout&quot;:&quot;masonry&quot;,&quot;columns&quot;:2,&quot;lazyload&quot;:&quot;yes&quot;,&quot;columns_tablet&quot;:2,&quot;columns_mobile&quot;:1,&quot;gap&quot;:{&quot;unit&quot;:&quot;px&quot;,&quot;size&quot;:10,&quot;sizes&quot;:[]},&quot;gap_tablet&quot;:{&quot;unit&quot;:&quot;px&quot;,&quot;size&quot;:10,&quot;sizes&quot;:[]},&quot;gap_mobile&quot;:{&quot;unit&quot;:&quot;px&quot;,&quot;size&quot;:10,&quot;sizes&quot;:[]},&quot;link_to&quot;:&quot;file&quot;,&quot;overlay_background&quot;:&quot;yes&quot;,&quot;content_hover_animation&quot;:&quot;fade-in&quot;}\" data-widget_type=\"gallery.default\">\n\t\t\t\t<div class=\"elementor-widget-container\">\n\t\t\t\t\t\t\t<div class=\"elementor-gallery__container\">\n\t\t\t\t\t\t\t<a class=\"e-gallery-item elementor-gallery-item elementor-animated-content\" href=\"https:\/\/ljdesign.rs\/wp-content\/uploads\/2023\/08\/ib-09-1920x1080-1.jpg\" data-elementor-open-lightbox=\"yes\" data-elementor-lightbox-slideshow=\"787490e\" data-elementor-lightbox-title=\"notebook green\" data-e-action-hash=\"#elementor-action%3Aaction%3Dlightbox%26settings%3DeyJpZCI6MjU1MywidXJsIjoiaHR0cHM6XC9cL2xqZGVzaWduLnJzXC93cC1jb250ZW50XC91cGxvYWRzXC8yMDIzXC8wOFwvaWItMDktMTkyMHgxMDgwLTEuanBnIiwic2xpZGVzaG93IjoiNzg3NDkwZSJ9\">\n\t\t\t\t\t<div class=\"e-gallery-image elementor-gallery-item__image\" data-thumbnail=\"https:\/\/ljdesign.rs\/wp-content\/uploads\/2023\/08\/ib-09-1920x1080-1.jpg\" data-width=\"1024\" data-height=\"1024\" aria-label=\"\" role=\"img\" ><\/div>\n\t\t\t\t\t\t\t\t\t\t\t<div class=\"elementor-gallery-item__overlay\"><\/div>\n\t\t\t\t\t\t\t\t\t\t\t\t\t\t<\/a>\n\t\t\t\t\t\t\t<a class=\"e-gallery-item elementor-gallery-item elementor-animated-content\" href=\"https:\/\/ljdesign.rs\/wp-content\/uploads\/2023\/08\/ib-10-1920x1080-1.jpg\" data-elementor-open-lightbox=\"yes\" data-elementor-lightbox-slideshow=\"787490e\" data-elementor-lightbox-title=\"notebook beige\" data-e-action-hash=\"#elementor-action%3Aaction%3Dlightbox%26settings%3DeyJpZCI6MjU1NCwidXJsIjoiaHR0cHM6XC9cL2xqZGVzaWduLnJzXC93cC1jb250ZW50XC91cGxvYWRzXC8yMDIzXC8wOFwvaWItMTAtMTkyMHgxMDgwLTEuanBnIiwic2xpZGVzaG93IjoiNzg3NDkwZSJ9\">\n\t\t\t\t\t<div class=\"e-gallery-image elementor-gallery-item__image\" data-thumbnail=\"https:\/\/ljdesign.rs\/wp-content\/uploads\/2023\/08\/ib-10-1920x1080-1.jpg\" data-width=\"1024\" data-height=\"1024\" aria-label=\"\" role=\"img\" ><\/div>\n\t\t\t\t\t\t\t\t\t\t\t<div class=\"elementor-gallery-item__overlay\"><\/div>\n\t\t\t\t\t\t\t\t\t\t\t\t\t\t<\/a>\n\t\t\t\t\t<\/div>\n\t\t\t\t\t<\/div>\n\t\t\t\t<\/div>\n\t\t\t\t\t<\/div>\n\t\t<\/div>\n\t\t\t\t\t<\/div>\n\t\t<\/section>\n\t\t\t\t<\/div>","protected":false},"excerpt":{"rendered":"<p>Ivana Ble\u010di\u0107 kreativni edukator vizuelni identitet i \u0161tampane komunikacije \u00a0 Ivana Ble\u010dic\u0301 je direktorka ljudskih resursa, biznis kou\u010d i spisateljica. Priznata je u mnogim razli\u010ditim profesionalnim oblastima, a njeno ime je samo po sebi brend. Bila joj je potrebna vizuelna reprezentacija njenog brenda koja bi mogla da obuhvati njen identitet i misiju \u2013 pru\u017eanje podr\u0161ke [&hellip;]<\/p>\n","protected":false},"author":1,"featured_media":2578,"parent":0,"menu_order":0,"comment_status":"closed","ping_status":"closed","template":"","meta":{"site-sidebar-layout":"no-sidebar","site-content-layout":"page-builder","ast-site-content-layout":"default","site-content-style":"default","site-sidebar-style":"default","ast-global-header-display":"","ast-banner-title-visibility":"","ast-main-header-display":"","ast-hfb-above-header-display":"","ast-hfb-below-header-display":"","ast-hfb-mobile-header-display":"","site-post-title":"disabled","ast-breadcrumbs-content":"","ast-featured-img":"disabled","footer-sml-layout":"","ast-disable-related-posts":"","theme-transparent-header-meta":"","adv-header-id-meta":"","stick-header-meta":"","header-above-stick-meta":"","header-main-stick-meta":"","header-below-stick-meta":"","astra-migrate-meta-layouts":"set","ast-page-background-enabled":"default","ast-page-background-meta":{"desktop":{"background-color":"var(--ast-global-color-4)","background-image":"","background-repeat":"repeat","background-position":"center center","background-size":"auto","background-attachment":"scroll","background-type":"","background-media":"","overlay-type":"","overlay-color":"","overlay-opacity":"","overlay-gradient":""},"tablet":{"background-color":"","background-image":"","background-repeat":"repeat","background-position":"center center","background-size":"auto","background-attachment":"scroll","background-type":"","background-media":"","overlay-type":"","overlay-color":"","overlay-opacity":"","overlay-gradient":""},"mobile":{"background-color":"","background-image":"","background-repeat":"repeat","background-position":"center center","background-size":"auto","background-attachment":"scroll","background-type":"","background-media":"","overlay-type":"","overlay-color":"","overlay-opacity":"","overlay-gradient":""}},"ast-content-background-meta":{"desktop":{"background-color":"var(--ast-global-color-5)","background-image":"","background-repeat":"repeat","background-position":"center center","background-size":"auto","background-attachment":"scroll","background-type":"","background-media":"","overlay-type":"","overlay-color":"","overlay-opacity":"","overlay-gradient":""},"tablet":{"background-color":"var(--ast-global-color-5)","background-image":"","background-repeat":"repeat","background-position":"center center","background-size":"auto","background-attachment":"scroll","background-type":"","background-media":"","overlay-type":"","overlay-color":"","overlay-opacity":"","overlay-gradient":""},"mobile":{"background-color":"var(--ast-global-color-5)","background-image":"","background-repeat":"repeat","background-position":"center center","background-size":"auto","background-attachment":"scroll","background-type":"","background-media":"","overlay-type":"","overlay-color":"","overlay-opacity":"","overlay-gradient":""}},"footnotes":""},"class_list":["post-2259","page","type-page","status-publish","has-post-thumbnail","hentry"],"_links":{"self":[{"href":"https:\/\/ljdesign.rs\/sr\/wp-json\/wp\/v2\/pages\/2259","targetHints":{"allow":["GET"]}}],"collection":[{"href":"https:\/\/ljdesign.rs\/sr\/wp-json\/wp\/v2\/pages"}],"about":[{"href":"https:\/\/ljdesign.rs\/sr\/wp-json\/wp\/v2\/types\/page"}],"author":[{"embeddable":true,"href":"https:\/\/ljdesign.rs\/sr\/wp-json\/wp\/v2\/users\/1"}],"replies":[{"embeddable":true,"href":"https:\/\/ljdesign.rs\/sr\/wp-json\/wp\/v2\/comments?post=2259"}],"version-history":[{"count":116,"href":"https:\/\/ljdesign.rs\/sr\/wp-json\/wp\/v2\/pages\/2259\/revisions"}],"predecessor-version":[{"id":4784,"href":"https:\/\/ljdesign.rs\/sr\/wp-json\/wp\/v2\/pages\/2259\/revisions\/4784"}],"wp:featuredmedia":[{"embeddable":true,"href":"https:\/\/ljdesign.rs\/sr\/wp-json\/wp\/v2\/media\/2578"}],"wp:attachment":[{"href":"https:\/\/ljdesign.rs\/sr\/wp-json\/wp\/v2\/media?parent=2259"}],"curies":[{"name":"wp","href":"https:\/\/api.w.org\/{rel}","templated":true}]}}