{"id":1405,"date":"2020-02-16T00:00:00","date_gmt":"2020-02-15T23:00:00","guid":{"rendered":"https:\/\/ljdesign.rs\/?page_id=1405"},"modified":"2026-01-14T20:02:51","modified_gmt":"2026-01-14T19:02:51","slug":"talkin-serbian-podcast","status":"publish","type":"page","link":"https:\/\/ljdesign.rs\/sr\/talkin-serbian-podcast\/","title":{"rendered":"TalkIn&#8217; Serbian podkast"},"content":{"rendered":"<div data-elementor-type=\"wp-page\" data-elementor-id=\"1405\" class=\"elementor elementor-1405\" data-elementor-post-type=\"page\">\n\t\t\t\t\t\t<section class=\"elementor-section elementor-top-section elementor-element elementor-element-42769dd elementor-section-boxed elementor-section-height-default elementor-section-height-default\" data-id=\"42769dd\" data-element_type=\"section\" data-e-type=\"section\">\n\t\t\t\t\t\t<div class=\"elementor-container elementor-column-gap-no\">\n\t\t\t\t\t<div class=\"elementor-column elementor-col-100 elementor-top-column elementor-element elementor-element-857e1f2\" data-id=\"857e1f2\" data-element_type=\"column\" data-e-type=\"column\">\n\t\t\t<div class=\"elementor-widget-wrap elementor-element-populated\">\n\t\t\t\t\t\t<div class=\"elementor-element elementor-element-9012348 elementor-widget elementor-widget-image\" data-id=\"9012348\" data-element_type=\"widget\" data-e-type=\"widget\" data-widget_type=\"image.default\">\n\t\t\t\t<div class=\"elementor-widget-container\">\n\t\t\t\t\t\t\t\t\t\t\t\t\t\t\t<img fetchpriority=\"high\" decoding=\"async\" width=\"1080\" height=\"800\" src=\"https:\/\/ljdesign.rs\/wp-content\/uploads\/2025\/02\/TalkIn-Serbian-logo-2.png\" class=\"attachment-full size-full wp-image-4584\" alt=\"\" srcset=\"https:\/\/ljdesign.rs\/wp-content\/uploads\/2025\/02\/TalkIn-Serbian-logo-2.png 1080w, https:\/\/ljdesign.rs\/wp-content\/uploads\/2025\/02\/TalkIn-Serbian-logo-2-300x222.png 300w, https:\/\/ljdesign.rs\/wp-content\/uploads\/2025\/02\/TalkIn-Serbian-logo-2-1024x759.png 1024w, https:\/\/ljdesign.rs\/wp-content\/uploads\/2025\/02\/TalkIn-Serbian-logo-2-768x569.png 768w, https:\/\/ljdesign.rs\/wp-content\/uploads\/2025\/02\/TalkIn-Serbian-logo-2-16x12.png 16w, https:\/\/ljdesign.rs\/wp-content\/uploads\/2025\/02\/TalkIn-Serbian-logo-2-600x444.png 600w\" sizes=\"(max-width: 1080px) 100vw, 1080px\" \/>\t\t\t\t\t\t\t\t\t\t\t\t\t\t\t<\/div>\n\t\t\t\t<\/div>\n\t\t\t\t\t<\/div>\n\t\t<\/div>\n\t\t\t\t\t<\/div>\n\t\t<\/section>\n\t\t\t\t<section class=\"elementor-section elementor-top-section elementor-element elementor-element-bb85fca elementor-section-full_width elementor-section-height-default elementor-section-height-default\" data-id=\"bb85fca\" data-element_type=\"section\" data-e-type=\"section\">\n\t\t\t\t\t\t<div class=\"elementor-container elementor-column-gap-no\">\n\t\t\t\t\t<div class=\"elementor-column elementor-col-100 elementor-top-column elementor-element elementor-element-c34f4e1\" data-id=\"c34f4e1\" data-element_type=\"column\" data-e-type=\"column\">\n\t\t\t<div class=\"elementor-widget-wrap elementor-element-populated\">\n\t\t\t\t\t\t<div class=\"elementor-element elementor-element-bf76784 elementor-widget elementor-widget-image\" data-id=\"bf76784\" data-element_type=\"widget\" data-e-type=\"widget\" data-widget_type=\"image.default\">\n\t\t\t\t<div class=\"elementor-widget-container\">\n\t\t\t\t\t\t\t\t\t\t\t\t\t\t\t<img decoding=\"async\" width=\"1920\" height=\"540\" src=\"https:\/\/ljdesign.rs\/wp-content\/uploads\/2025\/02\/TalkIn-Serbian-colors.jpg\" class=\"attachment-full size-full wp-image-4583\" alt=\"TalkIn&#039;-Serbian-colors\" srcset=\"https:\/\/ljdesign.rs\/wp-content\/uploads\/2025\/02\/TalkIn-Serbian-colors.jpg 1920w, https:\/\/ljdesign.rs\/wp-content\/uploads\/2025\/02\/TalkIn-Serbian-colors-300x84.jpg 300w, https:\/\/ljdesign.rs\/wp-content\/uploads\/2025\/02\/TalkIn-Serbian-colors-1024x288.jpg 1024w, https:\/\/ljdesign.rs\/wp-content\/uploads\/2025\/02\/TalkIn-Serbian-colors-768x216.jpg 768w, https:\/\/ljdesign.rs\/wp-content\/uploads\/2025\/02\/TalkIn-Serbian-colors-1536x432.jpg 1536w, https:\/\/ljdesign.rs\/wp-content\/uploads\/2025\/02\/TalkIn-Serbian-colors-18x5.jpg 18w, https:\/\/ljdesign.rs\/wp-content\/uploads\/2025\/02\/TalkIn-Serbian-colors-600x169.jpg 600w\" sizes=\"(max-width: 1920px) 100vw, 1920px\" \/>\t\t\t\t\t\t\t\t\t\t\t\t\t\t\t<\/div>\n\t\t\t\t<\/div>\n\t\t\t\t\t<\/div>\n\t\t<\/div>\n\t\t\t\t\t<\/div>\n\t\t<\/section>\n\t\t\t\t<section class=\"elementor-section elementor-top-section elementor-element elementor-element-d71bdde elementor-section-boxed elementor-section-height-default elementor-section-height-default\" data-id=\"d71bdde\" data-element_type=\"section\" data-e-type=\"section\">\n\t\t\t\t\t\t<div class=\"elementor-container elementor-column-gap-default\">\n\t\t\t\t\t<div class=\"elementor-column elementor-col-100 elementor-top-column elementor-element elementor-element-41e90a6\" data-id=\"41e90a6\" data-element_type=\"column\" data-e-type=\"column\">\n\t\t\t<div class=\"elementor-widget-wrap elementor-element-populated\">\n\t\t\t\t\t\t<div class=\"elementor-element elementor-element-367829c elementor-widget elementor-widget-heading\" data-id=\"367829c\" data-element_type=\"widget\" data-e-type=\"widget\" data-widget_type=\"heading.default\">\n\t\t\t\t<div class=\"elementor-widget-container\">\n\t\t\t\t\t<h2 class=\"elementor-heading-title elementor-size-default\">TalkIn' Serbian podkast<\/h2>\t\t\t\t<\/div>\n\t\t\t\t<\/div>\n\t\t\t\t<div class=\"elementor-element elementor-element-3e85296 elementor-widget elementor-widget-text-editor\" data-id=\"3e85296\" data-element_type=\"widget\" data-e-type=\"widget\" data-widget_type=\"text-editor.default\">\n\t\t\t\t<div class=\"elementor-widget-container\">\n\t\t\t\t\t\t\t\t\t<p>redizajn vizuelnog identiteta<\/p><p>\u00a0<\/p><p>\u00a0<\/p><p><a href=\"https:\/\/talkinserbian.com\/\" rel=\"nofollow noopener\" target=\"_blank\">TalkIn\u2019 Serbian<\/a> je podkast namenjen strancima koji \u017eele da u\u010de srpski na zabavan na\u010din i pove\u017eu se sa pravim jezikom koji \u0107e koristiti u svakodnevnim aktivnostima. Po\u0161to kreatori podkasta koriste moderni medijum za podu\u010davanje, vizuelni identitet je kreiran tako da odra\u017eava moderan i zabavan karakter brenda, ali i da ostane \u010dist, \u010ditljiv i lagan. Tako korisnici mogu da se fokusiraju na slu\u0161anje i \u010ditanje materijala bez da im vizuelni elementi previ\u0161e odvla\u010de pa\u017enju.<\/p><p>Znak logoa kombinuje mikrofon podkasta sa obla\u010dic\u0301em za govor, nagla\u0161avajuc\u0301i da se podkast koristi da pomogne ljudima da govore srpski. \u010citljivost je bila prioritet za tipografiju, koja koristi standardno oblikovana latini\u010dna slova, a ne stilizovane verzije. Ta\u010dka na slovu \u201ei\u201d i apostrof su istaknuti plavom i crvenom bojom srpske zastave.<\/p>\t\t\t\t\t\t\t\t<\/div>\n\t\t\t\t<\/div>\n\t\t\t\t\t<\/div>\n\t\t<\/div>\n\t\t\t\t\t<\/div>\n\t\t<\/section>\n\t\t\t\t<section class=\"elementor-section elementor-top-section elementor-element elementor-element-bea5752 elementor-section-boxed elementor-section-height-default elementor-section-height-default\" data-id=\"bea5752\" data-element_type=\"section\" data-e-type=\"section\">\n\t\t\t\t\t\t<div class=\"elementor-container elementor-column-gap-default\">\n\t\t\t\t\t<div class=\"elementor-column elementor-col-100 elementor-top-column elementor-element elementor-element-3a38c2b\" data-id=\"3a38c2b\" data-element_type=\"column\" data-e-type=\"column\">\n\t\t\t<div class=\"elementor-widget-wrap elementor-element-populated\">\n\t\t\t\t\t\t<div class=\"elementor-element elementor-element-861f511 elementor-widget elementor-widget-image\" data-id=\"861f511\" data-element_type=\"widget\" data-e-type=\"widget\" data-widget_type=\"image.default\">\n\t\t\t\t<div class=\"elementor-widget-container\">\n\t\t\t\t\t\t\t\t\t\t\t\t\t\t\t<img decoding=\"async\" width=\"1024\" height=\"229\" src=\"https:\/\/ljdesign.rs\/wp-content\/uploads\/2025\/02\/TalkIn-Serbian-pattern-1024x229.png\" class=\"attachment-large size-large wp-image-4585\" alt=\"\" srcset=\"https:\/\/ljdesign.rs\/wp-content\/uploads\/2025\/02\/TalkIn-Serbian-pattern-1024x229.png 1024w, https:\/\/ljdesign.rs\/wp-content\/uploads\/2025\/02\/TalkIn-Serbian-pattern-300x67.png 300w, https:\/\/ljdesign.rs\/wp-content\/uploads\/2025\/02\/TalkIn-Serbian-pattern-768x172.png 768w, https:\/\/ljdesign.rs\/wp-content\/uploads\/2025\/02\/TalkIn-Serbian-pattern-18x4.png 18w, https:\/\/ljdesign.rs\/wp-content\/uploads\/2025\/02\/TalkIn-Serbian-pattern-600x134.png 600w, https:\/\/ljdesign.rs\/wp-content\/uploads\/2025\/02\/TalkIn-Serbian-pattern.png 1250w\" sizes=\"(max-width: 1024px) 100vw, 1024px\" \/>\t\t\t\t\t\t\t\t\t\t\t\t\t\t\t<\/div>\n\t\t\t\t<\/div>\n\t\t\t\t\t<\/div>\n\t\t<\/div>\n\t\t\t\t\t<\/div>\n\t\t<\/section>\n\t\t\t\t<section class=\"elementor-section elementor-top-section elementor-element elementor-element-8ef0e3a elementor-section-full_width elementor-section-height-default elementor-section-height-default\" data-id=\"8ef0e3a\" data-element_type=\"section\" data-e-type=\"section\">\n\t\t\t\t\t\t<div class=\"elementor-container elementor-column-gap-no\">\n\t\t\t\t\t<div class=\"elementor-column elementor-col-100 elementor-top-column elementor-element elementor-element-55eb99b\" data-id=\"55eb99b\" data-element_type=\"column\" data-e-type=\"column\">\n\t\t\t<div class=\"elementor-widget-wrap elementor-element-populated\">\n\t\t\t\t\t\t<div class=\"elementor-element elementor-element-294023d elementor-widget elementor-widget-image\" data-id=\"294023d\" data-element_type=\"widget\" data-e-type=\"widget\" data-widget_type=\"image.default\">\n\t\t\t\t<div class=\"elementor-widget-container\">\n\t\t\t\t\t\t\t\t\t\t\t\t\t\t\t<img loading=\"lazy\" decoding=\"async\" width=\"1920\" height=\"1440\" src=\"https:\/\/ljdesign.rs\/wp-content\/uploads\/2025\/02\/TalkIn-Serbian-web-01.jpg\" class=\"attachment-full size-full wp-image-4618\" alt=\"TalkIn&#039;-Serbian-web 01\" srcset=\"https:\/\/ljdesign.rs\/wp-content\/uploads\/2025\/02\/TalkIn-Serbian-web-01.jpg 1920w, https:\/\/ljdesign.rs\/wp-content\/uploads\/2025\/02\/TalkIn-Serbian-web-01-300x225.jpg 300w, https:\/\/ljdesign.rs\/wp-content\/uploads\/2025\/02\/TalkIn-Serbian-web-01-1024x768.jpg 1024w, https:\/\/ljdesign.rs\/wp-content\/uploads\/2025\/02\/TalkIn-Serbian-web-01-768x576.jpg 768w, https:\/\/ljdesign.rs\/wp-content\/uploads\/2025\/02\/TalkIn-Serbian-web-01-1536x1152.jpg 1536w, https:\/\/ljdesign.rs\/wp-content\/uploads\/2025\/02\/TalkIn-Serbian-web-01-16x12.jpg 16w, https:\/\/ljdesign.rs\/wp-content\/uploads\/2025\/02\/TalkIn-Serbian-web-01-600x450.jpg 600w\" sizes=\"(max-width: 1920px) 100vw, 1920px\" \/>\t\t\t\t\t\t\t\t\t\t\t\t\t\t\t<\/div>\n\t\t\t\t<\/div>\n\t\t\t\t\t<\/div>\n\t\t<\/div>\n\t\t\t\t\t<\/div>\n\t\t<\/section>\n\t\t\t\t<section class=\"elementor-section elementor-top-section elementor-element elementor-element-2900848 elementor-section-boxed elementor-section-height-default elementor-section-height-default\" data-id=\"2900848\" data-element_type=\"section\" data-e-type=\"section\">\n\t\t\t\t\t\t<div class=\"elementor-container elementor-column-gap-default\">\n\t\t\t\t\t<div class=\"elementor-column elementor-col-100 elementor-top-column elementor-element elementor-element-e4f9a17\" data-id=\"e4f9a17\" data-element_type=\"column\" data-e-type=\"column\">\n\t\t\t<div class=\"elementor-widget-wrap elementor-element-populated\">\n\t\t\t\t\t\t<div class=\"elementor-element elementor-element-9832ccc elementor-widget elementor-widget-text-editor\" data-id=\"9832ccc\" data-element_type=\"widget\" data-e-type=\"widget\" data-widget_type=\"text-editor.default\">\n\t\t\t\t<div class=\"elementor-widget-container\">\n\t\t\t\t\t\t\t\t\t<p>\u0160ara brenda predstavlja stilizovani spoj tradicionalnog srpskog romba koji se mo\u017ee na\u0107i na \u0107ilimima i tradicionalnoj no\u0161nji, u kombinaciji sa vizuelnim prikazom zvu\u010dnih talasa. Ta\u010dke sa \u0161ablona su tako\u0111e pojedina\u010dno kori\u0161c\u0301ene kao elementi za kreiranje ikonica i drugih grafi\u010dkih elemenata.<\/p><p>Vizuelni identitet je primenjen na web komunikaciju za dru\u0161tvene mre\u017ee, kao i na TalkIn\u2019 Serbian web stranicu, obezbe\u0111ujuc\u0301i jedinstvenu vizuelnu reprezentaciju brenda u razli\u010ditim medijumima.<\/p>\t\t\t\t\t\t\t\t<\/div>\n\t\t\t\t<\/div>\n\t\t\t\t\t<\/div>\n\t\t<\/div>\n\t\t\t\t\t<\/div>\n\t\t<\/section>\n\t\t\t\t<section class=\"elementor-section elementor-top-section elementor-element elementor-element-dcfb94b elementor-section-full_width elementor-section-height-default elementor-section-height-default\" data-id=\"dcfb94b\" data-element_type=\"section\" data-e-type=\"section\">\n\t\t\t\t\t\t<div class=\"elementor-container elementor-column-gap-no\">\n\t\t\t\t\t<div class=\"elementor-column elementor-col-100 elementor-top-column elementor-element elementor-element-d5f6c09\" data-id=\"d5f6c09\" data-element_type=\"column\" data-e-type=\"column\">\n\t\t\t<div class=\"elementor-widget-wrap elementor-element-populated\">\n\t\t\t\t\t\t<div class=\"elementor-element elementor-element-4e3af0e elementor-widget elementor-widget-image\" data-id=\"4e3af0e\" data-element_type=\"widget\" data-e-type=\"widget\" data-widget_type=\"image.default\">\n\t\t\t\t<div class=\"elementor-widget-container\">\n\t\t\t\t\t\t\t\t\t\t\t\t\t\t\t<img loading=\"lazy\" decoding=\"async\" width=\"1920\" height=\"740\" src=\"https:\/\/ljdesign.rs\/wp-content\/uploads\/2025\/02\/TalkIn-Serbian-visuals.png\" class=\"attachment-full size-full wp-image-4588\" alt=\"\" srcset=\"https:\/\/ljdesign.rs\/wp-content\/uploads\/2025\/02\/TalkIn-Serbian-visuals.png 1920w, https:\/\/ljdesign.rs\/wp-content\/uploads\/2025\/02\/TalkIn-Serbian-visuals-300x116.png 300w, https:\/\/ljdesign.rs\/wp-content\/uploads\/2025\/02\/TalkIn-Serbian-visuals-1024x395.png 1024w, https:\/\/ljdesign.rs\/wp-content\/uploads\/2025\/02\/TalkIn-Serbian-visuals-768x296.png 768w, https:\/\/ljdesign.rs\/wp-content\/uploads\/2025\/02\/TalkIn-Serbian-visuals-1536x592.png 1536w, https:\/\/ljdesign.rs\/wp-content\/uploads\/2025\/02\/TalkIn-Serbian-visuals-18x7.png 18w, https:\/\/ljdesign.rs\/wp-content\/uploads\/2025\/02\/TalkIn-Serbian-visuals-600x231.png 600w\" sizes=\"(max-width: 1920px) 100vw, 1920px\" \/>\t\t\t\t\t\t\t\t\t\t\t\t\t\t\t<\/div>\n\t\t\t\t<\/div>\n\t\t\t\t\t<\/div>\n\t\t<\/div>\n\t\t\t\t\t<\/div>\n\t\t<\/section>\n\t\t\t\t<\/div>","protected":false},"excerpt":{"rendered":"<p>TalkIn&#8217; Serbian podkast redizajn vizuelnog identiteta \u00a0 \u00a0 TalkIn\u2019 Serbian je podkast namenjen strancima koji \u017eele da u\u010de srpski na zabavan na\u010din i pove\u017eu se sa pravim jezikom koji \u0107e koristiti u svakodnevnim aktivnostima. Po\u0161to kreatori podkasta koriste moderni medijum za podu\u010davanje, vizuelni identitet je kreiran tako da odra\u017eava moderan i zabavan karakter brenda, ali [&hellip;]<\/p>\n","protected":false},"author":1,"featured_media":4593,"parent":0,"menu_order":0,"comment_status":"closed","ping_status":"closed","template":"","meta":{"site-sidebar-layout":"no-sidebar","site-content-layout":"page-builder","ast-site-content-layout":"full-width-container","site-content-style":"unboxed","site-sidebar-style":"unboxed","ast-global-header-display":"","ast-banner-title-visibility":"","ast-main-header-display":"","ast-hfb-above-header-display":"","ast-hfb-below-header-display":"","ast-hfb-mobile-header-display":"","site-post-title":"disabled","ast-breadcrumbs-content":"","ast-featured-img":"disabled","footer-sml-layout":"","ast-disable-related-posts":"","theme-transparent-header-meta":"","adv-header-id-meta":"","stick-header-meta":"","header-above-stick-meta":"","header-main-stick-meta":"","header-below-stick-meta":"","astra-migrate-meta-layouts":"set","ast-page-background-enabled":"default","ast-page-background-meta":{"desktop":{"background-color":"var(--ast-global-color-4)","background-image":"","background-repeat":"repeat","background-position":"center center","background-size":"auto","background-attachment":"scroll","background-type":"","background-media":"","overlay-type":"","overlay-color":"","overlay-opacity":"","overlay-gradient":""},"tablet":{"background-color":"","background-image":"","background-repeat":"repeat","background-position":"center center","background-size":"auto","background-attachment":"scroll","background-type":"","background-media":"","overlay-type":"","overlay-color":"","overlay-opacity":"","overlay-gradient":""},"mobile":{"background-color":"","background-image":"","background-repeat":"repeat","background-position":"center center","background-size":"auto","background-attachment":"scroll","background-type":"","background-media":"","overlay-type":"","overlay-color":"","overlay-opacity":"","overlay-gradient":""}},"ast-content-background-meta":{"desktop":{"background-color":"var(--ast-global-color-5)","background-image":"","background-repeat":"repeat","background-position":"center center","background-size":"auto","background-attachment":"scroll","background-type":"","background-media":"","overlay-type":"","overlay-color":"","overlay-opacity":"","overlay-gradient":""},"tablet":{"background-color":"var(--ast-global-color-5)","background-image":"","background-repeat":"repeat","background-position":"center center","background-size":"auto","background-attachment":"scroll","background-type":"","background-media":"","overlay-type":"","overlay-color":"","overlay-opacity":"","overlay-gradient":""},"mobile":{"background-color":"var(--ast-global-color-5)","background-image":"","background-repeat":"repeat","background-position":"center center","background-size":"auto","background-attachment":"scroll","background-type":"","background-media":"","overlay-type":"","overlay-color":"","overlay-opacity":"","overlay-gradient":""}},"footnotes":""},"class_list":["post-1405","page","type-page","status-publish","has-post-thumbnail","hentry"],"_links":{"self":[{"href":"https:\/\/ljdesign.rs\/sr\/wp-json\/wp\/v2\/pages\/1405","targetHints":{"allow":["GET"]}}],"collection":[{"href":"https:\/\/ljdesign.rs\/sr\/wp-json\/wp\/v2\/pages"}],"about":[{"href":"https:\/\/ljdesign.rs\/sr\/wp-json\/wp\/v2\/types\/page"}],"author":[{"embeddable":true,"href":"https:\/\/ljdesign.rs\/sr\/wp-json\/wp\/v2\/users\/1"}],"replies":[{"embeddable":true,"href":"https:\/\/ljdesign.rs\/sr\/wp-json\/wp\/v2\/comments?post=1405"}],"version-history":[{"count":63,"href":"https:\/\/ljdesign.rs\/sr\/wp-json\/wp\/v2\/pages\/1405\/revisions"}],"predecessor-version":[{"id":4751,"href":"https:\/\/ljdesign.rs\/sr\/wp-json\/wp\/v2\/pages\/1405\/revisions\/4751"}],"wp:featuredmedia":[{"embeddable":true,"href":"https:\/\/ljdesign.rs\/sr\/wp-json\/wp\/v2\/media\/4593"}],"wp:attachment":[{"href":"https:\/\/ljdesign.rs\/sr\/wp-json\/wp\/v2\/media?parent=1405"}],"curies":[{"name":"wp","href":"https:\/\/api.w.org\/{rel}","templated":true}]}}