{"id":1300,"date":"2022-07-11T19:17:43","date_gmt":"2022-07-11T18:17:43","guid":{"rendered":"https:\/\/ljdesign.rs\/?page_id=1300"},"modified":"2026-01-15T21:41:08","modified_gmt":"2026-01-15T20:41:08","slug":"indijana-coffee-roaster","status":"publish","type":"page","link":"https:\/\/ljdesign.rs\/sr\/indijana-coffee-roaster\/","title":{"rendered":"Indijana Coffee Roaster"},"content":{"rendered":"<div data-elementor-type=\"wp-page\" data-elementor-id=\"1300\" class=\"elementor elementor-1300\" data-elementor-post-type=\"page\">\n\t\t\t\t\t\t<section class=\"elementor-section elementor-top-section elementor-element elementor-element-34487d0 elementor-section-full_width elementor-section-height-default elementor-section-height-default\" data-id=\"34487d0\" data-element_type=\"section\" data-e-type=\"section\">\n\t\t\t\t\t\t<div class=\"elementor-container elementor-column-gap-no\">\n\t\t\t\t\t<div class=\"elementor-column elementor-col-50 elementor-top-column elementor-element elementor-element-450aab1\" data-id=\"450aab1\" data-element_type=\"column\" data-e-type=\"column\">\n\t\t\t<div class=\"elementor-widget-wrap elementor-element-populated\">\n\t\t\t\t\t\t<div class=\"elementor-element elementor-element-9d33342 elementor-widget__width-inherit elementor-widget elementor-widget-image\" data-id=\"9d33342\" data-element_type=\"widget\" data-e-type=\"widget\" data-widget_type=\"image.default\">\n\t\t\t\t<div class=\"elementor-widget-container\">\n\t\t\t\t\t\t\t\t\t\t\t\t\t\t\t<img fetchpriority=\"high\" decoding=\"async\" width=\"1024\" height=\"1024\" src=\"https:\/\/ljdesign.rs\/wp-content\/uploads\/2023\/08\/1024x1024.jpg\" class=\"attachment-full size-full wp-image-2124\" alt=\"indijana coffee sign1024x1024\" srcset=\"https:\/\/ljdesign.rs\/wp-content\/uploads\/2023\/08\/1024x1024.jpg 1024w, https:\/\/ljdesign.rs\/wp-content\/uploads\/2023\/08\/1024x1024-300x300.jpg 300w, https:\/\/ljdesign.rs\/wp-content\/uploads\/2023\/08\/1024x1024-150x150.jpg 150w, https:\/\/ljdesign.rs\/wp-content\/uploads\/2023\/08\/1024x1024-768x768.jpg 768w, https:\/\/ljdesign.rs\/wp-content\/uploads\/2023\/08\/1024x1024-12x12.jpg 12w, https:\/\/ljdesign.rs\/wp-content\/uploads\/2023\/08\/1024x1024-600x600.jpg 600w, https:\/\/ljdesign.rs\/wp-content\/uploads\/2023\/08\/1024x1024-100x100.jpg 100w\" sizes=\"(max-width: 1024px) 100vw, 1024px\" \/>\t\t\t\t\t\t\t\t\t\t\t\t\t\t\t<\/div>\n\t\t\t\t<\/div>\n\t\t\t\t\t<\/div>\n\t\t<\/div>\n\t\t\t\t<div class=\"elementor-column elementor-col-50 elementor-top-column elementor-element elementor-element-f97689e\" data-id=\"f97689e\" data-element_type=\"column\" data-e-type=\"column\" data-settings=\"{&quot;background_background&quot;:&quot;classic&quot;}\">\n\t\t\t<div class=\"elementor-widget-wrap elementor-element-populated\">\n\t\t\t\t\t\t<div class=\"elementor-element elementor-element-7d127e7 elementor-widget elementor-widget-heading\" data-id=\"7d127e7\" data-element_type=\"widget\" data-e-type=\"widget\" data-widget_type=\"heading.default\">\n\t\t\t\t<div class=\"elementor-widget-container\">\n\t\t\t\t\t<h2 class=\"elementor-heading-title elementor-size-default\">Indijana Coffee Roaster<\/h2>\t\t\t\t<\/div>\n\t\t\t\t<\/div>\n\t\t\t\t<div class=\"elementor-element elementor-element-9ac6e79 elementor-widget__width-auto elementor-widget elementor-widget-text-editor\" data-id=\"9ac6e79\" data-element_type=\"widget\" data-e-type=\"widget\" data-widget_type=\"text-editor.default\">\n\t\t\t\t<div class=\"elementor-widget-container\">\n\t\t\t\t\t\t\t\t\t<p>vizuelni identitet i dizajn ambala\u017ee<\/p><p>\u00a0<\/p><p>Indijana je\u00a0porodi\u010dna pr\u017eionica kafe osnovana u Beogradu, stvorena da ljubiteljima kafe pru\u017ei iskustvo ispijanja najbolje arabike. Ideja za logo bila je da se stvori misti\u010dno lice, sa ravnim izrazom, inspirisano mese\u010devim maskama starosedela\u010dkih naroda Amerike. Cilj je da privu\u010de posmatra\u010de, zaintrigira ih i o\u010dara. Lice je upe\u010datljivo i nezaboravno, ba\u0161 kao i ukus <a href=\"https:\/\/www.indijana.rs\/\" rel=\"nofollow noopener\" target=\"_blank\">Indijana kafe<\/a>.<\/p>\t\t\t\t\t\t\t\t<\/div>\n\t\t\t\t<\/div>\n\t\t\t\t\t<\/div>\n\t\t<\/div>\n\t\t\t\t\t<\/div>\n\t\t<\/section>\n\t\t\t\t<section class=\"elementor-section elementor-top-section elementor-element elementor-element-3355d07 elementor-section-full_width elementor-section-height-default elementor-section-height-default\" data-id=\"3355d07\" data-element_type=\"section\" data-e-type=\"section\">\n\t\t\t\t\t\t<div class=\"elementor-container elementor-column-gap-no\">\n\t\t\t\t\t<div class=\"elementor-column elementor-col-100 elementor-top-column elementor-element elementor-element-3bc48b0\" data-id=\"3bc48b0\" data-element_type=\"column\" data-e-type=\"column\">\n\t\t\t<div class=\"elementor-widget-wrap elementor-element-populated\">\n\t\t\t\t\t\t<div class=\"elementor-element elementor-element-a64df25 elementor-widget__width-inherit elementor-widget elementor-widget-image\" data-id=\"a64df25\" data-element_type=\"widget\" data-e-type=\"widget\" data-widget_type=\"image.default\">\n\t\t\t\t<div class=\"elementor-widget-container\">\n\t\t\t\t\t\t\t\t\t\t\t\t\t\t\t<img decoding=\"async\" src=\"https:\/\/ljdesign.rs\/wp-content\/uploads\/2023\/08\/indijana-coffee-logo-1920x1080-1.png\" title=\"indijana coffee logo 1920&#215;1080\" alt=\"indijana coffee logo 1920x1080\" loading=\"lazy\" \/>\t\t\t\t\t\t\t\t\t\t\t\t\t\t\t<\/div>\n\t\t\t\t<\/div>\n\t\t\t\t\t<\/div>\n\t\t<\/div>\n\t\t\t\t\t<\/div>\n\t\t<\/section>\n\t\t\t\t<section class=\"elementor-section elementor-top-section elementor-element elementor-element-6aa1c27 elementor-section-full_width elementor-section-height-default elementor-section-height-default\" data-id=\"6aa1c27\" data-element_type=\"section\" data-e-type=\"section\">\n\t\t\t\t\t\t<div class=\"elementor-container elementor-column-gap-no\">\n\t\t\t\t\t<div class=\"elementor-column elementor-col-100 elementor-top-column elementor-element elementor-element-4dbd1bd\" data-id=\"4dbd1bd\" data-element_type=\"column\" data-e-type=\"column\">\n\t\t\t<div class=\"elementor-widget-wrap elementor-element-populated\">\n\t\t\t\t\t\t<div class=\"elementor-element elementor-element-84bfffc elementor-widget__width-inherit elementor-widget elementor-widget-image\" data-id=\"84bfffc\" data-element_type=\"widget\" data-e-type=\"widget\" data-widget_type=\"image.default\">\n\t\t\t\t<div class=\"elementor-widget-container\">\n\t\t\t\t\t\t\t\t\t\t\t\t\t\t\t<img decoding=\"async\" width=\"1920\" height=\"1080\" src=\"https:\/\/ljdesign.rs\/wp-content\/uploads\/2024\/07\/indijana-coffee-packaging-2-1920x1080-1.jpg\" class=\"attachment-full size-full wp-image-3382\" alt=\"indijana-coffee-packaging\" srcset=\"https:\/\/ljdesign.rs\/wp-content\/uploads\/2024\/07\/indijana-coffee-packaging-2-1920x1080-1.jpg 1920w, https:\/\/ljdesign.rs\/wp-content\/uploads\/2024\/07\/indijana-coffee-packaging-2-1920x1080-1-300x169.jpg 300w, https:\/\/ljdesign.rs\/wp-content\/uploads\/2024\/07\/indijana-coffee-packaging-2-1920x1080-1-1024x576.jpg 1024w, https:\/\/ljdesign.rs\/wp-content\/uploads\/2024\/07\/indijana-coffee-packaging-2-1920x1080-1-768x432.jpg 768w, https:\/\/ljdesign.rs\/wp-content\/uploads\/2024\/07\/indijana-coffee-packaging-2-1920x1080-1-1536x864.jpg 1536w, https:\/\/ljdesign.rs\/wp-content\/uploads\/2024\/07\/indijana-coffee-packaging-2-1920x1080-1-18x10.jpg 18w, https:\/\/ljdesign.rs\/wp-content\/uploads\/2024\/07\/indijana-coffee-packaging-2-1920x1080-1-600x338.jpg 600w\" sizes=\"(max-width: 1920px) 100vw, 1920px\" \/>\t\t\t\t\t\t\t\t\t\t\t\t\t\t\t<\/div>\n\t\t\t\t<\/div>\n\t\t\t\t\t<\/div>\n\t\t<\/div>\n\t\t\t\t\t<\/div>\n\t\t<\/section>\n\t\t\t\t<section class=\"elementor-section elementor-top-section elementor-element elementor-element-60cd09b elementor-section-full_width elementor-section-height-default elementor-section-height-default\" data-id=\"60cd09b\" data-element_type=\"section\" data-e-type=\"section\">\n\t\t\t\t\t\t<div class=\"elementor-container elementor-column-gap-no\">\n\t\t\t\t\t<div class=\"elementor-column elementor-col-50 elementor-top-column elementor-element elementor-element-4bcff29\" data-id=\"4bcff29\" data-element_type=\"column\" data-e-type=\"column\" data-settings=\"{&quot;background_background&quot;:&quot;classic&quot;}\">\n\t\t\t<div class=\"elementor-widget-wrap elementor-element-populated\">\n\t\t\t\t\t\t<div class=\"elementor-element elementor-element-eabe618 elementor-widget__width-inherit elementor-widget elementor-widget-text-editor\" data-id=\"eabe618\" data-element_type=\"widget\" data-e-type=\"widget\" data-widget_type=\"text-editor.default\">\n\t\t\t\t<div class=\"elementor-widget-container\">\n\t\t\t\t\t\t\t\t\t<p>Ilustracija za pakovanje Indijana kafe morala je biti atraktivna, \u0161arena i sa intenzivnim kontrastima, kako bi se istakla na \u010disto\u00a0 beloj, specijalnoj filter kesi koja \u010duva njenu sve\u017einu. Ilustracija pri\u010da pri\u010du o putu kafe, od sun\u010devih zraka na planta\u017eama, do sakupljanja, pr\u017eenja, pakovanja, isporuke i kona\u010dnog ispijanja te savr\u0161ene \u0161oljice kafe.<\/p>\t\t\t\t\t\t\t\t<\/div>\n\t\t\t\t<\/div>\n\t\t\t\t\t<\/div>\n\t\t<\/div>\n\t\t\t\t<div class=\"elementor-column elementor-col-50 elementor-top-column elementor-element elementor-element-81f1ebb\" data-id=\"81f1ebb\" data-element_type=\"column\" data-e-type=\"column\">\n\t\t\t<div class=\"elementor-widget-wrap elementor-element-populated\">\n\t\t\t\t\t\t<div class=\"elementor-element elementor-element-7d68f44 elementor-widget__width-inherit elementor-widget elementor-widget-image\" data-id=\"7d68f44\" data-element_type=\"widget\" data-e-type=\"widget\" data-widget_type=\"image.default\">\n\t\t\t\t<div class=\"elementor-widget-container\">\n\t\t\t\t\t\t\t\t\t\t\t\t\t\t\t<img decoding=\"async\" width=\"1024\" height=\"1024\" src=\"https:\/\/ljdesign.rs\/wp-content\/uploads\/2024\/07\/indijana-coffee-cup-packaging-2-1024x1024-1.jpg\" class=\"attachment-large size-large wp-image-3383\" alt=\"indijana-coffee-cup-packaging\" srcset=\"https:\/\/ljdesign.rs\/wp-content\/uploads\/2024\/07\/indijana-coffee-cup-packaging-2-1024x1024-1.jpg 1024w, https:\/\/ljdesign.rs\/wp-content\/uploads\/2024\/07\/indijana-coffee-cup-packaging-2-1024x1024-1-300x300.jpg 300w, https:\/\/ljdesign.rs\/wp-content\/uploads\/2024\/07\/indijana-coffee-cup-packaging-2-1024x1024-1-150x150.jpg 150w, https:\/\/ljdesign.rs\/wp-content\/uploads\/2024\/07\/indijana-coffee-cup-packaging-2-1024x1024-1-768x768.jpg 768w, https:\/\/ljdesign.rs\/wp-content\/uploads\/2024\/07\/indijana-coffee-cup-packaging-2-1024x1024-1-12x12.jpg 12w, https:\/\/ljdesign.rs\/wp-content\/uploads\/2024\/07\/indijana-coffee-cup-packaging-2-1024x1024-1-600x600.jpg 600w, https:\/\/ljdesign.rs\/wp-content\/uploads\/2024\/07\/indijana-coffee-cup-packaging-2-1024x1024-1-100x100.jpg 100w\" sizes=\"(max-width: 1024px) 100vw, 1024px\" \/>\t\t\t\t\t\t\t\t\t\t\t\t\t\t\t<\/div>\n\t\t\t\t<\/div>\n\t\t\t\t\t<\/div>\n\t\t<\/div>\n\t\t\t\t\t<\/div>\n\t\t<\/section>\n\t\t\t\t<section class=\"elementor-section elementor-top-section elementor-element elementor-element-29322aa elementor-section-full_width elementor-section-height-default elementor-section-height-default\" data-id=\"29322aa\" data-element_type=\"section\" data-e-type=\"section\">\n\t\t\t\t\t\t<div class=\"elementor-container elementor-column-gap-default\">\n\t\t\t\t\t<div class=\"elementor-column elementor-col-100 elementor-top-column elementor-element elementor-element-dc50a58\" data-id=\"dc50a58\" data-element_type=\"column\" data-e-type=\"column\">\n\t\t\t<div class=\"elementor-widget-wrap elementor-element-populated\">\n\t\t\t\t\t\t<div class=\"elementor-element elementor-element-ceac43f elementor-widget elementor-widget-image\" data-id=\"ceac43f\" data-element_type=\"widget\" data-e-type=\"widget\" data-widget_type=\"image.default\">\n\t\t\t\t<div class=\"elementor-widget-container\">\n\t\t\t\t\t\t\t\t\t\t\t\t\t\t\t<img loading=\"lazy\" decoding=\"async\" width=\"1920\" height=\"1080\" src=\"https:\/\/ljdesign.rs\/wp-content\/uploads\/2023\/08\/illustration-08-1920x1080-1.png\" class=\"attachment-full size-full wp-image-2450\" alt=\"illustration-08-1920x1080\" srcset=\"https:\/\/ljdesign.rs\/wp-content\/uploads\/2023\/08\/illustration-08-1920x1080-1.png 1920w, https:\/\/ljdesign.rs\/wp-content\/uploads\/2023\/08\/illustration-08-1920x1080-1-300x169.png 300w, https:\/\/ljdesign.rs\/wp-content\/uploads\/2023\/08\/illustration-08-1920x1080-1-1024x576.png 1024w, https:\/\/ljdesign.rs\/wp-content\/uploads\/2023\/08\/illustration-08-1920x1080-1-768x432.png 768w, https:\/\/ljdesign.rs\/wp-content\/uploads\/2023\/08\/illustration-08-1920x1080-1-1536x864.png 1536w, https:\/\/ljdesign.rs\/wp-content\/uploads\/2023\/08\/illustration-08-1920x1080-1-18x10.png 18w, https:\/\/ljdesign.rs\/wp-content\/uploads\/2023\/08\/illustration-08-1920x1080-1-600x338.png 600w\" sizes=\"(max-width: 1920px) 100vw, 1920px\" \/>\t\t\t\t\t\t\t\t\t\t\t\t\t\t\t<\/div>\n\t\t\t\t<\/div>\n\t\t\t\t\t<\/div>\n\t\t<\/div>\n\t\t\t\t\t<\/div>\n\t\t<\/section>\n\t\t\t\t<section class=\"elementor-section elementor-top-section elementor-element elementor-element-a12dc34 elementor-section-full_width elementor-section-height-default elementor-section-height-default\" data-id=\"a12dc34\" data-element_type=\"section\" data-e-type=\"section\">\n\t\t\t\t\t\t<div class=\"elementor-container elementor-column-gap-no\">\n\t\t\t\t\t<div class=\"elementor-column elementor-col-50 elementor-top-column elementor-element elementor-element-a0bbb23\" data-id=\"a0bbb23\" data-element_type=\"column\" data-e-type=\"column\">\n\t\t\t<div class=\"elementor-widget-wrap elementor-element-populated\">\n\t\t\t\t\t\t<div class=\"elementor-element elementor-element-61add82 elementor-widget elementor-widget-image\" data-id=\"61add82\" data-element_type=\"widget\" data-e-type=\"widget\" data-widget_type=\"image.default\">\n\t\t\t\t<div class=\"elementor-widget-container\">\n\t\t\t\t\t\t\t\t\t\t\t\t\t\t\t<img loading=\"lazy\" decoding=\"async\" width=\"1024\" height=\"770\" src=\"https:\/\/ljdesign.rs\/wp-content\/uploads\/2024\/07\/indijana-specialty-01-1024x770-1.jpg\" class=\"attachment-full size-full wp-image-3385\" alt=\"indijana-specialty\" srcset=\"https:\/\/ljdesign.rs\/wp-content\/uploads\/2024\/07\/indijana-specialty-01-1024x770-1.jpg 1024w, https:\/\/ljdesign.rs\/wp-content\/uploads\/2024\/07\/indijana-specialty-01-1024x770-1-300x226.jpg 300w, https:\/\/ljdesign.rs\/wp-content\/uploads\/2024\/07\/indijana-specialty-01-1024x770-1-768x578.jpg 768w, https:\/\/ljdesign.rs\/wp-content\/uploads\/2024\/07\/indijana-specialty-01-1024x770-1-16x12.jpg 16w, https:\/\/ljdesign.rs\/wp-content\/uploads\/2024\/07\/indijana-specialty-01-1024x770-1-600x451.jpg 600w\" sizes=\"(max-width: 1024px) 100vw, 1024px\" \/>\t\t\t\t\t\t\t\t\t\t\t\t\t\t\t<\/div>\n\t\t\t\t<\/div>\n\t\t\t\t\t<\/div>\n\t\t<\/div>\n\t\t\t\t<div class=\"elementor-column elementor-col-50 elementor-top-column elementor-element elementor-element-96d1e8e\" data-id=\"96d1e8e\" data-element_type=\"column\" data-e-type=\"column\">\n\t\t\t<div class=\"elementor-widget-wrap elementor-element-populated\">\n\t\t\t\t\t\t<div class=\"elementor-element elementor-element-6c196e6 elementor-widget elementor-widget-image\" data-id=\"6c196e6\" data-element_type=\"widget\" data-e-type=\"widget\" data-widget_type=\"image.default\">\n\t\t\t\t<div class=\"elementor-widget-container\">\n\t\t\t\t\t\t\t\t\t\t\t\t\t\t\t<img loading=\"lazy\" decoding=\"async\" width=\"1024\" height=\"770\" src=\"https:\/\/ljdesign.rs\/wp-content\/uploads\/2024\/07\/indijana-specialty-02-1024x770-1.jpg\" class=\"attachment-full size-full wp-image-3386\" alt=\"indijana-specialty\" srcset=\"https:\/\/ljdesign.rs\/wp-content\/uploads\/2024\/07\/indijana-specialty-02-1024x770-1.jpg 1024w, https:\/\/ljdesign.rs\/wp-content\/uploads\/2024\/07\/indijana-specialty-02-1024x770-1-300x226.jpg 300w, https:\/\/ljdesign.rs\/wp-content\/uploads\/2024\/07\/indijana-specialty-02-1024x770-1-768x578.jpg 768w, https:\/\/ljdesign.rs\/wp-content\/uploads\/2024\/07\/indijana-specialty-02-1024x770-1-16x12.jpg 16w, https:\/\/ljdesign.rs\/wp-content\/uploads\/2024\/07\/indijana-specialty-02-1024x770-1-600x451.jpg 600w\" sizes=\"(max-width: 1024px) 100vw, 1024px\" \/>\t\t\t\t\t\t\t\t\t\t\t\t\t\t\t<\/div>\n\t\t\t\t<\/div>\n\t\t\t\t\t<\/div>\n\t\t<\/div>\n\t\t\t\t\t<\/div>\n\t\t<\/section>\n\t\t\t\t<\/div>","protected":false},"excerpt":{"rendered":"<p>Indijana Coffee Roaster vizuelni identitet i dizajn ambala\u017ee \u00a0 Indijana je\u00a0porodi\u010dna pr\u017eionica kafe osnovana u Beogradu, stvorena da ljubiteljima kafe pru\u017ei iskustvo ispijanja najbolje arabike. Ideja za logo bila je da se stvori misti\u010dno lice, sa ravnim izrazom, inspirisano mese\u010devim maskama starosedela\u010dkih naroda Amerike. Cilj je da privu\u010de posmatra\u010de, zaintrigira ih i o\u010dara. Lice je [&hellip;]<\/p>\n","protected":false},"author":1,"featured_media":3390,"parent":0,"menu_order":0,"comment_status":"closed","ping_status":"closed","template":"","meta":{"site-sidebar-layout":"no-sidebar","site-content-layout":"page-builder","ast-site-content-layout":"full-width-container","site-content-style":"unboxed","site-sidebar-style":"unboxed","ast-global-header-display":"","ast-banner-title-visibility":"","ast-main-header-display":"","ast-hfb-above-header-display":"","ast-hfb-below-header-display":"","ast-hfb-mobile-header-display":"","site-post-title":"disabled","ast-breadcrumbs-content":"","ast-featured-img":"disabled","footer-sml-layout":"","ast-disable-related-posts":"","theme-transparent-header-meta":"","adv-header-id-meta":"","stick-header-meta":"","header-above-stick-meta":"","header-main-stick-meta":"","header-below-stick-meta":"","astra-migrate-meta-layouts":"set","ast-page-background-enabled":"default","ast-page-background-meta":{"desktop":{"background-color":"var(--ast-global-color-4)","background-image":"","background-repeat":"repeat","background-position":"center center","background-size":"auto","background-attachment":"scroll","background-type":"","background-media":"","overlay-type":"","overlay-color":"","overlay-opacity":"","overlay-gradient":""},"tablet":{"background-color":"","background-image":"","background-repeat":"repeat","background-position":"center center","background-size":"auto","background-attachment":"scroll","background-type":"","background-media":"","overlay-type":"","overlay-color":"","overlay-opacity":"","overlay-gradient":""},"mobile":{"background-color":"","background-image":"","background-repeat":"repeat","background-position":"center center","background-size":"auto","background-attachment":"scroll","background-type":"","background-media":"","overlay-type":"","overlay-color":"","overlay-opacity":"","overlay-gradient":""}},"ast-content-background-meta":{"desktop":{"background-color":"var(--ast-global-color-5)","background-image":"","background-repeat":"repeat","background-position":"center center","background-size":"auto","background-attachment":"scroll","background-type":"","background-media":"","overlay-type":"","overlay-color":"","overlay-opacity":"","overlay-gradient":""},"tablet":{"background-color":"var(--ast-global-color-5)","background-image":"","background-repeat":"repeat","background-position":"center center","background-size":"auto","background-attachment":"scroll","background-type":"","background-media":"","overlay-type":"","overlay-color":"","overlay-opacity":"","overlay-gradient":""},"mobile":{"background-color":"var(--ast-global-color-5)","background-image":"","background-repeat":"repeat","background-position":"center center","background-size":"auto","background-attachment":"scroll","background-type":"","background-media":"","overlay-type":"","overlay-color":"","overlay-opacity":"","overlay-gradient":""}},"footnotes":""},"class_list":["post-1300","page","type-page","status-publish","has-post-thumbnail","hentry"],"_links":{"self":[{"href":"https:\/\/ljdesign.rs\/sr\/wp-json\/wp\/v2\/pages\/1300","targetHints":{"allow":["GET"]}}],"collection":[{"href":"https:\/\/ljdesign.rs\/sr\/wp-json\/wp\/v2\/pages"}],"about":[{"href":"https:\/\/ljdesign.rs\/sr\/wp-json\/wp\/v2\/types\/page"}],"author":[{"embeddable":true,"href":"https:\/\/ljdesign.rs\/sr\/wp-json\/wp\/v2\/users\/1"}],"replies":[{"embeddable":true,"href":"https:\/\/ljdesign.rs\/sr\/wp-json\/wp\/v2\/comments?post=1300"}],"version-history":[{"count":162,"href":"https:\/\/ljdesign.rs\/sr\/wp-json\/wp\/v2\/pages\/1300\/revisions"}],"predecessor-version":[{"id":4791,"href":"https:\/\/ljdesign.rs\/sr\/wp-json\/wp\/v2\/pages\/1300\/revisions\/4791"}],"wp:featuredmedia":[{"embeddable":true,"href":"https:\/\/ljdesign.rs\/sr\/wp-json\/wp\/v2\/media\/3390"}],"wp:attachment":[{"href":"https:\/\/ljdesign.rs\/sr\/wp-json\/wp\/v2\/media?parent=1300"}],"curies":[{"name":"wp","href":"https:\/\/api.w.org\/{rel}","templated":true}]}}