{"id":1275,"date":"2022-06-22T14:38:09","date_gmt":"2022-06-22T13:38:09","guid":{"rendered":"https:\/\/ljdesign.rs\/?page_id=1275"},"modified":"2026-02-19T13:35:34","modified_gmt":"2026-02-19T12:35:34","slug":"projects","status":"publish","type":"page","link":"https:\/\/ljdesign.rs\/sr\/projects\/","title":{"rendered":"Projekti"},"content":{"rendered":"<div data-elementor-type=\"wp-page\" data-elementor-id=\"1275\" class=\"elementor elementor-1275\" data-elementor-post-type=\"page\">\n\t\t\t\t\t\t<section class=\"elementor-section elementor-top-section elementor-element elementor-element-bb340d9 elementor-section-boxed elementor-section-height-default elementor-section-height-default\" data-id=\"bb340d9\" data-element_type=\"section\" data-e-type=\"section\">\n\t\t\t\t\t\t<div class=\"elementor-container elementor-column-gap-default\">\n\t\t\t\t\t<div class=\"elementor-column elementor-col-50 elementor-top-column elementor-element elementor-element-cb699f5\" data-id=\"cb699f5\" data-element_type=\"column\" data-e-type=\"column\">\n\t\t\t<div class=\"elementor-widget-wrap elementor-element-populated\">\n\t\t\t\t\t\t<div class=\"elementor-element elementor-element-03447da elementor-widget elementor-widget-image\" data-id=\"03447da\" data-element_type=\"widget\" data-e-type=\"widget\" data-widget_type=\"image.default\">\n\t\t\t\t<div class=\"elementor-widget-container\">\n\t\t\t\t\t\t\t\t\t\t\t\t\t\t\t\t<a href=\"https:\/\/ljdesign.rs\/sr\/vukov-bozicni-kutak\/\">\n\t\t\t\t\t\t\t<img fetchpriority=\"high\" decoding=\"async\" width=\"1920\" height=\"1080\" src=\"https:\/\/ljdesign.rs\/wp-content\/uploads\/2026\/02\/VCCC-thumb-2.jpg\" class=\"attachment-full size-full wp-image-4804\" alt=\"vukov bozicni kutak 01\" srcset=\"https:\/\/ljdesign.rs\/wp-content\/uploads\/2026\/02\/VCCC-thumb-2.jpg 1920w, https:\/\/ljdesign.rs\/wp-content\/uploads\/2026\/02\/VCCC-thumb-2-300x169.jpg 300w, https:\/\/ljdesign.rs\/wp-content\/uploads\/2026\/02\/VCCC-thumb-2-1024x576.jpg 1024w, https:\/\/ljdesign.rs\/wp-content\/uploads\/2026\/02\/VCCC-thumb-2-768x432.jpg 768w, https:\/\/ljdesign.rs\/wp-content\/uploads\/2026\/02\/VCCC-thumb-2-1536x864.jpg 1536w, https:\/\/ljdesign.rs\/wp-content\/uploads\/2026\/02\/VCCC-thumb-2-18x10.jpg 18w, https:\/\/ljdesign.rs\/wp-content\/uploads\/2026\/02\/VCCC-thumb-2-600x338.jpg 600w\" sizes=\"(max-width: 1920px) 100vw, 1920px\" \/>\t\t\t\t\t\t\t\t<\/a>\n\t\t\t\t\t\t\t\t\t\t\t\t\t\t\t<\/div>\n\t\t\t\t<\/div>\n\t\t\t\t<div class=\"elementor-element elementor-element-660b1b2 elementor-widget elementor-widget-text-editor\" data-id=\"660b1b2\" data-element_type=\"widget\" data-e-type=\"widget\" data-widget_type=\"text-editor.default\">\n\t\t\t\t<div class=\"elementor-widget-container\">\n\t\t\t\t\t\t\t\t\t<h5>Vukov bo\u017ei\u0107ni kutak<\/h5><h6>redizajn vizuelnog identiteta i brendiranje<\/h6>\t\t\t\t\t\t\t\t<\/div>\n\t\t\t\t<\/div>\n\t\t\t\t\t<\/div>\n\t\t<\/div>\n\t\t\t\t<div class=\"elementor-column elementor-col-25 elementor-top-column elementor-element elementor-element-8303060\" data-id=\"8303060\" data-element_type=\"column\" data-e-type=\"column\">\n\t\t\t<div class=\"elementor-widget-wrap elementor-element-populated\">\n\t\t\t\t\t\t<div class=\"elementor-element elementor-element-94b456b elementor-widget elementor-widget-image\" data-id=\"94b456b\" data-element_type=\"widget\" data-e-type=\"widget\" data-widget_type=\"image.default\">\n\t\t\t\t<div class=\"elementor-widget-container\">\n\t\t\t\t\t\t\t\t\t\t\t\t\t\t\t\t<a href=\"https:\/\/ljdesign.rs\/sr\/vanja\/\">\n\t\t\t\t\t\t\t<img decoding=\"async\" width=\"1080\" height=\"1080\" src=\"https:\/\/ljdesign.rs\/wp-content\/uploads\/2026\/02\/Vanja-thumb.jpg\" class=\"attachment-full size-full wp-image-4801\" alt=\"\" srcset=\"https:\/\/ljdesign.rs\/wp-content\/uploads\/2026\/02\/Vanja-thumb.jpg 1080w, https:\/\/ljdesign.rs\/wp-content\/uploads\/2026\/02\/Vanja-thumb-300x300.jpg 300w, https:\/\/ljdesign.rs\/wp-content\/uploads\/2026\/02\/Vanja-thumb-1024x1024.jpg 1024w, https:\/\/ljdesign.rs\/wp-content\/uploads\/2026\/02\/Vanja-thumb-150x150.jpg 150w, https:\/\/ljdesign.rs\/wp-content\/uploads\/2026\/02\/Vanja-thumb-768x768.jpg 768w, https:\/\/ljdesign.rs\/wp-content\/uploads\/2026\/02\/Vanja-thumb-12x12.jpg 12w, https:\/\/ljdesign.rs\/wp-content\/uploads\/2026\/02\/Vanja-thumb-600x600.jpg 600w, https:\/\/ljdesign.rs\/wp-content\/uploads\/2026\/02\/Vanja-thumb-100x100.jpg 100w\" sizes=\"(max-width: 1080px) 100vw, 1080px\" \/>\t\t\t\t\t\t\t\t<\/a>\n\t\t\t\t\t\t\t\t\t\t\t\t\t\t\t<\/div>\n\t\t\t\t<\/div>\n\t\t\t\t<div class=\"elementor-element elementor-element-0af7e79 elementor-widget elementor-widget-text-editor\" data-id=\"0af7e79\" data-element_type=\"widget\" data-e-type=\"widget\" data-widget_type=\"text-editor.default\">\n\t\t\t\t<div class=\"elementor-widget-container\">\n\t\t\t\t\t\t\t\t\t<h5>Vanja.<\/h5><h6>dizajn vizuelnog identiteta<\/h6>\t\t\t\t\t\t\t\t<\/div>\n\t\t\t\t<\/div>\n\t\t\t\t\t<\/div>\n\t\t<\/div>\n\t\t\t\t<div class=\"elementor-column elementor-col-25 elementor-top-column elementor-element elementor-element-506e25c\" data-id=\"506e25c\" data-element_type=\"column\" data-e-type=\"column\">\n\t\t\t<div class=\"elementor-widget-wrap elementor-element-populated\">\n\t\t\t\t\t\t<div class=\"elementor-element elementor-element-5b63d0d elementor-widget elementor-widget-image\" data-id=\"5b63d0d\" data-element_type=\"widget\" data-e-type=\"widget\" data-widget_type=\"image.default\">\n\t\t\t\t<div class=\"elementor-widget-container\">\n\t\t\t\t\t\t\t\t\t\t\t\t\t\t\t\t<a href=\"https:\/\/ljdesign.rs\/sr\/zivi-radi-voli\/\">\n\t\t\t\t\t\t\t<img decoding=\"async\" width=\"1080\" height=\"1080\" src=\"https:\/\/ljdesign.rs\/wp-content\/uploads\/2026\/02\/ZRV-thumb-2.jpg\" class=\"attachment-full size-full wp-image-4803\" alt=\"\" srcset=\"https:\/\/ljdesign.rs\/wp-content\/uploads\/2026\/02\/ZRV-thumb-2.jpg 1080w, https:\/\/ljdesign.rs\/wp-content\/uploads\/2026\/02\/ZRV-thumb-2-300x300.jpg 300w, https:\/\/ljdesign.rs\/wp-content\/uploads\/2026\/02\/ZRV-thumb-2-1024x1024.jpg 1024w, https:\/\/ljdesign.rs\/wp-content\/uploads\/2026\/02\/ZRV-thumb-2-150x150.jpg 150w, https:\/\/ljdesign.rs\/wp-content\/uploads\/2026\/02\/ZRV-thumb-2-768x768.jpg 768w, https:\/\/ljdesign.rs\/wp-content\/uploads\/2026\/02\/ZRV-thumb-2-12x12.jpg 12w, https:\/\/ljdesign.rs\/wp-content\/uploads\/2026\/02\/ZRV-thumb-2-600x600.jpg 600w, https:\/\/ljdesign.rs\/wp-content\/uploads\/2026\/02\/ZRV-thumb-2-100x100.jpg 100w\" sizes=\"(max-width: 1080px) 100vw, 1080px\" \/>\t\t\t\t\t\t\t\t<\/a>\n\t\t\t\t\t\t\t\t\t\t\t\t\t\t\t<\/div>\n\t\t\t\t<\/div>\n\t\t\t\t<div class=\"elementor-element elementor-element-459edc7 elementor-widget elementor-widget-text-editor\" data-id=\"459edc7\" data-element_type=\"widget\" data-e-type=\"widget\" data-widget_type=\"text-editor.default\">\n\t\t\t\t<div class=\"elementor-widget-container\">\n\t\t\t\t\t\t\t\t\t<h5>\u017divi.Radi.Voli.<\/h5><h6>redizajn vizuelnog identiteta<\/h6>\t\t\t\t\t\t\t\t<\/div>\n\t\t\t\t<\/div>\n\t\t\t\t\t<\/div>\n\t\t<\/div>\n\t\t\t\t\t<\/div>\n\t\t<\/section>\n\t\t\t\t<section class=\"elementor-section elementor-top-section elementor-element elementor-element-1764ad5 elementor-section-boxed elementor-section-height-default elementor-section-height-default\" data-id=\"1764ad5\" data-element_type=\"section\" data-e-type=\"section\">\n\t\t\t\t\t\t<div class=\"elementor-container elementor-column-gap-default\">\n\t\t\t\t\t<div class=\"elementor-column elementor-col-25 elementor-top-column elementor-element elementor-element-9a45814\" data-id=\"9a45814\" data-element_type=\"column\" data-e-type=\"column\">\n\t\t\t<div class=\"elementor-widget-wrap elementor-element-populated\">\n\t\t\t\t\t\t<div class=\"elementor-element elementor-element-901c933 elementor-widget elementor-widget-image\" data-id=\"901c933\" data-element_type=\"widget\" data-e-type=\"widget\" data-widget_type=\"image.default\">\n\t\t\t\t<div class=\"elementor-widget-container\">\n\t\t\t\t\t\t\t\t\t\t\t\t\t\t\t\t<a href=\"https:\/\/ljdesign.rs\/sr\/samsung-galaxy-z-flip-4\/\">\n\t\t\t\t\t\t\t<img loading=\"lazy\" decoding=\"async\" width=\"1024\" height=\"1024\" src=\"https:\/\/ljdesign.rs\/wp-content\/uploads\/2023\/09\/samsung-01-1024x1024-1.jpg\" class=\"attachment-full size-full wp-image-3011\" alt=\"\" srcset=\"https:\/\/ljdesign.rs\/wp-content\/uploads\/2023\/09\/samsung-01-1024x1024-1.jpg 1024w, https:\/\/ljdesign.rs\/wp-content\/uploads\/2023\/09\/samsung-01-1024x1024-1-300x300.jpg 300w, https:\/\/ljdesign.rs\/wp-content\/uploads\/2023\/09\/samsung-01-1024x1024-1-150x150.jpg 150w, https:\/\/ljdesign.rs\/wp-content\/uploads\/2023\/09\/samsung-01-1024x1024-1-768x768.jpg 768w, https:\/\/ljdesign.rs\/wp-content\/uploads\/2023\/09\/samsung-01-1024x1024-1-12x12.jpg 12w, https:\/\/ljdesign.rs\/wp-content\/uploads\/2023\/09\/samsung-01-1024x1024-1-600x600.jpg 600w, https:\/\/ljdesign.rs\/wp-content\/uploads\/2023\/09\/samsung-01-1024x1024-1-100x100.jpg 100w\" sizes=\"(max-width: 1024px) 100vw, 1024px\" \/>\t\t\t\t\t\t\t\t<\/a>\n\t\t\t\t\t\t\t\t\t\t\t\t\t\t\t<\/div>\n\t\t\t\t<\/div>\n\t\t\t\t<div class=\"elementor-element elementor-element-8ed0453 elementor-widget elementor-widget-text-editor\" data-id=\"8ed0453\" data-element_type=\"widget\" data-e-type=\"widget\" data-widget_type=\"text-editor.default\">\n\t\t\t\t<div class=\"elementor-widget-container\">\n\t\t\t\t\t\t\t\t\t<h5>Samsung Galaxy Z Flip4<\/h5><h6>dizajn dodatka za telefon<\/h6>\t\t\t\t\t\t\t\t<\/div>\n\t\t\t\t<\/div>\n\t\t\t\t\t<\/div>\n\t\t<\/div>\n\t\t\t\t<div class=\"elementor-column elementor-col-25 elementor-top-column elementor-element elementor-element-6ac3733\" data-id=\"6ac3733\" data-element_type=\"column\" data-e-type=\"column\">\n\t\t\t<div class=\"elementor-widget-wrap elementor-element-populated\">\n\t\t\t\t\t\t<div class=\"elementor-element elementor-element-1838528 elementor-widget elementor-widget-image\" data-id=\"1838528\" data-element_type=\"widget\" data-e-type=\"widget\" data-widget_type=\"image.default\">\n\t\t\t\t<div class=\"elementor-widget-container\">\n\t\t\t\t\t\t\t\t\t\t\t\t\t\t\t\t<a href=\"https:\/\/ljdesign.rs\/sr\/talkin-serbian-podcast\/\">\n\t\t\t\t\t\t\t<img loading=\"lazy\" decoding=\"async\" width=\"1920\" height=\"1080\" src=\"https:\/\/ljdesign.rs\/wp-content\/uploads\/2023\/09\/TalkIn-Serbian-1920x1080-1.jpg\" class=\"attachment-full size-full wp-image-3004\" alt=\"\" srcset=\"https:\/\/ljdesign.rs\/wp-content\/uploads\/2023\/09\/TalkIn-Serbian-1920x1080-1.jpg 1920w, https:\/\/ljdesign.rs\/wp-content\/uploads\/2023\/09\/TalkIn-Serbian-1920x1080-1-300x169.jpg 300w, https:\/\/ljdesign.rs\/wp-content\/uploads\/2023\/09\/TalkIn-Serbian-1920x1080-1-1024x576.jpg 1024w, https:\/\/ljdesign.rs\/wp-content\/uploads\/2023\/09\/TalkIn-Serbian-1920x1080-1-768x432.jpg 768w, https:\/\/ljdesign.rs\/wp-content\/uploads\/2023\/09\/TalkIn-Serbian-1920x1080-1-1536x864.jpg 1536w, https:\/\/ljdesign.rs\/wp-content\/uploads\/2023\/09\/TalkIn-Serbian-1920x1080-1-18x10.jpg 18w, https:\/\/ljdesign.rs\/wp-content\/uploads\/2023\/09\/TalkIn-Serbian-1920x1080-1-600x338.jpg 600w\" sizes=\"(max-width: 1920px) 100vw, 1920px\" \/>\t\t\t\t\t\t\t\t<\/a>\n\t\t\t\t\t\t\t\t\t\t\t\t\t\t\t<\/div>\n\t\t\t\t<\/div>\n\t\t\t\t<div class=\"elementor-element elementor-element-39aa386 elementor-widget elementor-widget-text-editor\" data-id=\"39aa386\" data-element_type=\"widget\" data-e-type=\"widget\" data-widget_type=\"text-editor.default\">\n\t\t\t\t<div class=\"elementor-widget-container\">\n\t\t\t\t\t\t\t\t\t<h5>TalkIn&#8217; Serbian podkast<\/h5><h6>redizajn vizuelnog identiteta<\/h6>\t\t\t\t\t\t\t\t<\/div>\n\t\t\t\t<\/div>\n\t\t\t\t\t<\/div>\n\t\t<\/div>\n\t\t\t\t<div class=\"elementor-column elementor-col-50 elementor-top-column elementor-element elementor-element-9205439\" data-id=\"9205439\" data-element_type=\"column\" data-e-type=\"column\">\n\t\t\t<div class=\"elementor-widget-wrap elementor-element-populated\">\n\t\t\t\t\t\t<div class=\"elementor-element elementor-element-eaad182 elementor-widget elementor-widget-image\" data-id=\"eaad182\" data-element_type=\"widget\" data-e-type=\"widget\" data-widget_type=\"image.default\">\n\t\t\t\t<div class=\"elementor-widget-container\">\n\t\t\t\t\t\t\t\t\t\t\t\t\t\t\t\t<a href=\"https:\/\/ljdesign.rs\/sr\/indijana-coffee-roaster\/\">\n\t\t\t\t\t\t\t<img loading=\"lazy\" decoding=\"async\" width=\"1920\" height=\"1080\" src=\"https:\/\/ljdesign.rs\/wp-content\/uploads\/2024\/07\/indijana-coffee-4-1920x1080-1.jpg\" class=\"attachment-full size-full wp-image-3390\" alt=\"projects\" srcset=\"https:\/\/ljdesign.rs\/wp-content\/uploads\/2024\/07\/indijana-coffee-4-1920x1080-1.jpg 1920w, https:\/\/ljdesign.rs\/wp-content\/uploads\/2024\/07\/indijana-coffee-4-1920x1080-1-300x169.jpg 300w, https:\/\/ljdesign.rs\/wp-content\/uploads\/2024\/07\/indijana-coffee-4-1920x1080-1-1024x576.jpg 1024w, https:\/\/ljdesign.rs\/wp-content\/uploads\/2024\/07\/indijana-coffee-4-1920x1080-1-768x432.jpg 768w, https:\/\/ljdesign.rs\/wp-content\/uploads\/2024\/07\/indijana-coffee-4-1920x1080-1-1536x864.jpg 1536w, https:\/\/ljdesign.rs\/wp-content\/uploads\/2024\/07\/indijana-coffee-4-1920x1080-1-18x10.jpg 18w, https:\/\/ljdesign.rs\/wp-content\/uploads\/2024\/07\/indijana-coffee-4-1920x1080-1-600x338.jpg 600w\" sizes=\"(max-width: 1920px) 100vw, 1920px\" \/>\t\t\t\t\t\t\t\t<\/a>\n\t\t\t\t\t\t\t\t\t\t\t\t\t\t\t<\/div>\n\t\t\t\t<\/div>\n\t\t\t\t<div class=\"elementor-element elementor-element-f73651a elementor-widget elementor-widget-text-editor\" data-id=\"f73651a\" data-element_type=\"widget\" data-e-type=\"widget\" data-widget_type=\"text-editor.default\">\n\t\t\t\t<div class=\"elementor-widget-container\">\n\t\t\t\t\t\t\t\t\t<h5>Indijana Coffee Roaster<\/h5><h6>dizajn vizuelnog identiteta i pakovanja<\/h6>\t\t\t\t\t\t\t\t<\/div>\n\t\t\t\t<\/div>\n\t\t\t\t\t<\/div>\n\t\t<\/div>\n\t\t\t\t\t<\/div>\n\t\t<\/section>\n\t\t\t\t<section class=\"elementor-section elementor-top-section elementor-element elementor-element-ef0a65a elementor-section-boxed elementor-section-height-default elementor-section-height-default\" data-id=\"ef0a65a\" data-element_type=\"section\" data-e-type=\"section\">\n\t\t\t\t\t\t<div class=\"elementor-container elementor-column-gap-default\">\n\t\t\t\t\t<div class=\"elementor-column elementor-col-25 elementor-top-column elementor-element elementor-element-1d07e46\" data-id=\"1d07e46\" data-element_type=\"column\" data-e-type=\"column\">\n\t\t\t<div class=\"elementor-widget-wrap elementor-element-populated\">\n\t\t\t\t\t\t<div class=\"elementor-element elementor-element-14018e4 elementor-widget elementor-widget-image\" data-id=\"14018e4\" data-element_type=\"widget\" data-e-type=\"widget\" data-widget_type=\"image.default\">\n\t\t\t\t<div class=\"elementor-widget-container\">\n\t\t\t\t\t\t\t\t\t\t\t\t\t\t\t\t<a href=\"https:\/\/ljdesign.rs\/sr\/stefan-textile\/\">\n\t\t\t\t\t\t\t<img loading=\"lazy\" decoding=\"async\" width=\"1920\" height=\"1080\" src=\"https:\/\/ljdesign.rs\/wp-content\/uploads\/2024\/09\/New-1920x1080-stefan-01.jpg\" class=\"attachment-full size-full wp-image-4164\" alt=\"stefan-textile\" srcset=\"https:\/\/ljdesign.rs\/wp-content\/uploads\/2024\/09\/New-1920x1080-stefan-01.jpg 1920w, https:\/\/ljdesign.rs\/wp-content\/uploads\/2024\/09\/New-1920x1080-stefan-01-300x169.jpg 300w, https:\/\/ljdesign.rs\/wp-content\/uploads\/2024\/09\/New-1920x1080-stefan-01-1024x576.jpg 1024w, https:\/\/ljdesign.rs\/wp-content\/uploads\/2024\/09\/New-1920x1080-stefan-01-768x432.jpg 768w, https:\/\/ljdesign.rs\/wp-content\/uploads\/2024\/09\/New-1920x1080-stefan-01-1536x864.jpg 1536w, https:\/\/ljdesign.rs\/wp-content\/uploads\/2024\/09\/New-1920x1080-stefan-01-18x10.jpg 18w, https:\/\/ljdesign.rs\/wp-content\/uploads\/2024\/09\/New-1920x1080-stefan-01-600x338.jpg 600w\" sizes=\"(max-width: 1920px) 100vw, 1920px\" \/>\t\t\t\t\t\t\t\t<\/a>\n\t\t\t\t\t\t\t\t\t\t\t\t\t\t\t<\/div>\n\t\t\t\t<\/div>\n\t\t\t\t<div class=\"elementor-element elementor-element-a2395da elementor-widget elementor-widget-text-editor\" data-id=\"a2395da\" data-element_type=\"widget\" data-e-type=\"widget\" data-widget_type=\"text-editor.default\">\n\t\t\t\t<div class=\"elementor-widget-container\">\n\t\t\t\t\t\t\t\t\t<h5>Stefan tekstil<\/h5><h6>redizajn vizuelnog identiteta i pakovanja<\/h6>\t\t\t\t\t\t\t\t<\/div>\n\t\t\t\t<\/div>\n\t\t\t\t\t<\/div>\n\t\t<\/div>\n\t\t\t\t<div class=\"elementor-column elementor-col-25 elementor-top-column elementor-element elementor-element-d46dd08\" data-id=\"d46dd08\" data-element_type=\"column\" data-e-type=\"column\">\n\t\t\t<div class=\"elementor-widget-wrap elementor-element-populated\">\n\t\t\t\t\t\t<div class=\"elementor-element elementor-element-a1f55d7 elementor-widget elementor-widget-image\" data-id=\"a1f55d7\" data-element_type=\"widget\" data-e-type=\"widget\" data-widget_type=\"image.default\">\n\t\t\t\t<div class=\"elementor-widget-container\">\n\t\t\t\t\t\t\t\t\t\t\t\t\t\t\t\t<a href=\"https:\/\/ljdesign.rs\/sr\/ivana-blecic\/\">\n\t\t\t\t\t\t\t<img loading=\"lazy\" decoding=\"async\" width=\"1024\" height=\"1024\" src=\"https:\/\/ljdesign.rs\/wp-content\/uploads\/2023\/08\/ivana-vizitka-1024x1024-1.jpg\" class=\"attachment-full size-full wp-image-2506\" alt=\"\" srcset=\"https:\/\/ljdesign.rs\/wp-content\/uploads\/2023\/08\/ivana-vizitka-1024x1024-1.jpg 1024w, https:\/\/ljdesign.rs\/wp-content\/uploads\/2023\/08\/ivana-vizitka-1024x1024-1-300x300.jpg 300w, https:\/\/ljdesign.rs\/wp-content\/uploads\/2023\/08\/ivana-vizitka-1024x1024-1-150x150.jpg 150w, https:\/\/ljdesign.rs\/wp-content\/uploads\/2023\/08\/ivana-vizitka-1024x1024-1-768x768.jpg 768w, https:\/\/ljdesign.rs\/wp-content\/uploads\/2023\/08\/ivana-vizitka-1024x1024-1-12x12.jpg 12w, https:\/\/ljdesign.rs\/wp-content\/uploads\/2023\/08\/ivana-vizitka-1024x1024-1-600x600.jpg 600w, https:\/\/ljdesign.rs\/wp-content\/uploads\/2023\/08\/ivana-vizitka-1024x1024-1-100x100.jpg 100w\" sizes=\"(max-width: 1024px) 100vw, 1024px\" \/>\t\t\t\t\t\t\t\t<\/a>\n\t\t\t\t\t\t\t\t\t\t\t\t\t\t\t<\/div>\n\t\t\t\t<\/div>\n\t\t\t\t<div class=\"elementor-element elementor-element-29afe5c elementor-widget elementor-widget-text-editor\" data-id=\"29afe5c\" data-element_type=\"widget\" data-e-type=\"widget\" data-widget_type=\"text-editor.default\">\n\t\t\t\t<div class=\"elementor-widget-container\">\n\t\t\t\t\t\t\t\t\t<h5>Ivana Ble\u010di\u0107 kreativni edukator<\/h5><h6>dizajn vizuelnog identiteta<\/h6>\t\t\t\t\t\t\t\t<\/div>\n\t\t\t\t<\/div>\n\t\t\t\t\t<\/div>\n\t\t<\/div>\n\t\t\t\t<div class=\"elementor-column elementor-col-25 elementor-top-column elementor-element elementor-element-1bf5245\" data-id=\"1bf5245\" data-element_type=\"column\" data-e-type=\"column\">\n\t\t\t<div class=\"elementor-widget-wrap elementor-element-populated\">\n\t\t\t\t\t\t<div class=\"elementor-element elementor-element-2d75296 elementor-widget elementor-widget-image\" data-id=\"2d75296\" data-element_type=\"widget\" data-e-type=\"widget\" data-widget_type=\"image.default\">\n\t\t\t\t<div class=\"elementor-widget-container\">\n\t\t\t\t\t\t\t\t\t\t\t\t\t\t\t\t<a href=\"https:\/\/ljdesign.rs\/sr\/stefan-baby-bedding\/\">\n\t\t\t\t\t\t\t<img loading=\"lazy\" decoding=\"async\" width=\"1200\" height=\"1200\" src=\"https:\/\/ljdesign.rs\/wp-content\/uploads\/2024\/09\/588-pesak.jpg\" class=\"attachment-full size-full wp-image-4246\" alt=\"stefan baby\" srcset=\"https:\/\/ljdesign.rs\/wp-content\/uploads\/2024\/09\/588-pesak.jpg 1200w, https:\/\/ljdesign.rs\/wp-content\/uploads\/2024\/09\/588-pesak-300x300.jpg 300w, https:\/\/ljdesign.rs\/wp-content\/uploads\/2024\/09\/588-pesak-1024x1024.jpg 1024w, https:\/\/ljdesign.rs\/wp-content\/uploads\/2024\/09\/588-pesak-150x150.jpg 150w, https:\/\/ljdesign.rs\/wp-content\/uploads\/2024\/09\/588-pesak-768x768.jpg 768w, https:\/\/ljdesign.rs\/wp-content\/uploads\/2024\/09\/588-pesak-12x12.jpg 12w, https:\/\/ljdesign.rs\/wp-content\/uploads\/2024\/09\/588-pesak-600x600.jpg 600w, https:\/\/ljdesign.rs\/wp-content\/uploads\/2024\/09\/588-pesak-100x100.jpg 100w\" sizes=\"(max-width: 1200px) 100vw, 1200px\" \/>\t\t\t\t\t\t\t\t<\/a>\n\t\t\t\t\t\t\t\t\t\t\t\t\t\t\t<\/div>\n\t\t\t\t<\/div>\n\t\t\t\t<div class=\"elementor-element elementor-element-f01b1ac elementor-widget elementor-widget-text-editor\" data-id=\"f01b1ac\" data-element_type=\"widget\" data-e-type=\"widget\" data-widget_type=\"text-editor.default\">\n\t\t\t\t<div class=\"elementor-widget-container\">\n\t\t\t\t\t\t\t\t\t<h5>Stefan tekstil<\/h5><h6>dizajn posteljine za bebe<\/h6>\t\t\t\t\t\t\t\t<\/div>\n\t\t\t\t<\/div>\n\t\t\t\t\t<\/div>\n\t\t<\/div>\n\t\t\t\t<div class=\"elementor-column elementor-col-25 elementor-top-column elementor-element elementor-element-4718c59\" data-id=\"4718c59\" data-element_type=\"column\" data-e-type=\"column\">\n\t\t\t<div class=\"elementor-widget-wrap elementor-element-populated\">\n\t\t\t\t\t\t<div class=\"elementor-element elementor-element-7f792d8 elementor-widget elementor-widget-image\" data-id=\"7f792d8\" data-element_type=\"widget\" data-e-type=\"widget\" data-widget_type=\"image.default\">\n\t\t\t\t<div class=\"elementor-widget-container\">\n\t\t\t\t\t\t\t\t\t\t\t\t\t\t\t\t<a href=\"https:\/\/ljdesign.rs\/sr\/danijela-mitrovic-hair-stylist\/\">\n\t\t\t\t\t\t\t<img loading=\"lazy\" decoding=\"async\" width=\"1920\" height=\"1080\" src=\"https:\/\/ljdesign.rs\/wp-content\/uploads\/2024\/10\/danijela-mitrovic-01-1920x1080-1.jpg\" class=\"attachment-full size-full wp-image-4375\" alt=\"danijela-mitrovi\u0107-01\" srcset=\"https:\/\/ljdesign.rs\/wp-content\/uploads\/2024\/10\/danijela-mitrovic-01-1920x1080-1.jpg 1920w, https:\/\/ljdesign.rs\/wp-content\/uploads\/2024\/10\/danijela-mitrovic-01-1920x1080-1-300x169.jpg 300w, https:\/\/ljdesign.rs\/wp-content\/uploads\/2024\/10\/danijela-mitrovic-01-1920x1080-1-1024x576.jpg 1024w, https:\/\/ljdesign.rs\/wp-content\/uploads\/2024\/10\/danijela-mitrovic-01-1920x1080-1-768x432.jpg 768w, https:\/\/ljdesign.rs\/wp-content\/uploads\/2024\/10\/danijela-mitrovic-01-1920x1080-1-1536x864.jpg 1536w, https:\/\/ljdesign.rs\/wp-content\/uploads\/2024\/10\/danijela-mitrovic-01-1920x1080-1-18x10.jpg 18w, https:\/\/ljdesign.rs\/wp-content\/uploads\/2024\/10\/danijela-mitrovic-01-1920x1080-1-600x338.jpg 600w\" sizes=\"(max-width: 1920px) 100vw, 1920px\" \/>\t\t\t\t\t\t\t\t<\/a>\n\t\t\t\t\t\t\t\t\t\t\t\t\t\t\t<\/div>\n\t\t\t\t<\/div>\n\t\t\t\t<div class=\"elementor-element elementor-element-5c0718f elementor-widget elementor-widget-text-editor\" data-id=\"5c0718f\" data-element_type=\"widget\" data-e-type=\"widget\" data-widget_type=\"text-editor.default\">\n\t\t\t\t<div class=\"elementor-widget-container\">\n\t\t\t\t\t\t\t\t\t<h5>Danijela Mitrovi\u0107 frizerka<\/h5><h6>dizajn vizuelnog identiteta<\/h6>\t\t\t\t\t\t\t\t<\/div>\n\t\t\t\t<\/div>\n\t\t\t\t\t<\/div>\n\t\t<\/div>\n\t\t\t\t\t<\/div>\n\t\t<\/section>\n\t\t\t\t<\/div>","protected":false},"excerpt":{"rendered":"<p>Vukov bo\u017ei\u0107ni kutak redizajn vizuelnog identiteta i brendiranje Vanja. dizajn vizuelnog identiteta \u017divi.Radi.Voli. redizajn vizuelnog identiteta Samsung Galaxy Z Flip4 dizajn dodatka za telefon TalkIn&#8217; Serbian podkast redizajn vizuelnog identiteta Indijana Coffee Roaster dizajn vizuelnog identiteta i pakovanja Stefan tekstil redizajn vizuelnog identiteta i pakovanja Ivana Ble\u010di\u0107 kreativni edukator dizajn vizuelnog identiteta Stefan tekstil dizajn [&hellip;]<\/p>\n","protected":false},"author":1,"featured_media":3390,"parent":0,"menu_order":0,"comment_status":"closed","ping_status":"closed","template":"","meta":{"site-sidebar-layout":"no-sidebar","site-content-layout":"page-builder","ast-site-content-layout":"full-width-container","site-content-style":"unboxed","site-sidebar-style":"unboxed","ast-global-header-display":"","ast-banner-title-visibility":"","ast-main-header-display":"","ast-hfb-above-header-display":"","ast-hfb-below-header-display":"","ast-hfb-mobile-header-display":"","site-post-title":"disabled","ast-breadcrumbs-content":"","ast-featured-img":"disabled","footer-sml-layout":"","ast-disable-related-posts":"","theme-transparent-header-meta":"","adv-header-id-meta":"","stick-header-meta":"","header-above-stick-meta":"","header-main-stick-meta":"","header-below-stick-meta":"","astra-migrate-meta-layouts":"set","ast-page-background-enabled":"default","ast-page-background-meta":{"desktop":{"background-color":"var(--ast-global-color-4)","background-image":"","background-repeat":"repeat","background-position":"center center","background-size":"auto","background-attachment":"scroll","background-type":"","background-media":"","overlay-type":"","overlay-color":"","overlay-opacity":"","overlay-gradient":""},"tablet":{"background-color":"","background-image":"","background-repeat":"repeat","background-position":"center center","background-size":"auto","background-attachment":"scroll","background-type":"","background-media":"","overlay-type":"","overlay-color":"","overlay-opacity":"","overlay-gradient":""},"mobile":{"background-color":"","background-image":"","background-repeat":"repeat","background-position":"center center","background-size":"auto","background-attachment":"scroll","background-type":"","background-media":"","overlay-type":"","overlay-color":"","overlay-opacity":"","overlay-gradient":""}},"ast-content-background-meta":{"desktop":{"background-color":"var(--ast-global-color-5)","background-image":"","background-repeat":"repeat","background-position":"center center","background-size":"auto","background-attachment":"scroll","background-type":"","background-media":"","overlay-type":"","overlay-color":"","overlay-opacity":"","overlay-gradient":""},"tablet":{"background-color":"var(--ast-global-color-5)","background-image":"","background-repeat":"repeat","background-position":"center center","background-size":"auto","background-attachment":"scroll","background-type":"","background-media":"","overlay-type":"","overlay-color":"","overlay-opacity":"","overlay-gradient":""},"mobile":{"background-color":"var(--ast-global-color-5)","background-image":"","background-repeat":"repeat","background-position":"center center","background-size":"auto","background-attachment":"scroll","background-type":"","background-media":"","overlay-type":"","overlay-color":"","overlay-opacity":"","overlay-gradient":""}},"footnotes":""},"class_list":["post-1275","page","type-page","status-publish","has-post-thumbnail","hentry"],"_links":{"self":[{"href":"https:\/\/ljdesign.rs\/sr\/wp-json\/wp\/v2\/pages\/1275","targetHints":{"allow":["GET"]}}],"collection":[{"href":"https:\/\/ljdesign.rs\/sr\/wp-json\/wp\/v2\/pages"}],"about":[{"href":"https:\/\/ljdesign.rs\/sr\/wp-json\/wp\/v2\/types\/page"}],"author":[{"embeddable":true,"href":"https:\/\/ljdesign.rs\/sr\/wp-json\/wp\/v2\/users\/1"}],"replies":[{"embeddable":true,"href":"https:\/\/ljdesign.rs\/sr\/wp-json\/wp\/v2\/comments?post=1275"}],"version-history":[{"count":414,"href":"https:\/\/ljdesign.rs\/sr\/wp-json\/wp\/v2\/pages\/1275\/revisions"}],"predecessor-version":[{"id":4880,"href":"https:\/\/ljdesign.rs\/sr\/wp-json\/wp\/v2\/pages\/1275\/revisions\/4880"}],"wp:featuredmedia":[{"embeddable":true,"href":"https:\/\/ljdesign.rs\/sr\/wp-json\/wp\/v2\/media\/3390"}],"wp:attachment":[{"href":"https:\/\/ljdesign.rs\/sr\/wp-json\/wp\/v2\/media?parent=1275"}],"curies":[{"name":"wp","href":"https:\/\/api.w.org\/{rel}","templated":true}]}}